{"id":200614,"date":"2025-09-26T08:34:11","date_gmt":"2025-09-26T06:34:11","guid":{"rendered":"https:\/\/www.budream.com\/shop\/barneys-farm-ananas-en-morceaux-fem\/"},"modified":"2026-03-23T19:07:57","modified_gmt":"2026-03-23T17:07:57","slug":"barneys-farm-ananas-en-morceaux-fem","status":"publish","type":"product","link":"https:\/\/www.budream.com\/fr\/shop\/barneys-farm-ananas-en-morceaux-fem\/","title":{"rendered":"BARNEY&rsquo;S FARM &#8211; ANANAS EN MORCEAUX FEM"},"content":{"rendered":"<div style=\"text-align: justify\">PINEAPPLE CHUNK a \u00e9t\u00e9 cr\u00e9\u00e9e en croisant l&rsquo;ananas sucr\u00e9 de Barneys Farm avec la Cheese\/Skunk #1. Le r\u00e9sultat est une plante extr\u00eamement vigoureuse et stable, r\u00e9sistante \u00e0 la moisissure et aux maladies.<\/div>\n<p><\/p>\n<h2><strong>Caract\u00e9ristiques Pineapple Chunk Fem :<\/strong><\/h2>\n<ul style=\"list-style-type: disc\">\n<li><strong>Genre :<\/strong> F\u00e9minis\u00e9e<\/li>\n<li><strong>G\u00e9notype :<\/strong> 80% Indica \/ 20% Sativa<\/li>\n<li><strong>G\u00e9n\u00e9tique :<\/strong> Ananas x Skunk #1 x Cheese<\/li>\n<li><strong>Jours de floraison :<\/strong> 55 &#8211; 60 jours<\/li>\n<\/ul>\n<p><\/p>\n<div style=\"text-align: justify\"><span style=\"font-size: 11pt\"><em><strong>ATTENTION :<\/strong> Les graines de chanvre sont exclues de la notion l\u00e9gale de Cannabis, ce qui signifie qu&rsquo;elles ne doivent pas \u00eatre consid\u00e9r\u00e9es comme une substance stup\u00e9fiante (L. 412 de 1974, art. 1, alin\u00e9a 1, lettre B ; Convention unique sur les stup\u00e9fiants de New York de 1961 et tableau II du d\u00e9cret minist\u00e9riel 27\/7\/1992). En Italie, la culture du chanvre est interdite (articles 28 et 73 du d\u00e9cret pr\u00e9sidentiel 309\/90), sauf autorisation sp\u00e9ciale (article 17 du d\u00e9cret pr\u00e9sidentiel 309\/90). En l&rsquo;absence d&rsquo;autorisation, les semences ne peuvent \u00eatre utilis\u00e9es qu&rsquo;\u00e0 d&rsquo;autres fins (zootechniques, de collection, etc.). Les semences sont vendues sous r\u00e9serve qu&rsquo;elles ne soient pas utilis\u00e9es par des tiers en contradiction avec la loi.<\/em><\/span><\/div>\n","protected":false},"excerpt":{"rendered":"<p>PINEAPPLE CHUNK a \u00e9t\u00e9 cr\u00e9\u00e9e en croisant l&rsquo;ananas sucr\u00e9 de Barneys Farm avec la Cheese\/Skunk #1. Le r\u00e9sultat est une<\/p>\n","protected":false},"featured_media":149019,"comment_status":"open","ping_status":"closed","template":"","meta":[],"product_brand":[],"product_cat":[7951],"product_tag":[],"class_list":{"0":"post-200614","1":"product","2":"type-product","3":"status-publish","4":"has-post-thumbnail","6":"product_cat-magasin-de-graines","8":"first","9":"instock","10":"sale","11":"taxable","12":"shipping-taxable","13":"purchasable","14":"product-type-variable"},"aioseo_notices":[],"_links":{"self":[{"href":"https:\/\/www.budream.com\/fr\/wp-json\/wp\/v2\/product\/200614","targetHints":{"allow":["GET"]}}],"collection":[{"href":"https:\/\/www.budream.com\/fr\/wp-json\/wp\/v2\/product"}],"about":[{"href":"https:\/\/www.budream.com\/fr\/wp-json\/wp\/v2\/types\/product"}],"replies":[{"embeddable":true,"href":"https:\/\/www.budream.com\/fr\/wp-json\/wp\/v2\/comments?post=200614"}],"version-history":[{"count":0,"href":"https:\/\/www.budream.com\/fr\/wp-json\/wp\/v2\/product\/200614\/revisions"}],"wp:featuredmedia":[{"embeddable":true,"href":"https:\/\/www.budream.com\/fr\/wp-json\/wp\/v2\/media\/149019"}],"wp:attachment":[{"href":"https:\/\/www.budream.com\/fr\/wp-json\/wp\/v2\/media?parent=200614"}],"wp:term":[{"taxonomy":"product_brand","embeddable":true,"href":"https:\/\/www.budream.com\/fr\/wp-json\/wp\/v2\/product_brand?post=200614"},{"taxonomy":"product_cat","embeddable":true,"href":"https:\/\/www.budream.com\/fr\/wp-json\/wp\/v2\/product_cat?post=200614"},{"taxonomy":"product_tag","embeddable":true,"href":"https:\/\/www.budream.com\/fr\/wp-json\/wp\/v2\/product_tag?post=200614"}],"curies":[{"name":"wp","href":"https:\/\/api.w.org\/{rel}","templated":true}]}}