{"id":200864,"date":"2025-09-26T08:52:15","date_gmt":"2025-09-26T06:52:15","guid":{"rendered":"https:\/\/www.budream.com\/shop\/dutch-passion-shaman-fem\/"},"modified":"2025-12-22T14:05:04","modified_gmt":"2025-12-22T12:05:04","slug":"dutch-passion-shaman-fem","status":"publish","type":"product","link":"https:\/\/www.budream.com\/fr\/shop\/dutch-passion-shaman-fem\/","title":{"rendered":"DUTCH PASSION &#8211; SHAMAN FEM"},"content":{"rendered":"<p style=\"text-align: justify\">Shaman est une vari\u00e9t\u00e9 classique originale de Dutch Passion, qui fait partie de la collection depuis plusieurs d\u00e9cennies et qui est toujours tr\u00e8s populaire.<br \/>Elle est issue d&rsquo;un programme de s\u00e9lection dans lequel une skunk pr\u00e9coce a \u00e9t\u00e9 crois\u00e9e avec une vari\u00e9t\u00e9 violette tr\u00e8s color\u00e9e. Ce programme de s\u00e9lection a \u00e9t\u00e9 perfectionn\u00e9 lorsqu&rsquo;une vari\u00e9t\u00e9 d&rsquo;ext\u00e9rieur tr\u00e8s robuste a vu le jour.<br \/>Cet hybride F1 fiable est le r\u00e9sultat d&rsquo;un m\u00e2le Purple #1 exceptionnel et d&rsquo;une femelle Skunk. C&rsquo;est une vari\u00e9t\u00e9 \u00e0 dominance Sativa avec un petit pourcentage de g\u00e8nes Indica.<br \/>La Shaman a \u00e9t\u00e9 d\u00e9velopp\u00e9e \u00e0 l&rsquo;origine comme une graine ordinaire, mais elle est \u00e9galement disponible en graines f\u00e9minis\u00e9es.<\/p>\n<h2><strong>Caract\u00e9ristiques Shaman Fem :<\/strong><\/h2>\n<ul style=\"list-style-type: disc\">\n<li><strong>Genre :<\/strong> F\u00e9minis\u00e9e L<\/li>\n<li><strong>G\u00e9notype :<\/strong> Hybride \u00e0 dominance sativa<\/li>\n<li><strong>G\u00e9n\u00e9tique : <\/strong>Purple#1 X Skunk<\/li>\n<li><strong>Jours :<\/strong> 56<\/li>\n<\/ul>\n<p><\/p>\n<div style=\"text-align: justify\"><span style=\"font-size: 11pt\"><em><strong>ATTENTION :<\/strong> Les graines de chanvre sont exclues de la notion l\u00e9gale de Cannabis, ce qui signifie qu&rsquo;elles ne doivent pas \u00eatre consid\u00e9r\u00e9es comme une substance stup\u00e9fiante (L. 412 de 1974, Art. 1, virgule 1, lett. B ; Convention unique sur les stup\u00e9fiants de New York de 1961 et tableau II du d\u00e9cret minist\u00e9riel 27\/7\/1992). En Italie, la culture du chanvre est interdite (articles 28 et 73 du d\u00e9cret pr\u00e9sidentiel 309\/90), sauf autorisation sp\u00e9ciale (article 17 du d\u00e9cret pr\u00e9sidentiel 309\/90). En l&rsquo;absence d&rsquo;autorisation, les semences ne peuvent \u00eatre utilis\u00e9es qu&rsquo;\u00e0 d&rsquo;autres fins (zootechniques, de collection, etc.). Les semences sont vendues sous r\u00e9serve qu&rsquo;elles ne soient pas utilis\u00e9es par des tiers en contradiction avec la loi.<\/em><\/span><\/div>\n","protected":false},"excerpt":{"rendered":"<p>Shaman est une vari\u00e9t\u00e9 classique originale de Dutch Passion, qui fait partie de la collection depuis plusieurs d\u00e9cennies et qui<\/p>\n","protected":false},"featured_media":158708,"comment_status":"open","ping_status":"closed","template":"","meta":[],"product_brand":[],"product_cat":[7951],"product_tag":[],"class_list":{"0":"post-200864","1":"product","2":"type-product","3":"status-publish","4":"has-post-thumbnail","6":"product_cat-magasin-de-graines","8":"first","9":"instock","10":"sale","11":"taxable","12":"shipping-taxable","13":"purchasable","14":"product-type-variable"},"aioseo_notices":[],"_links":{"self":[{"href":"https:\/\/www.budream.com\/fr\/wp-json\/wp\/v2\/product\/200864","targetHints":{"allow":["GET"]}}],"collection":[{"href":"https:\/\/www.budream.com\/fr\/wp-json\/wp\/v2\/product"}],"about":[{"href":"https:\/\/www.budream.com\/fr\/wp-json\/wp\/v2\/types\/product"}],"replies":[{"embeddable":true,"href":"https:\/\/www.budream.com\/fr\/wp-json\/wp\/v2\/comments?post=200864"}],"version-history":[{"count":0,"href":"https:\/\/www.budream.com\/fr\/wp-json\/wp\/v2\/product\/200864\/revisions"}],"wp:featuredmedia":[{"embeddable":true,"href":"https:\/\/www.budream.com\/fr\/wp-json\/wp\/v2\/media\/158708"}],"wp:attachment":[{"href":"https:\/\/www.budream.com\/fr\/wp-json\/wp\/v2\/media?parent=200864"}],"wp:term":[{"taxonomy":"product_brand","embeddable":true,"href":"https:\/\/www.budream.com\/fr\/wp-json\/wp\/v2\/product_brand?post=200864"},{"taxonomy":"product_cat","embeddable":true,"href":"https:\/\/www.budream.com\/fr\/wp-json\/wp\/v2\/product_cat?post=200864"},{"taxonomy":"product_tag","embeddable":true,"href":"https:\/\/www.budream.com\/fr\/wp-json\/wp\/v2\/product_tag?post=200864"}],"curies":[{"name":"wp","href":"https:\/\/api.w.org\/{rel}","templated":true}]}}