{"id":200924,"date":"2025-09-26T08:58:41","date_gmt":"2025-09-26T06:58:41","guid":{"rendered":"https:\/\/www.budream.com\/shop\/dutch-passion-jorges-diamond1-fem\/"},"modified":"2026-03-23T20:02:29","modified_gmt":"2026-03-23T18:02:29","slug":"dutch-passion-jorges-diamond1-fem","status":"publish","type":"product","link":"https:\/\/www.budream.com\/fr\/shop\/dutch-passion-jorges-diamond1-fem\/","title":{"rendered":"DUTCH PASSION &#8211; JORGE&rsquo;S DIAMOND#1 FEM"},"content":{"rendered":"<div style=\"text-align: justify\">La collaboration avec l&rsquo;un des cultivateurs les plus r\u00e9put\u00e9s a donn\u00e9 naissance \u00e0 une vari\u00e9t\u00e9 tueuse, un adjectif qui d\u00e9crit parfaitement la Jorge&rsquo;s Diamonds 1. Bien que la g\u00e9n\u00e9tique pr\u00e9cise soit gard\u00e9e secr\u00e8te, nous pouvons dire qu&rsquo;il s&rsquo;agit d&rsquo;une plante principalement Indica, enrichie d&rsquo;un soup\u00e7on de Sativa.<\/div>\n<p><\/p>\n<h2><strong>Caract\u00e9ristiques Jorge&rsquo;s Diamond#1 Fem :<\/strong><\/h2>\n<ul style=\"list-style-type: disc\">\n<li><strong>Genre :<\/strong> XL f\u00e9minis\u00e9e<\/li>\n<li><strong>G\u00e9notype :<\/strong> Hybride \u00e0 dominante Indica<\/li>\n<li><strong>G\u00e9n\u00e9tique<\/strong>: Inconnue<\/li>\n<li><strong>Jours :<\/strong> 56 &#8211; 63<\/li>\n<\/ul>\n<p><\/p>\n<div style=\"text-align: justify\"><span style=\"font-size: 11pt\"><em><strong>ATTENTION :<\/strong> Les graines de chanvre sont exclues de la notion l\u00e9gale de Cannabis, ce qui signifie qu&rsquo;elles ne doivent pas \u00eatre consid\u00e9r\u00e9es comme une substance stup\u00e9fiante (L. 412 de 1974, Art. 1, paragraphe 1, lett. B ; Convention unique sur les stup\u00e9fiants de New York de 1961 et tableau II du d\u00e9cret minist\u00e9riel 27\/7\/1992). En Italie, la culture du chanvre est interdite (articles 28 et 73 du d\u00e9cret pr\u00e9sidentiel 309\/90), sauf autorisation sp\u00e9ciale (article 17 du d\u00e9cret pr\u00e9sidentiel 309\/90). En l&rsquo;absence d&rsquo;autorisation, les semences ne peuvent \u00eatre utilis\u00e9es qu&rsquo;\u00e0 d&rsquo;autres fins (zootechniques, de collection, etc.). Les semences sont vendues sous r\u00e9serve qu&rsquo;elles ne soient pas utilis\u00e9es par des tiers en contradiction avec la loi.<\/em><\/span><\/div>\n","protected":false},"excerpt":{"rendered":"<p>La collaboration avec l&rsquo;un des cultivateurs les plus r\u00e9put\u00e9s a donn\u00e9 naissance \u00e0 une vari\u00e9t\u00e9 tueuse, un adjectif qui d\u00e9crit<\/p>\n","protected":false},"featured_media":136609,"comment_status":"open","ping_status":"closed","template":"","meta":[],"product_brand":[],"product_cat":[7951],"product_tag":[],"class_list":{"0":"post-200924","1":"product","2":"type-product","3":"status-publish","4":"has-post-thumbnail","6":"product_cat-magasin-de-graines","8":"first","9":"instock","10":"sale","11":"taxable","12":"shipping-taxable","13":"purchasable","14":"product-type-variable"},"_links":{"self":[{"href":"https:\/\/www.budream.com\/fr\/wp-json\/wp\/v2\/product\/200924","targetHints":{"allow":["GET"]}}],"collection":[{"href":"https:\/\/www.budream.com\/fr\/wp-json\/wp\/v2\/product"}],"about":[{"href":"https:\/\/www.budream.com\/fr\/wp-json\/wp\/v2\/types\/product"}],"replies":[{"embeddable":true,"href":"https:\/\/www.budream.com\/fr\/wp-json\/wp\/v2\/comments?post=200924"}],"version-history":[{"count":0,"href":"https:\/\/www.budream.com\/fr\/wp-json\/wp\/v2\/product\/200924\/revisions"}],"wp:featuredmedia":[{"embeddable":true,"href":"https:\/\/www.budream.com\/fr\/wp-json\/wp\/v2\/media\/136609"}],"wp:attachment":[{"href":"https:\/\/www.budream.com\/fr\/wp-json\/wp\/v2\/media?parent=200924"}],"wp:term":[{"taxonomy":"product_brand","embeddable":true,"href":"https:\/\/www.budream.com\/fr\/wp-json\/wp\/v2\/product_brand?post=200924"},{"taxonomy":"product_cat","embeddable":true,"href":"https:\/\/www.budream.com\/fr\/wp-json\/wp\/v2\/product_cat?post=200924"},{"taxonomy":"product_tag","embeddable":true,"href":"https:\/\/www.budream.com\/fr\/wp-json\/wp\/v2\/product_tag?post=200924"}],"curies":[{"name":"wp","href":"https:\/\/api.w.org\/{rel}","templated":true}]}}