{"id":200944,"date":"2025-09-26T08:59:46","date_gmt":"2025-09-26T06:59:46","guid":{"rendered":"https:\/\/www.budream.com\/shop\/dutch-passion-fem-euphoria\/"},"modified":"2026-02-26T14:39:10","modified_gmt":"2026-02-26T12:39:10","slug":"dutch-passion-fem-euphoria","status":"publish","type":"product","link":"https:\/\/www.budream.com\/fr\/shop\/dutch-passion-fem-euphoria\/","title":{"rendered":"DUTCH PASSION &#8211; FEM EUPHORIA"},"content":{"rendered":"<div style=\"text-align: justify\">Euforia&reg; est une vari\u00e9t\u00e9 \u00e0 dominante sativa d\u00e9couverte dans les ann\u00e9es 1990 dans le cadre d&rsquo;un programme de s\u00e9lection de skunk.<\/div>\n<div style=\"text-align: justify\">Il s&rsquo;agit v\u00e9ritablement d&rsquo;une belle s\u00e9lection de skunk, d\u00e9velopp\u00e9e en 1996, \u00e0 partir de laquelle sont apparues plus tard la Skunk #1, l&rsquo;Orange Bud et la Skunk #11.<\/div>\n<p><\/p>\n<h2><strong>Caract\u00e9ristiques Euphoria Fem :<\/strong><\/h2>\n<ul style=\"list-style-type: disc\">\n<li><strong>Genre :<\/strong> XL f\u00e9minis\u00e9e<\/li>\n<li><strong>G\u00e9notype :<\/strong> Hybride majoritairement Sativa<\/li>\n<li><strong>G\u00e9n\u00e9tique :<\/strong> Euphoria Skunk<\/li>\n<li><strong>Jours :<\/strong> 56<\/li>\n<\/ul>\n<p><\/p>\n<div style=\"text-align: justify\"><span style=\"font-size: 11pt\"><em><strong>ATTENTION :<\/strong> Les graines de chanvre sont exclues de la notion l\u00e9gale de Cannabis, ce qui signifie qu&rsquo;elles ne doivent pas \u00eatre consid\u00e9r\u00e9es comme une substance stup\u00e9fiante (L. 412 de 1974, Art. 1, virgule 1, lett. B ; Convention unique sur les stup\u00e9fiants de New York de 1961 et tableau II du d\u00e9cret minist\u00e9riel 27\/7\/1992). En Italie, la culture du chanvre est interdite (articles 28 et 73 du d\u00e9cret pr\u00e9sidentiel 309\/90), sauf autorisation sp\u00e9ciale (article 17 du d\u00e9cret pr\u00e9sidentiel 309\/90). En l&rsquo;absence d&rsquo;autorisation, les semences ne peuvent \u00eatre utilis\u00e9es qu&rsquo;\u00e0 d&rsquo;autres fins (zootechniques, de collection, etc.). Les semences sont vendues sous r\u00e9serve qu&rsquo;elles ne soient pas utilis\u00e9es par des tiers en contradiction avec la loi.<\/em><\/span><\/div>\n","protected":false},"excerpt":{"rendered":"<p>Euforia&reg; est une vari\u00e9t\u00e9 \u00e0 dominante sativa d\u00e9couverte dans les ann\u00e9es 1990 dans le cadre d&rsquo;un programme de s\u00e9lection de<\/p>\n","protected":false},"featured_media":126632,"comment_status":"open","ping_status":"closed","template":"","meta":[],"product_brand":[],"product_cat":[7951],"product_tag":[],"class_list":{"0":"post-200944","1":"product","2":"type-product","3":"status-publish","4":"has-post-thumbnail","6":"product_cat-magasin-de-graines","8":"first","9":"instock","10":"sale","11":"taxable","12":"shipping-taxable","13":"purchasable","14":"product-type-variable"},"_links":{"self":[{"href":"https:\/\/www.budream.com\/fr\/wp-json\/wp\/v2\/product\/200944","targetHints":{"allow":["GET"]}}],"collection":[{"href":"https:\/\/www.budream.com\/fr\/wp-json\/wp\/v2\/product"}],"about":[{"href":"https:\/\/www.budream.com\/fr\/wp-json\/wp\/v2\/types\/product"}],"replies":[{"embeddable":true,"href":"https:\/\/www.budream.com\/fr\/wp-json\/wp\/v2\/comments?post=200944"}],"version-history":[{"count":0,"href":"https:\/\/www.budream.com\/fr\/wp-json\/wp\/v2\/product\/200944\/revisions"}],"wp:featuredmedia":[{"embeddable":true,"href":"https:\/\/www.budream.com\/fr\/wp-json\/wp\/v2\/media\/126632"}],"wp:attachment":[{"href":"https:\/\/www.budream.com\/fr\/wp-json\/wp\/v2\/media?parent=200944"}],"wp:term":[{"taxonomy":"product_brand","embeddable":true,"href":"https:\/\/www.budream.com\/fr\/wp-json\/wp\/v2\/product_brand?post=200944"},{"taxonomy":"product_cat","embeddable":true,"href":"https:\/\/www.budream.com\/fr\/wp-json\/wp\/v2\/product_cat?post=200944"},{"taxonomy":"product_tag","embeddable":true,"href":"https:\/\/www.budream.com\/fr\/wp-json\/wp\/v2\/product_tag?post=200944"}],"curies":[{"name":"wp","href":"https:\/\/api.w.org\/{rel}","templated":true}]}}