{"id":200974,"date":"2025-09-26T09:02:41","date_gmt":"2025-09-26T07:02:41","guid":{"rendered":"https:\/\/www.budream.com\/shop\/dutch-passion-the-ultimate-fem\/"},"modified":"2026-04-07T15:47:30","modified_gmt":"2026-04-07T13:47:30","slug":"dutch-passion-the-ultimate-fem","status":"publish","type":"product","link":"https:\/\/www.budream.com\/fr\/shop\/dutch-passion-the-ultimate-fem\/","title":{"rendered":"DUTCH PASSION &#8211; THE ULTIMATE FEM"},"content":{"rendered":"<div style=\"text-align: justify\">Gr\u00e2ce \u00e0 une s\u00e9lection minutieuse, nous avons d\u00e9velopp\u00e9 l&rsquo;une de nos meilleures vari\u00e9t\u00e9s. Nous l&rsquo;avons appel\u00e9e \u00ab\u00a0The Ultimate\u00a0\u00bb. Les souches parentales d&rsquo;origine sont rest\u00e9es secr\u00e8tes car nous voulions que The Ultimate soit reconnue comme une vari\u00e9t\u00e9 \u00e0 part enti\u00e8re. Peu de vari\u00e9t\u00e9s peuvent rivaliser avec cette vari\u00e9t\u00e9 de cannabis classique de Dutch Passion !<\/div>\n<p><\/p>\n<h2><strong>Caract\u00e9ristiques The Ultimate Fem :<\/strong><\/h2>\n<ul style=\"list-style-type: disc\">\n<li><strong>Genre :<\/strong> XXL F\u00e9minis\u00e9e<\/li>\n<li><strong>G\u00e9notype :<\/strong> Hybride Indica\/Sativa<\/li>\n<li><strong>G\u00e9n\u00e9tique :<\/strong> Original The Ultimate<\/li>\n<li><strong>Jours :<\/strong> 63<\/li>\n<\/ul>\n<p><\/p>\n<div style=\"text-align: justify\"><span style=\"font-size: 11pt\"><em><strong>ATTENTION :<\/strong> Les graines de chanvre sont exclues de la notion l\u00e9gale de Cannabis, ce qui signifie qu&rsquo;elles ne doivent pas \u00eatre consid\u00e9r\u00e9es comme une substance stup\u00e9fiante (L. 412 de 1974, art. 1, paragraphe 1, lettre B ; Convention unique sur les stup\u00e9fiants de New York de 1961 et tableau II du d\u00e9cret minist\u00e9riel 27\/7\/1992). En Italie, la culture du chanvre est interdite (articles 28 et 73 du d\u00e9cret pr\u00e9sidentiel 309\/90), sauf autorisation sp\u00e9ciale (article 17 du d\u00e9cret pr\u00e9sidentiel 309\/90). En l&rsquo;absence d&rsquo;autorisation, les semences ne peuvent \u00eatre utilis\u00e9es qu&rsquo;\u00e0 d&rsquo;autres fins (zootechniques, de collection, etc.). Les semences sont vendues sous r\u00e9serve qu&rsquo;elles ne soient pas utilis\u00e9es par des tiers en contradiction avec la loi.<\/em><\/span><\/div>\n","protected":false},"excerpt":{"rendered":"<p>Gr\u00e2ce \u00e0 une s\u00e9lection minutieuse, nous avons d\u00e9velopp\u00e9 l&rsquo;une de nos meilleures vari\u00e9t\u00e9s. Nous l&rsquo;avons appel\u00e9e \u00ab\u00a0The Ultimate\u00a0\u00bb. Les souches<\/p>\n","protected":false},"featured_media":158813,"comment_status":"open","ping_status":"closed","template":"","meta":[],"product_brand":[],"product_cat":[7951],"product_tag":[],"class_list":{"0":"post-200974","1":"product","2":"type-product","3":"status-publish","4":"has-post-thumbnail","6":"product_cat-magasin-de-graines","8":"first","9":"instock","10":"sale","11":"taxable","12":"shipping-taxable","13":"purchasable","14":"product-type-variable"},"aioseo_notices":[],"_links":{"self":[{"href":"https:\/\/www.budream.com\/fr\/wp-json\/wp\/v2\/product\/200974","targetHints":{"allow":["GET"]}}],"collection":[{"href":"https:\/\/www.budream.com\/fr\/wp-json\/wp\/v2\/product"}],"about":[{"href":"https:\/\/www.budream.com\/fr\/wp-json\/wp\/v2\/types\/product"}],"replies":[{"embeddable":true,"href":"https:\/\/www.budream.com\/fr\/wp-json\/wp\/v2\/comments?post=200974"}],"version-history":[{"count":1,"href":"https:\/\/www.budream.com\/fr\/wp-json\/wp\/v2\/product\/200974\/revisions"}],"predecessor-version":[{"id":262286,"href":"https:\/\/www.budream.com\/fr\/wp-json\/wp\/v2\/product\/200974\/revisions\/262286"}],"wp:featuredmedia":[{"embeddable":true,"href":"https:\/\/www.budream.com\/fr\/wp-json\/wp\/v2\/media\/158813"}],"wp:attachment":[{"href":"https:\/\/www.budream.com\/fr\/wp-json\/wp\/v2\/media?parent=200974"}],"wp:term":[{"taxonomy":"product_brand","embeddable":true,"href":"https:\/\/www.budream.com\/fr\/wp-json\/wp\/v2\/product_brand?post=200974"},{"taxonomy":"product_cat","embeddable":true,"href":"https:\/\/www.budream.com\/fr\/wp-json\/wp\/v2\/product_cat?post=200974"},{"taxonomy":"product_tag","embeddable":true,"href":"https:\/\/www.budream.com\/fr\/wp-json\/wp\/v2\/product_tag?post=200974"}],"curies":[{"name":"wp","href":"https:\/\/api.w.org\/{rel}","templated":true}]}}