{"id":201035,"date":"2025-09-26T09:07:52","date_gmt":"2025-09-26T07:07:52","guid":{"rendered":"https:\/\/www.budream.com\/shop\/dutch-passion-power-plant-fem\/"},"modified":"2026-03-18T00:18:44","modified_gmt":"2026-03-17T22:18:44","slug":"dutch-passion-power-plant-fem","status":"publish","type":"product","link":"https:\/\/www.budream.com\/fr\/shop\/dutch-passion-power-plant-fem\/","title":{"rendered":"DUTCH PASSION &#8211; POWER PLANT FEM"},"content":{"rendered":"<div style=\"text-align: justify\">La Power Plant est, avec la White Widow, l&rsquo;une des vari\u00e9t\u00e9s les plus connues de Dutch Passion. Introduite en 1997, elle s&rsquo;est rapidement d\u00e9velopp\u00e9e pour devenir l&rsquo;une des vari\u00e9t\u00e9s incontournables. Les g\u00e8nes de cette vari\u00e9t\u00e9 proviennent d&rsquo;Afrique du Sud, sont tr\u00e8s stables et ont un \u00e9norme potentiel. Notre Power Plant originale n&rsquo;a jamais \u00e9t\u00e9 hybrid\u00e9e, elle a seulement \u00e9t\u00e9 crois\u00e9e et n&rsquo;est disponible que chez Dutch Passion. Un classique original de Dutch Passion.<\/div>\n<p><\/p>\n<h2><strong>Caract\u00e9ristiques Power Plant Fem :<\/strong><\/h2>\n<ul style=\"list-style-type: disc\">\n<li><strong>Genre :<\/strong> XXL F\u00e9minis\u00e9e<\/li>\n<li><strong>G\u00e9notype :<\/strong> Hybride principalement Sativa<\/li>\n<li><strong>G\u00e9n\u00e9tique :<\/strong> Original South African Power Plant<\/li>\n<li><strong>Jours :<\/strong> 56<\/li>\n<\/ul>\n<p><\/p>\n<div style=\"text-align: justify\"><span style=\"font-size: 11pt\"><em><strong>ATTENTION :<\/strong> Les graines de chanvre sont exclues de la notion l\u00e9gale de Cannabis, ce qui signifie qu&rsquo;elles ne doivent pas \u00eatre consid\u00e9r\u00e9es comme une substance stup\u00e9fiante (L. 412 de 1974, Art. 1, paragraphe 1, lett. B ; Convention unique sur les stup\u00e9fiants de New York de 1961 et tableau II du d\u00e9cret minist\u00e9riel 27\/7\/1992). En Italie, la culture du chanvre est interdite (articles 28 et 73 du d\u00e9cret pr\u00e9sidentiel 309\/90), sauf autorisation sp\u00e9ciale (article 17 du d\u00e9cret pr\u00e9sidentiel 309\/90). En l&rsquo;absence d&rsquo;autorisation, les semences ne peuvent \u00eatre utilis\u00e9es qu&rsquo;\u00e0 d&rsquo;autres fins (zootechniques, de collection, etc.). Les semences sont vendues sous r\u00e9serve qu&rsquo;elles ne soient pas utilis\u00e9es par des tiers en contradiction avec la loi.<\/em><\/span><\/div>\n","protected":false},"excerpt":{"rendered":"<p>La Power Plant est, avec la White Widow, l&rsquo;une des vari\u00e9t\u00e9s les plus connues de Dutch Passion. Introduite en 1997,<\/p>\n","protected":false},"featured_media":126652,"comment_status":"open","ping_status":"closed","template":"","meta":[],"product_brand":[],"product_cat":[7951],"product_tag":[],"class_list":{"0":"post-201035","1":"product","2":"type-product","3":"status-publish","4":"has-post-thumbnail","6":"product_cat-magasin-de-graines","8":"first","9":"instock","10":"sale","11":"taxable","12":"shipping-taxable","13":"purchasable","14":"product-type-variable"},"aioseo_notices":[],"_links":{"self":[{"href":"https:\/\/www.budream.com\/fr\/wp-json\/wp\/v2\/product\/201035","targetHints":{"allow":["GET"]}}],"collection":[{"href":"https:\/\/www.budream.com\/fr\/wp-json\/wp\/v2\/product"}],"about":[{"href":"https:\/\/www.budream.com\/fr\/wp-json\/wp\/v2\/types\/product"}],"replies":[{"embeddable":true,"href":"https:\/\/www.budream.com\/fr\/wp-json\/wp\/v2\/comments?post=201035"}],"version-history":[{"count":0,"href":"https:\/\/www.budream.com\/fr\/wp-json\/wp\/v2\/product\/201035\/revisions"}],"wp:featuredmedia":[{"embeddable":true,"href":"https:\/\/www.budream.com\/fr\/wp-json\/wp\/v2\/media\/126652"}],"wp:attachment":[{"href":"https:\/\/www.budream.com\/fr\/wp-json\/wp\/v2\/media?parent=201035"}],"wp:term":[{"taxonomy":"product_brand","embeddable":true,"href":"https:\/\/www.budream.com\/fr\/wp-json\/wp\/v2\/product_brand?post=201035"},{"taxonomy":"product_cat","embeddable":true,"href":"https:\/\/www.budream.com\/fr\/wp-json\/wp\/v2\/product_cat?post=201035"},{"taxonomy":"product_tag","embeddable":true,"href":"https:\/\/www.budream.com\/fr\/wp-json\/wp\/v2\/product_tag?post=201035"}],"curies":[{"name":"wp","href":"https:\/\/api.w.org\/{rel}","templated":true}]}}