{"id":201383,"date":"2025-09-30T15:56:11","date_gmt":"2025-09-30T13:56:11","guid":{"rendered":"https:\/\/www.budream.com\/?post_type=product&#038;p=201383"},"modified":"2026-03-10T16:16:43","modified_gmt":"2026-03-10T14:16:43","slug":"storzbickel-veazy-vaporisateur-portable","status":"publish","type":"product","link":"https:\/\/www.budream.com\/fr\/shop\/storzbickel-veazy-vaporisateur-portable\/","title":{"rendered":"STORZ&amp;BICKEL &#8211; VEAZY | NOIR | VAPORISATEUR PORTABLE"},"content":{"rendered":"<p>Veazy est le vaporisateur portable compact et color\u00e9 d\u00e9velopp\u00e9 par Storz &amp; Bickel, con\u00e7u pour offrir de hautes performances dans un petit format. Con\u00e7u avec le souci du d\u00e9tail, il combine le chauffage hybride (convection + conduction) et le contr\u00f4le des applications pour garantir une exp\u00e9rience \u00e9quilibr\u00e9e entre puissance et polyvalence.<\/p>\n<h2><span style=\"text-decoration: underline\">Technologie et fonctionnalit\u00e9 Veazy avanc\u00e9es<\/span><\/h2>\n<p>Le syst\u00e8me de chauffage brevet\u00e9 exploite la combinaison de la chaleur et du flux d&rsquo;air contr\u00f4l\u00e9, permettant des extractions pr\u00e9cises et savoureuses d\u00e8s la premi\u00e8re aspiration. La conception optimise le flux d&rsquo;air pour offrir un \u00e9coulement fluide, avec des performances qui maintiennent une faible tra\u00een\u00e9e.<\/p>\n<p>Le temps de chauffe est estim\u00e9 \u00e0 environ 40-45 secondes pour atteindre 180 \u00b0C. L&rsquo;appareil fonctionne \u00e0 l&rsquo;aide d&rsquo;un bouton \u00ab\u00a0one-click\u00a0\u00bb qui active la temp\u00e9rature de base d&rsquo;un simple clic ; un double-clic active les modes Booster et Superbooster (chacun +15 \u00b0C). L&rsquo;appareil est aliment\u00e9 par une batterie lithium-ion qui peut \u00eatre recharg\u00e9e via USB-C.<\/p>\n<h2><span style=\"text-decoration: underline\">Caract\u00e9ristiques techniques de Veazy<\/span><\/h2>\n<ul style=\"list-style-type: disc\">\n<li>Syst\u00e8me de chauffage : hybride (conduction + convection)<\/li>\n<li>Plage de temp\u00e9rature : 40 &#8211; 210 \u00b0C<\/li>\n<li>Modes pr\u00e9r\u00e9gl\u00e9s : temp\u00e9rature de base de 180 \u00b0C + Booster \/ Superbooster (+15 \u00b0C chacun)<\/li>\n<li>D\u00e9bit d&rsquo;air maximal : \u2248 10 L\/min<\/li>\n<li>Temps de pr\u00e9chauffage : ~40-45 secondes<\/li>\n<li>Batterie : Li-ion rechargeable (USB-C), pas de fonction pass-through<\/li>\n<li>Autonomie estim\u00e9e : ~5-7 sessions par charge compl\u00e8te<\/li>\n<li>Capacit\u00e9 de la chambre : ~1,4 cm\u00b3 (rev\u00eatement c\u00e9ramique)<\/li>\n<li>Dimensions : 3,7 \u00d7 13,4 \u00d7 3,5 cm<\/li>\n<li>Poids : environ 134 g<\/li>\n<li>Mat\u00e9riaux : PEEK m\u00e9dical, chambre en c\u00e9ramique, composants certifi\u00e9s UL 8139<\/li>\n<li>Couleurs disponibles : Noir s\u00e9duisant, Rose charmant, Bleu dynamique, Orange inspirant<\/li>\n<li>Garantie : 2 ans du fabricant<\/li>\n<\/ul>\n<h2><span style=\"text-decoration: underline\">Comparaison Venty vs Veazy<\/span><\/h2>\n<p>Le vaporisateur Veazy est con\u00e7u pour \u00eatre plus compact et plus abordable, tout en conservant le syst\u00e8me de chauffage hybride et la connexion Web App. Bien qu&rsquo;il offre une capacit\u00e9 de d\u00e9bit d&rsquo;air et une port\u00e9e moindres que le Venty, le Veazy se concentre sur la facilit\u00e9 d&rsquo;utilisation, la portabilit\u00e9 et la qualit\u00e9 de la vapeur dans un format plus l\u00e9ger et plus facile \u00e0 transporter.<\/p>\n","protected":false},"excerpt":{"rendered":"<p>Veazy est le vaporisateur portable compact et color\u00e9 d\u00e9velopp\u00e9 par Storz &amp; Bickel, con\u00e7u pour offrir de hautes performances dans<\/p>\n","protected":false},"featured_media":201388,"comment_status":"open","ping_status":"closed","template":"","meta":[],"product_brand":[],"product_cat":[7910],"product_tag":[],"class_list":{"0":"post-201383","1":"product","2":"type-product","3":"status-publish","4":"has-post-thumbnail","6":"product_cat-vaporisateurs","8":"first","9":"instock","10":"taxable","11":"shipping-taxable","12":"purchasable","13":"product-type-simple"},"aioseo_notices":[],"_links":{"self":[{"href":"https:\/\/www.budream.com\/fr\/wp-json\/wp\/v2\/product\/201383","targetHints":{"allow":["GET"]}}],"collection":[{"href":"https:\/\/www.budream.com\/fr\/wp-json\/wp\/v2\/product"}],"about":[{"href":"https:\/\/www.budream.com\/fr\/wp-json\/wp\/v2\/types\/product"}],"replies":[{"embeddable":true,"href":"https:\/\/www.budream.com\/fr\/wp-json\/wp\/v2\/comments?post=201383"}],"version-history":[{"count":0,"href":"https:\/\/www.budream.com\/fr\/wp-json\/wp\/v2\/product\/201383\/revisions"}],"wp:featuredmedia":[{"embeddable":true,"href":"https:\/\/www.budream.com\/fr\/wp-json\/wp\/v2\/media\/201388"}],"wp:attachment":[{"href":"https:\/\/www.budream.com\/fr\/wp-json\/wp\/v2\/media?parent=201383"}],"wp:term":[{"taxonomy":"product_brand","embeddable":true,"href":"https:\/\/www.budream.com\/fr\/wp-json\/wp\/v2\/product_brand?post=201383"},{"taxonomy":"product_cat","embeddable":true,"href":"https:\/\/www.budream.com\/fr\/wp-json\/wp\/v2\/product_cat?post=201383"},{"taxonomy":"product_tag","embeddable":true,"href":"https:\/\/www.budream.com\/fr\/wp-json\/wp\/v2\/product_tag?post=201383"}],"curies":[{"name":"wp","href":"https:\/\/api.w.org\/{rel}","templated":true}]}}