{"id":201914,"date":"2025-10-06T10:58:15","date_gmt":"2025-10-06T08:58:15","guid":{"rendered":"https:\/\/www.budream.com\/shop\/marque-blanche-chemberries-fem\/"},"modified":"2025-12-04T15:36:57","modified_gmt":"2025-12-04T13:36:57","slug":"marque-blanche-chemberries-fem","status":"publish","type":"product","link":"https:\/\/www.budream.com\/fr\/shop\/marque-blanche-chemberries-fem\/","title":{"rendered":"MARQUE BLANCHE &#8211; CHEMBERRIES FEM"},"content":{"rendered":"<div style=\"text-align: justify\">Chemberries Feminised est un hybride 60% sativa et 40% indica cr\u00e9\u00e9 par la filiale de Sensi, White Label Seeds, en croisant Chemdawg et Caribbean Strawberry. En combinant la Chemdawg, bien \u00e9quilibr\u00e9e et appr\u00e9ci\u00e9e, avec des g\u00e9n\u00e9tiques \u00e0 dominante sativa, White Label a pu cr\u00e9er une vari\u00e9t\u00e9 vraiment \u00e9tonnante qui relance un classique sous une forme compl\u00e8tement nouvelle.<\/div>\n<p><\/p>\n<h2><strong>Caract\u00e9ristiques : Chemberries Fem :<\/strong><\/h2>\n<ul style=\"list-style-type: disc\">\n<li><strong>Genre :<\/strong> F\u00e9minis\u00e9e<\/li>\n<li><strong>G\u00e9notype :<\/strong> Hybride 40% Indica \/ 60% Sativa<\/li>\n<li><strong>G\u00e9n\u00e9tique<\/strong>: Chernobyl x Blue Dream<\/li>\n<li><strong>Jours de floraison :<\/strong> 65-70 jours<\/li>\n<\/ul>\n<p><\/p>\n<div style=\"text-align: justify\"><span style=\"font-size: 11pt\"><em><strong>ATTENTION :<\/strong> Les graines de chanvre sont exclues de la notion l\u00e9gale de Cannabis, ce qui signifie qu&rsquo;elles ne doivent pas \u00eatre consid\u00e9r\u00e9es comme une substance stup\u00e9fiante (L. 412 de 1974, Art. 1, paragraphe 1, lettre B ; Convention unique sur les stup\u00e9fiants de New York de 1961 et tableau II du d\u00e9cret minist\u00e9riel 27\/7\/1992). En Italie, la culture du chanvre est interdite (articles 28 et 73 du d\u00e9cret pr\u00e9sidentiel 309\/90), sauf autorisation sp\u00e9ciale (article 17 du d\u00e9cret pr\u00e9sidentiel 309\/90). En l&rsquo;absence d&rsquo;autorisation, les semences ne peuvent \u00eatre utilis\u00e9es qu&rsquo;\u00e0 d&rsquo;autres fins (zootechniques, de collection, etc.). Les semences sont vendues sous r\u00e9serve qu&rsquo;elles ne soient pas utilis\u00e9es par des tiers en contradiction avec la loi.<\/em><\/span><\/div>\n","protected":false},"excerpt":{"rendered":"<p>Chemberries Feminised est un hybride 60% sativa et 40% indica cr\u00e9\u00e9 par la filiale de Sensi, White Label Seeds, en<\/p>\n","protected":false},"featured_media":213982,"comment_status":"open","ping_status":"closed","template":"","meta":[],"product_brand":[],"product_cat":[7951],"product_tag":[],"class_list":{"0":"post-201914","1":"product","2":"type-product","3":"status-publish","4":"has-post-thumbnail","6":"product_cat-magasin-de-graines","8":"first","9":"instock","10":"sale","11":"taxable","12":"shipping-taxable","13":"purchasable","14":"product-type-variable"},"aioseo_notices":[],"_links":{"self":[{"href":"https:\/\/www.budream.com\/fr\/wp-json\/wp\/v2\/product\/201914","targetHints":{"allow":["GET"]}}],"collection":[{"href":"https:\/\/www.budream.com\/fr\/wp-json\/wp\/v2\/product"}],"about":[{"href":"https:\/\/www.budream.com\/fr\/wp-json\/wp\/v2\/types\/product"}],"replies":[{"embeddable":true,"href":"https:\/\/www.budream.com\/fr\/wp-json\/wp\/v2\/comments?post=201914"}],"version-history":[{"count":0,"href":"https:\/\/www.budream.com\/fr\/wp-json\/wp\/v2\/product\/201914\/revisions"}],"wp:featuredmedia":[{"embeddable":true,"href":"https:\/\/www.budream.com\/fr\/wp-json\/wp\/v2\/media\/213982"}],"wp:attachment":[{"href":"https:\/\/www.budream.com\/fr\/wp-json\/wp\/v2\/media?parent=201914"}],"wp:term":[{"taxonomy":"product_brand","embeddable":true,"href":"https:\/\/www.budream.com\/fr\/wp-json\/wp\/v2\/product_brand?post=201914"},{"taxonomy":"product_cat","embeddable":true,"href":"https:\/\/www.budream.com\/fr\/wp-json\/wp\/v2\/product_cat?post=201914"},{"taxonomy":"product_tag","embeddable":true,"href":"https:\/\/www.budream.com\/fr\/wp-json\/wp\/v2\/product_tag?post=201914"}],"curies":[{"name":"wp","href":"https:\/\/api.w.org\/{rel}","templated":true}]}}