{"id":201934,"date":"2025-10-06T10:59:19","date_gmt":"2025-10-06T08:59:19","guid":{"rendered":"https:\/\/www.budream.com\/shop\/marque-blanche-fallout-og-fem\/"},"modified":"2025-12-04T15:40:12","modified_gmt":"2025-12-04T13:40:12","slug":"marque-blanche-fallout-og-fem","status":"publish","type":"product","link":"https:\/\/www.budream.com\/fr\/shop\/marque-blanche-fallout-og-fem\/","title":{"rendered":"MARQUE BLANCHE &#8211; FALLOUT OG FEM"},"content":{"rendered":"<div style=\"text-align: justify\">Fallout OG Feminised provient de l&rsquo;union de Chernobyl et Face Off OG de White Label Seeds. Le r\u00e9sultat est un hybride relativement compact avec une dominance 60% indica, 40% sativa. La g\u00e9n\u00e9tique de la Chernobyl est enracin\u00e9e dans des vari\u00e9t\u00e9s comme la Trainwreck, qui combine des sativas tha\u00eflandaises et des indica afghanes, tandis que la Face Off OG est un descendant de l&rsquo;OG Kush.<\/div>\n<p><\/p>\n<h2><strong>Caract\u00e9ristiques Fallout OG Fem :<\/strong><\/h2>\n<ul style=\"list-style-type: disc\">\n<li><strong>Genre :<\/strong> F\u00e9minis\u00e9e<\/li>\n<li><strong>G\u00e9notype :<\/strong> Hybride 60% Indica \/ 40% Sativa<\/li>\n<li><strong>G\u00e9n\u00e9tique :<\/strong> Chernobyl x Face Off OG<\/li>\n<li><strong>Jours de floraison :<\/strong> 60-65 jours<\/li>\n<\/ul>\n<p><\/p>\n<div style=\"text-align: justify\"><span style=\"font-size: 11pt\"><em><strong>ATTENTION :<\/strong> Les graines de chanvre sont exclues de la notion l\u00e9gale de Cannabis, ce qui signifie qu&rsquo;elles ne doivent pas \u00eatre consid\u00e9r\u00e9es comme une substance stup\u00e9fiante (L. 412 de 1974, Art. 1, paragraphe 1, lettre B ; Convention unique sur les stup\u00e9fiants de New York de 1961 et tableau II du d\u00e9cret minist\u00e9riel 27\/7\/1992). En Italie, la culture du chanvre est interdite (articles 28 et 73 du d\u00e9cret pr\u00e9sidentiel 309\/90), sauf autorisation sp\u00e9ciale (article 17 du d\u00e9cret pr\u00e9sidentiel 309\/90). En l&rsquo;absence d&rsquo;autorisation, les semences ne peuvent \u00eatre utilis\u00e9es qu&rsquo;\u00e0 d&rsquo;autres fins (zootechniques, de collection, etc.). Les semences sont vendues sous r\u00e9serve qu&rsquo;elles ne soient pas utilis\u00e9es par des tiers en contradiction avec la loi.<\/em><\/span><\/div>\n","protected":false},"excerpt":{"rendered":"<p>Fallout OG Feminised provient de l&rsquo;union de Chernobyl et Face Off OG de White Label Seeds. Le r\u00e9sultat est un<\/p>\n","protected":false},"featured_media":213999,"comment_status":"open","ping_status":"closed","template":"","meta":[],"product_brand":[],"product_cat":[7951],"product_tag":[],"class_list":{"0":"post-201934","1":"product","2":"type-product","3":"status-publish","4":"has-post-thumbnail","6":"product_cat-magasin-de-graines","8":"first","9":"instock","10":"sale","11":"taxable","12":"shipping-taxable","13":"purchasable","14":"product-type-variable"},"_links":{"self":[{"href":"https:\/\/www.budream.com\/fr\/wp-json\/wp\/v2\/product\/201934","targetHints":{"allow":["GET"]}}],"collection":[{"href":"https:\/\/www.budream.com\/fr\/wp-json\/wp\/v2\/product"}],"about":[{"href":"https:\/\/www.budream.com\/fr\/wp-json\/wp\/v2\/types\/product"}],"replies":[{"embeddable":true,"href":"https:\/\/www.budream.com\/fr\/wp-json\/wp\/v2\/comments?post=201934"}],"version-history":[{"count":0,"href":"https:\/\/www.budream.com\/fr\/wp-json\/wp\/v2\/product\/201934\/revisions"}],"wp:featuredmedia":[{"embeddable":true,"href":"https:\/\/www.budream.com\/fr\/wp-json\/wp\/v2\/media\/213999"}],"wp:attachment":[{"href":"https:\/\/www.budream.com\/fr\/wp-json\/wp\/v2\/media?parent=201934"}],"wp:term":[{"taxonomy":"product_brand","embeddable":true,"href":"https:\/\/www.budream.com\/fr\/wp-json\/wp\/v2\/product_brand?post=201934"},{"taxonomy":"product_cat","embeddable":true,"href":"https:\/\/www.budream.com\/fr\/wp-json\/wp\/v2\/product_cat?post=201934"},{"taxonomy":"product_tag","embeddable":true,"href":"https:\/\/www.budream.com\/fr\/wp-json\/wp\/v2\/product_tag?post=201934"}],"curies":[{"name":"wp","href":"https:\/\/api.w.org\/{rel}","templated":true}]}}