{"id":202004,"date":"2025-10-06T14:41:36","date_gmt":"2025-10-06T12:41:36","guid":{"rendered":"https:\/\/www.budream.com\/?post_type=product&#038;p=202004"},"modified":"2025-12-17T17:43:26","modified_gmt":"2025-12-17T15:43:26","slug":"ona-gel-pro-20-kg","status":"publish","type":"product","link":"https:\/\/www.budream.com\/fr\/shop\/ona-gel-pro-20-kg\/","title":{"rendered":"ONA GEL PRO 20 KG"},"content":{"rendered":"<h3 data-start=\"248\" data-end=\"328\"><strong data-start=\"252\" data-end=\"328\">ONA Gel PRO &#8211; Gel naturel neutralisant les odeurs<\/p>\n<p><\/strong><\/h3>\n<p data-start=\"330\" data-end=\"676\"><strong data-start=\"330\" data-end=\"355\">ONA Gel PRO<\/strong> est un <strong data-start=\"361\" data-end=\"408\">neutralisateur d&rsquo;odeurs naturel et puissant<\/strong> con\u00e7u pour <strong data-start=\"423\" data-end=\"478\">\u00e9liminer de mani\u00e8re permanente les odeurs ind\u00e9sirables<\/strong> dans les environnements int\u00e9rieurs. Gr\u00e2ce \u00e0 sa <strong data-start=\"525\" data-end=\"567\">formule \u00e0 base d&rsquo;ingr\u00e9dients naturels<\/strong>, ONA ne masque pas les odeurs, mais les <strong data-start=\"600\" data-end=\"626\">neutralise \u00e0 la source<\/strong>, garantissant ainsi un environnement frais et propre \u00e0 tout moment.<\/p>\n<p data-start=\"678\" data-end=\"906\">Sans danger pour les personnes, les animaux et les plantes, ONA Gel est la <strong data-start=\"739\" data-end=\"811\">solution id\u00e9ale pour la maison, le bureau et les environnements professionnels<\/strong>, m\u00eame en pr\u00e9sence d&rsquo;<strong data-start=\"834\" data-end=\"865\">odeurs intenses et persistantes<\/strong> telles que la fum\u00e9e, les animaux ou les r\u00e9sidus organiques.<\/p>\n<h3 data-start=\"908\" data-end=\"942\"><strong data-start=\"912\" data-end=\"942\">Caract\u00e9ristiques principales<\/strong><\/h3>\n<ul style=\"list-style-type: disc\" data-start=\"943\" data-end=\"1185\">\n<li data-start=\"943\" data-end=\"982\">\n<div data-start=\"945\" data-end=\"982\">Formule 100 % naturelle et non toxique<\/div>\n<\/li>\n<li data-start=\"983\" data-end=\"1045\">\n<div data-start=\"985\" data-end=\"1045\">Peut \u00eatre utilis\u00e9 en toute s\u00e9curit\u00e9 dans les environnements o\u00f9 se trouvent des personnes, des animaux et des plantes<\/div>\n<\/li>\n<li data-start=\"1046\" data-end=\"1088\">\n<div data-start=\"1048\" data-end=\"1088\">Neutralise les odeurs, ne les masque pas.<\/div>\n<\/li>\n<li data-start=\"1089\" data-end=\"1140\">\n<div data-start=\"1091\" data-end=\"1140\">Efficace m\u00eame contre les odeurs fortes et persistantes<\/div>\n<\/li>\n<li data-start=\"1141\" data-end=\"1185\">\n<div data-start=\"1143\" data-end=\"1185\">Convient \u00e0 un usage domestique et professionnel<\/div>\n<\/li>\n<\/ul>\n<div data-start=\"1187\" data-end=\"1214\"><strong data-start=\"1191\" data-end=\"1214\"><br \/>Tailles disponibles<\/strong><\/div>\n<div data-start=\"1215\" data-end=\"1294\">400 g, 732 g, seau de 3,8 kg, seau de 20 kg<\/p>\n<div data-start=\"1187\" data-end=\"1214\"><strong data-start=\"1191\" data-end=\"1214\">Parfums disponibles<\/strong><\/div>\n<div data-start=\"1215\" data-end=\"1294\">PRO, Apple Crumble, Polar Crystal, Fresh Linen, Fruit Fusion, Tropical<\/div>\n<\/div>\n<h3 data-start=\"1296\" data-end=\"1316\"> <\/h3>\n","protected":false},"excerpt":{"rendered":"<p>ONA Gel PRO &#8211; Gel naturel neutralisant les odeurs ONA Gel PRO est un neutralisateur d&rsquo;odeurs naturel et puissant con\u00e7u<\/p>\n","protected":false},"featured_media":202009,"comment_status":"open","ping_status":"closed","template":"","meta":[],"product_brand":[],"product_cat":[7926],"product_tag":[],"class_list":{"0":"post-202004","1":"product","2":"type-product","3":"status-publish","4":"has-post-thumbnail","6":"product_cat-growshop-fr","8":"first","9":"instock","10":"taxable","11":"shipping-taxable","12":"purchasable","13":"product-type-simple"},"aioseo_notices":[],"_links":{"self":[{"href":"https:\/\/www.budream.com\/fr\/wp-json\/wp\/v2\/product\/202004","targetHints":{"allow":["GET"]}}],"collection":[{"href":"https:\/\/www.budream.com\/fr\/wp-json\/wp\/v2\/product"}],"about":[{"href":"https:\/\/www.budream.com\/fr\/wp-json\/wp\/v2\/types\/product"}],"replies":[{"embeddable":true,"href":"https:\/\/www.budream.com\/fr\/wp-json\/wp\/v2\/comments?post=202004"}],"version-history":[{"count":0,"href":"https:\/\/www.budream.com\/fr\/wp-json\/wp\/v2\/product\/202004\/revisions"}],"wp:featuredmedia":[{"embeddable":true,"href":"https:\/\/www.budream.com\/fr\/wp-json\/wp\/v2\/media\/202009"}],"wp:attachment":[{"href":"https:\/\/www.budream.com\/fr\/wp-json\/wp\/v2\/media?parent=202004"}],"wp:term":[{"taxonomy":"product_brand","embeddable":true,"href":"https:\/\/www.budream.com\/fr\/wp-json\/wp\/v2\/product_brand?post=202004"},{"taxonomy":"product_cat","embeddable":true,"href":"https:\/\/www.budream.com\/fr\/wp-json\/wp\/v2\/product_cat?post=202004"},{"taxonomy":"product_tag","embeddable":true,"href":"https:\/\/www.budream.com\/fr\/wp-json\/wp\/v2\/product_tag?post=202004"}],"curies":[{"name":"wp","href":"https:\/\/api.w.org\/{rel}","templated":true}]}}