{"id":202064,"date":"2025-10-06T16:01:52","date_gmt":"2025-10-06T14:01:52","guid":{"rendered":"https:\/\/www.budream.com\/shop\/purp-booster-1l\/"},"modified":"2026-02-25T14:51:55","modified_gmt":"2026-02-25T12:51:55","slug":"purp-booster-1l","status":"publish","type":"product","link":"https:\/\/www.budream.com\/fr\/shop\/purp-booster-1l\/","title":{"rendered":"PURP BOOSTER | 1L"},"content":{"rendered":"<h2>Purp Booster1L | Le secret d&rsquo;une couleur intense, d&rsquo;un ar\u00f4me et d&rsquo;une qualit\u00e9 sup\u00e9rieure<\/h2>\n<p><b>Purp Booster<\/b> est une formule sp\u00e9cialis\u00e9e con\u00e7ue pour <b>stimuler la production d&rsquo;huiles essentielles<\/b> dans les plantes \u00e0 fleurs et \u00e0 fruits. Utilis\u00e9 pendant les phases de floraison et de maturation, il influence positivement l&rsquo;<b>ar\u00f4me<\/b>, la <b>saveur<\/b> et la <b>qualit\u00e9 globale<\/b> des fleurs et des fruits.<\/p>\n<p><b>Pourquoi utiliser Purp Booster ?<\/b><\/p>\n<ul>\n<li>\n<p><b>Intensifie la pigmentation :<\/b> active la synth\u00e8se des <b>anthocyanes<\/b>, les flavono\u00efdes naturels responsables des tons <b>pourpres, rouges et bleus<\/b> dans les vari\u00e9t\u00e9s g\u00e9n\u00e9tiquement sensibles, ce qui permet d&rsquo;obtenir une culture \u00e0 fort impact visuel sans avoir \u00e0 subir de stress environnemental.<\/p>\n<\/li>\n<li>\n<p><b>Augmentation des terp\u00e8nes et des ar\u00f4mes :<\/b> favorise la production de <b>terp\u00e8nes<\/b> et d&rsquo;huiles essentielles, indispensables pour obtenir un profil d&rsquo;ar\u00f4mes et de saveurs plus riche et plus complexe.<\/p>\n<\/li>\n<li>\n<p><b>Am\u00e9liore la qualit\u00e9 :<\/b> favorise la production de <b>trichomes<\/b> et de glandes r\u00e9sineuses, contribuant ainsi \u00e0 la sant\u00e9 et \u00e0 la vitalit\u00e9 globales de la plante.<\/p>\n<\/li>\n<li>\n<p><b>Formulation l\u00e9g\u00e8re (NPK 0-0-1) :<\/b> fournit un apport cibl\u00e9 de potassium (K) pour la synth\u00e8se de l&rsquo;huile sans surcharger la plante avec un exc\u00e8s d&rsquo;azote ou de phosphore.<\/p>\n<\/li>\n<\/ul>\n<h5><strong>COMMENT UTILISER TERP BOOSTER<\/strong><\/h5>\n<p>Indications pour la culture hydroponique, coco et hors-sol :<\/p>\n<ul>\n<li>Phase v\u00e9g\u00e9tative et utilisation g\u00e9n\u00e9rale : utiliser une dose de 0,25-1 ml par litre d&rsquo;eau une fois par semaine ou \u00e0 chaque arrosage.<\/li>\n<li>Phase de floraison et de fructification intenses : utiliser une dose de 5-7,5 ml par litre d&rsquo;eau une fois par semaine ou \u00e0 chaque arrosage.<\/li>\n<\/ul>\n<p><strong>Purp Booster peut \u00eatre utilis\u00e9 en toute s\u00e9curit\u00e9 dans toutes les m\u00e9thodes de culture.<\/strong><\/p>\n","protected":false},"excerpt":{"rendered":"<p>Purp Booster1L | Le secret d&rsquo;une couleur intense, d&rsquo;un ar\u00f4me et d&rsquo;une qualit\u00e9 sup\u00e9rieure Purp Booster est une formule sp\u00e9cialis\u00e9e<\/p>\n","protected":false},"featured_media":202059,"comment_status":"open","ping_status":"closed","template":"","meta":[],"product_brand":[],"product_cat":[7926],"product_tag":[],"class_list":{"0":"post-202064","1":"product","2":"type-product","3":"status-publish","4":"has-post-thumbnail","6":"product_cat-growshop-fr","8":"first","9":"instock","10":"taxable","11":"shipping-taxable","12":"purchasable","13":"product-type-simple"},"aioseo_notices":[],"_links":{"self":[{"href":"https:\/\/www.budream.com\/fr\/wp-json\/wp\/v2\/product\/202064","targetHints":{"allow":["GET"]}}],"collection":[{"href":"https:\/\/www.budream.com\/fr\/wp-json\/wp\/v2\/product"}],"about":[{"href":"https:\/\/www.budream.com\/fr\/wp-json\/wp\/v2\/types\/product"}],"replies":[{"embeddable":true,"href":"https:\/\/www.budream.com\/fr\/wp-json\/wp\/v2\/comments?post=202064"}],"version-history":[{"count":0,"href":"https:\/\/www.budream.com\/fr\/wp-json\/wp\/v2\/product\/202064\/revisions"}],"wp:featuredmedia":[{"embeddable":true,"href":"https:\/\/www.budream.com\/fr\/wp-json\/wp\/v2\/media\/202059"}],"wp:attachment":[{"href":"https:\/\/www.budream.com\/fr\/wp-json\/wp\/v2\/media?parent=202064"}],"wp:term":[{"taxonomy":"product_brand","embeddable":true,"href":"https:\/\/www.budream.com\/fr\/wp-json\/wp\/v2\/product_brand?post=202064"},{"taxonomy":"product_cat","embeddable":true,"href":"https:\/\/www.budream.com\/fr\/wp-json\/wp\/v2\/product_cat?post=202064"},{"taxonomy":"product_tag","embeddable":true,"href":"https:\/\/www.budream.com\/fr\/wp-json\/wp\/v2\/product_tag?post=202064"}],"curies":[{"name":"wp","href":"https:\/\/api.w.org\/{rel}","templated":true}]}}