{"id":202499,"date":"2025-10-09T09:37:13","date_gmt":"2025-10-09T07:37:13","guid":{"rendered":"https:\/\/www.budream.com\/?post_type=product&#038;p=202499"},"modified":"2026-03-30T16:35:05","modified_gmt":"2026-03-30T14:35:05","slug":"roothus-pot-pot-anti-spiralisation-1-lt","status":"publish","type":"product","link":"https:\/\/www.budream.com\/fr\/shop\/roothus-pot-pot-anti-spiralisation-1-lt\/","title":{"rendered":"ROOTHUS POT POT ANTI-SPIRALISATION &#8211; 1 Lt"},"content":{"rendered":"<div style=\"font-family: 'Times New Roman';font-size: medium\">\n<p><span style=\"font-family: arial, helvetica, sans-serif\">Les pots anti-spirales d&rsquo;Agrita srl, y compris le<b> Roothus&reg;,<\/b> gr\u00e2ce \u00e0 leur structure interne, emp\u00eachent les racines de s&rsquo;enrouler en spirale. La racine, partant du centre de la plante, se dirige vers l&rsquo;extr\u00e9mit\u00e9 du pot et, guid\u00e9e par les pyramides plac\u00e9es \u00e0 l&rsquo;int\u00e9rieur, se canalise vers les fentes d&rsquo;ouverture, o\u00f9, trouvant un environnement avec un pourcentage \u00e9lev\u00e9 d&rsquo;air, elle commence \u00e0 se d\u00e9shydrater \u00e0 l&rsquo;apex, initiant le processus de taille \u00e0 l&rsquo;air. La plante r\u00e9agit alors en produisant davantage de racines lat\u00e9rales vers l&rsquo;arri\u00e8re, l\u00e0 o\u00f9 l&rsquo;apex est maintenant sec. Ce processus se poursuivra jusqu&rsquo;\u00e0 ce que la plante soit log\u00e9e dans un conteneur <b>Roothus&reg;<\/b>.<\/span><\/p>\n<p><span style=\"font-family: arial, helvetica, sans-serif\">Le syst\u00e8me racinaire qui se formera sera dense, fibreux et plein d&rsquo;apex pointant vers l&rsquo;ext\u00e9rieur, cette condition permettra \u00e0 la plante d&rsquo;absorber plus d&rsquo;eau et de nutriments, ce qui stimulera d\u00e9finitivement une croissance beaucoup plus rapide, r\u00e9duisant de moiti\u00e9 le temps de croissance.<\/span><\/p>\n<p><span style=\"font-family: arial, helvetica, sans-serif\"><strong>Diam\u00e8tre ext\u00e9rieur<\/strong>: 13 cm<br \/><strong>Diam\u00e8tre int\u00e9rieur<\/strong>: 11 cm<br \/><strong>Hauteur :<\/strong> 13 cm<br \/><strong>Volume<\/strong>: 1 litre <\/span><\/div>\n","protected":false},"excerpt":{"rendered":"<p>Les pots anti-spirales d&rsquo;Agrita srl, y compris le Roothus&reg;, gr\u00e2ce \u00e0 leur structure interne, emp\u00eachent les racines de s&rsquo;enrouler en<\/p>\n","protected":false},"featured_media":206289,"comment_status":"open","ping_status":"closed","template":"","meta":[],"product_brand":[],"product_cat":[7926],"product_tag":[],"class_list":{"0":"post-202499","1":"product","2":"type-product","3":"status-publish","4":"has-post-thumbnail","6":"product_cat-growshop-fr","8":"first","9":"instock","10":"taxable","11":"shipping-taxable","12":"purchasable","13":"product-type-simple"},"aioseo_notices":[],"_links":{"self":[{"href":"https:\/\/www.budream.com\/fr\/wp-json\/wp\/v2\/product\/202499","targetHints":{"allow":["GET"]}}],"collection":[{"href":"https:\/\/www.budream.com\/fr\/wp-json\/wp\/v2\/product"}],"about":[{"href":"https:\/\/www.budream.com\/fr\/wp-json\/wp\/v2\/types\/product"}],"replies":[{"embeddable":true,"href":"https:\/\/www.budream.com\/fr\/wp-json\/wp\/v2\/comments?post=202499"}],"version-history":[{"count":0,"href":"https:\/\/www.budream.com\/fr\/wp-json\/wp\/v2\/product\/202499\/revisions"}],"wp:featuredmedia":[{"embeddable":true,"href":"https:\/\/www.budream.com\/fr\/wp-json\/wp\/v2\/media\/206289"}],"wp:attachment":[{"href":"https:\/\/www.budream.com\/fr\/wp-json\/wp\/v2\/media?parent=202499"}],"wp:term":[{"taxonomy":"product_brand","embeddable":true,"href":"https:\/\/www.budream.com\/fr\/wp-json\/wp\/v2\/product_brand?post=202499"},{"taxonomy":"product_cat","embeddable":true,"href":"https:\/\/www.budream.com\/fr\/wp-json\/wp\/v2\/product_cat?post=202499"},{"taxonomy":"product_tag","embeddable":true,"href":"https:\/\/www.budream.com\/fr\/wp-json\/wp\/v2\/product_tag?post=202499"}],"curies":[{"name":"wp","href":"https:\/\/api.w.org\/{rel}","templated":true}]}}