{"id":206908,"date":"2025-10-10T01:09:39","date_gmt":"2025-10-09T23:09:39","guid":{"rendered":"https:\/\/www.budream.com\/shop\/fast-buds-girl-scout-cookies-auto\/"},"modified":"2026-04-10T09:19:04","modified_gmt":"2026-04-10T07:19:04","slug":"fast-buds-girl-scout-cookies-auto","status":"publish","type":"product","link":"https:\/\/www.budream.com\/fr\/shop\/fast-buds-girl-scout-cookies-auto\/","title":{"rendered":"FAST BUDS &#8211; GIRL SCOUT COOKIES AUTO FEM | Disponible dans la limite des stocks disponibles"},"content":{"rendered":"<div style=\"text-align: justify\">L&rsquo;une des vari\u00e9t\u00e9s les plus vendues et les plus populaires de Fast Buds Seeds, Girl Scout Cookies Auto, une r\u00e9colte extra-large et une saveur de biscuit fantastique et recherch\u00e9e.<\/div>\n<p><\/p>\n<h2><strong>Caract\u00e9ristiques Ice Cream Auto Fast Buds Seeds :<\/strong><\/h2>\n<ul style=\"list-style-type: disc\">\n<li><strong>Genre :<\/strong> Autofloraison f\u00e9minis\u00e9e<\/li>\n<li><strong>G\u00e9notype :<\/strong> Hybride 40% Sativa 60% Indica<\/li>\n<li><strong>G\u00e9n\u00e9tique :<\/strong> Girl Scout Cookies autofloraison<\/li>\n<li><strong>Jours :<\/strong> 56-63 jours<\/li>\n<\/ul>\n<p><\/p>\n<div style=\"text-align: justify\"><em><strong>ATTENTION :<\/strong> Les graines de chanvre sont exclues de la notion l\u00e9gale de Cannabis, ce qui signifie qu&rsquo;elles ne doivent pas \u00eatre consid\u00e9r\u00e9es comme une substance stup\u00e9fiante (L. 412 de 1974, art. 1, alin\u00e9a 1, lettre B ; Convention unique sur les stup\u00e9fiants de New York de 1961 et tableau II du d\u00e9cret minist\u00e9riel 27\/7\/1992). En Italie, la culture du chanvre est interdite (articles 28 et 73 du d\u00e9cret pr\u00e9sidentiel 309\/90), sauf autorisation sp\u00e9ciale (article 17 du d\u00e9cret pr\u00e9sidentiel 309\/90). En l&rsquo;absence d&rsquo;autorisation, les semences ne peuvent \u00eatre utilis\u00e9es qu&rsquo;\u00e0 d&rsquo;autres fins (zootechniques, de collection, etc.). Les semences sont vendues sous r\u00e9serve qu&rsquo;elles ne soient pas utilis\u00e9es par des tiers en contradiction avec la loi.<\/em><\/div>\n","protected":false},"excerpt":{"rendered":"<p>L&rsquo;une des vari\u00e9t\u00e9s les plus vendues et les plus populaires de Fast Buds Seeds, Girl Scout Cookies Auto, une r\u00e9colte<\/p>\n","protected":false},"featured_media":140234,"comment_status":"open","ping_status":"closed","template":"","meta":[],"product_brand":[],"product_cat":[7951],"product_tag":[],"class_list":{"0":"post-206908","1":"product","2":"type-product","3":"status-publish","4":"has-post-thumbnail","6":"product_cat-magasin-de-graines","8":"first","9":"instock","10":"sale","11":"taxable","12":"shipping-taxable","13":"purchasable","14":"product-type-variable"},"_links":{"self":[{"href":"https:\/\/www.budream.com\/fr\/wp-json\/wp\/v2\/product\/206908","targetHints":{"allow":["GET"]}}],"collection":[{"href":"https:\/\/www.budream.com\/fr\/wp-json\/wp\/v2\/product"}],"about":[{"href":"https:\/\/www.budream.com\/fr\/wp-json\/wp\/v2\/types\/product"}],"replies":[{"embeddable":true,"href":"https:\/\/www.budream.com\/fr\/wp-json\/wp\/v2\/comments?post=206908"}],"version-history":[{"count":1,"href":"https:\/\/www.budream.com\/fr\/wp-json\/wp\/v2\/product\/206908\/revisions"}],"predecessor-version":[{"id":262445,"href":"https:\/\/www.budream.com\/fr\/wp-json\/wp\/v2\/product\/206908\/revisions\/262445"}],"wp:featuredmedia":[{"embeddable":true,"href":"https:\/\/www.budream.com\/fr\/wp-json\/wp\/v2\/media\/140234"}],"wp:attachment":[{"href":"https:\/\/www.budream.com\/fr\/wp-json\/wp\/v2\/media?parent=206908"}],"wp:term":[{"taxonomy":"product_brand","embeddable":true,"href":"https:\/\/www.budream.com\/fr\/wp-json\/wp\/v2\/product_brand?post=206908"},{"taxonomy":"product_cat","embeddable":true,"href":"https:\/\/www.budream.com\/fr\/wp-json\/wp\/v2\/product_cat?post=206908"},{"taxonomy":"product_tag","embeddable":true,"href":"https:\/\/www.budream.com\/fr\/wp-json\/wp\/v2\/product_tag?post=206908"}],"curies":[{"name":"wp","href":"https:\/\/api.w.org\/{rel}","templated":true}]}}