{"id":210429,"date":"2025-10-10T12:06:19","date_gmt":"2025-10-10T10:06:19","guid":{"rendered":"https:\/\/www.budream.com\/shop\/fast-buds-original-moby-dick-auto-fem\/"},"modified":"2026-04-27T10:25:20","modified_gmt":"2026-04-27T08:25:20","slug":"fast-buds-original-moby-dick-auto-fem","status":"publish","type":"product","link":"https:\/\/www.budream.com\/fr\/shop\/fast-buds-original-moby-dick-auto-fem\/","title":{"rendered":"FAST BUDS &#8211; ORIGINAL MOBY DICK AUTO FEM"},"content":{"rendered":"<div style=\"text-align: justify\">Original Moby Dick Auto est un g\u00e9ant \u00e0 dominance sativa mondialement connu, cr\u00e9\u00e9 \u00e0 partir de deux des vari\u00e9t\u00e9s de cannabis les plus populaires de tous les temps, White Widow et Haze.<\/div>\n<h2><strong>Caract\u00e9ristiques Original Moby Dick Auto Fem Fast Buds Seeds :<\/strong><\/h2>\n<ul style=\"list-style-type: disc\">\n<li><strong>Genre :<\/strong> Hybride F\u00e9minis\u00e9 Autofloraison<\/li>\n<li><strong>G\u00e9notype :<\/strong> Hybride 70% Sativa 30% Indica<\/li>\n<li><strong>G\u00e9n\u00e9tique :<\/strong> Moby Dick Auto<\/li>\n<li><strong>Jours :<\/strong> 70<\/li>\n<\/ul>\n<p><\/p>\n<div style=\"text-align: justify\"><em><strong>ATTENTION :<\/strong> Les graines de chanvre sont exclues de la notion l\u00e9gale de Cannabis, ce qui signifie qu&rsquo;elles ne doivent pas \u00eatre consid\u00e9r\u00e9es comme une substance stup\u00e9fiante (L. 412 de 1974, art. 1, virgule 1, lett. B ; Convention unique sur les stup\u00e9fiants de New York de 1961 et tableau II du d\u00e9cret minist\u00e9riel 27\/7\/1992). En Italie, la culture du chanvre est interdite (articles 28 et 73 du d\u00e9cret pr\u00e9sidentiel 309\/90), sauf autorisation sp\u00e9ciale (article 17 du d\u00e9cret pr\u00e9sidentiel 309\/90). En l&rsquo;absence d&rsquo;autorisation, les semences ne peuvent \u00eatre utilis\u00e9es qu&rsquo;\u00e0 d&rsquo;autres fins (zootechniques, de collection, etc.). Les semences sont vendues sous r\u00e9serve qu&rsquo;elles ne soient pas utilis\u00e9es par des tiers en contradiction avec la loi.<\/em><\/div>\n","protected":false},"excerpt":{"rendered":"<p>Original Moby Dick Auto est un g\u00e9ant \u00e0 dominance sativa mondialement connu, cr\u00e9\u00e9 \u00e0 partir de deux des vari\u00e9t\u00e9s de<\/p>\n","protected":false},"featured_media":173686,"comment_status":"open","ping_status":"closed","template":"","meta":[],"product_brand":[],"product_cat":[1175],"product_tag":[],"class_list":{"0":"post-210429","1":"product","2":"type-product","3":"status-publish","4":"has-post-thumbnail","6":"product_cat-seedshop","8":"first","9":"instock","10":"taxable","11":"shipping-taxable","12":"purchasable","13":"product-type-variable"},"aioseo_notices":[],"_links":{"self":[{"href":"https:\/\/www.budream.com\/fr\/wp-json\/wp\/v2\/product\/210429","targetHints":{"allow":["GET"]}}],"collection":[{"href":"https:\/\/www.budream.com\/fr\/wp-json\/wp\/v2\/product"}],"about":[{"href":"https:\/\/www.budream.com\/fr\/wp-json\/wp\/v2\/types\/product"}],"replies":[{"embeddable":true,"href":"https:\/\/www.budream.com\/fr\/wp-json\/wp\/v2\/comments?post=210429"}],"version-history":[{"count":1,"href":"https:\/\/www.budream.com\/fr\/wp-json\/wp\/v2\/product\/210429\/revisions"}],"predecessor-version":[{"id":262370,"href":"https:\/\/www.budream.com\/fr\/wp-json\/wp\/v2\/product\/210429\/revisions\/262370"}],"wp:featuredmedia":[{"embeddable":true,"href":"https:\/\/www.budream.com\/fr\/wp-json\/wp\/v2\/media\/173686"}],"wp:attachment":[{"href":"https:\/\/www.budream.com\/fr\/wp-json\/wp\/v2\/media?parent=210429"}],"wp:term":[{"taxonomy":"product_brand","embeddable":true,"href":"https:\/\/www.budream.com\/fr\/wp-json\/wp\/v2\/product_brand?post=210429"},{"taxonomy":"product_cat","embeddable":true,"href":"https:\/\/www.budream.com\/fr\/wp-json\/wp\/v2\/product_cat?post=210429"},{"taxonomy":"product_tag","embeddable":true,"href":"https:\/\/www.budream.com\/fr\/wp-json\/wp\/v2\/product_tag?post=210429"}],"curies":[{"name":"wp","href":"https:\/\/api.w.org\/{rel}","templated":true}]}}