{"id":210469,"date":"2025-10-10T12:08:21","date_gmt":"2025-10-10T10:08:21","guid":{"rendered":"https:\/\/www.budream.com\/shop\/fast-buds-apricot-auto-fem\/"},"modified":"2026-04-30T09:17:45","modified_gmt":"2026-04-30T07:17:45","slug":"fast-buds-apricot-auto-fem","status":"publish","type":"product","link":"https:\/\/www.budream.com\/fr\/shop\/fast-buds-apricot-auto-fem\/","title":{"rendered":"FAST BUDS &#8211; APRICOT AUTO FEM"},"content":{"rendered":"<p>Apricot Auto s&rsquo;est av\u00e9r\u00e9e \u00eatre une v\u00e9ritable repr\u00e9sentation de ce qu&rsquo;est l&rsquo;autofloraison moderne.<\/p>\n<h2><strong>Caract\u00e9ristiques Apricot Auto Fem Fast Buds Seeds :<\/strong><\/h2>\n<ul style=\"list-style-type: disc\">\n<li><strong>Genre :<\/strong> Hybride F\u00e9minis\u00e9 Autofloraison<\/li>\n<li><strong>G\u00e9notype :<\/strong> Hybride 20% Sativa 80% Indica<\/li>\n<li><strong>G\u00e9n\u00e9tique :<\/strong> Apricot Auto<\/li>\n<li><strong>Jours :<\/strong> 63 &#8211; 70<\/li>\n<\/ul>\n<p><\/p>\n<div style=\"text-align: justify\"><em><strong>ATTENTION :<\/strong> Les graines de chanvre sont exclues de la notion l\u00e9gale de Cannabis, ce qui signifie qu&rsquo;elles ne doivent pas \u00eatre consid\u00e9r\u00e9es comme une substance stup\u00e9fiante (L. 412 de 1974, Art. 1, paragraphe 1, lettre B ; Convention unique sur les stup\u00e9fiants de New York de 1961 et tableau II du d\u00e9cret minist\u00e9riel 27\/7\/1992). En Italie, la culture du chanvre est interdite (articles 28 et 73 du d\u00e9cret pr\u00e9sidentiel 309\/90), sauf autorisation sp\u00e9ciale (article 17 du d\u00e9cret pr\u00e9sidentiel 309\/90). En l&rsquo;absence d&rsquo;autorisation, les semences ne peuvent \u00eatre utilis\u00e9es qu&rsquo;\u00e0 d&rsquo;autres fins (zootechniques, de collection, etc.). Les semences sont vendues sous r\u00e9serve qu&rsquo;elles ne soient pas utilis\u00e9es par des tiers en contradiction avec la loi.<\/em><\/div>\n","protected":false},"excerpt":{"rendered":"<p>Apricot Auto s&rsquo;est av\u00e9r\u00e9e \u00eatre une v\u00e9ritable repr\u00e9sentation de ce qu&rsquo;est l&rsquo;autofloraison moderne. Caract\u00e9ristiques Apricot Auto Fem Fast Buds Seeds<\/p>\n","protected":false},"featured_media":173764,"comment_status":"open","ping_status":"closed","template":"","meta":[],"product_brand":[],"product_cat":[1175],"product_tag":[],"class_list":{"0":"post-210469","1":"product","2":"type-product","3":"status-publish","4":"has-post-thumbnail","6":"product_cat-seedshop","8":"first","9":"instock","10":"taxable","11":"shipping-taxable","12":"purchasable","13":"product-type-variable"},"aioseo_notices":[],"_links":{"self":[{"href":"https:\/\/www.budream.com\/fr\/wp-json\/wp\/v2\/product\/210469","targetHints":{"allow":["GET"]}}],"collection":[{"href":"https:\/\/www.budream.com\/fr\/wp-json\/wp\/v2\/product"}],"about":[{"href":"https:\/\/www.budream.com\/fr\/wp-json\/wp\/v2\/types\/product"}],"replies":[{"embeddable":true,"href":"https:\/\/www.budream.com\/fr\/wp-json\/wp\/v2\/comments?post=210469"}],"version-history":[{"count":2,"href":"https:\/\/www.budream.com\/fr\/wp-json\/wp\/v2\/product\/210469\/revisions"}],"predecessor-version":[{"id":264327,"href":"https:\/\/www.budream.com\/fr\/wp-json\/wp\/v2\/product\/210469\/revisions\/264327"}],"wp:featuredmedia":[{"embeddable":true,"href":"https:\/\/www.budream.com\/fr\/wp-json\/wp\/v2\/media\/173764"}],"wp:attachment":[{"href":"https:\/\/www.budream.com\/fr\/wp-json\/wp\/v2\/media?parent=210469"}],"wp:term":[{"taxonomy":"product_brand","embeddable":true,"href":"https:\/\/www.budream.com\/fr\/wp-json\/wp\/v2\/product_brand?post=210469"},{"taxonomy":"product_cat","embeddable":true,"href":"https:\/\/www.budream.com\/fr\/wp-json\/wp\/v2\/product_cat?post=210469"},{"taxonomy":"product_tag","embeddable":true,"href":"https:\/\/www.budream.com\/fr\/wp-json\/wp\/v2\/product_tag?post=210469"}],"curies":[{"name":"wp","href":"https:\/\/api.w.org\/{rel}","templated":true}]}}