{"id":213308,"date":"2025-10-13T11:49:18","date_gmt":"2025-10-13T09:49:18","guid":{"rendered":"https:\/\/www.budream.com\/shop\/fast-buds-banana-purple-punch-auto-rf3-fem\/"},"modified":"2026-04-03T13:05:40","modified_gmt":"2026-04-03T11:05:40","slug":"fast-buds-banana-purple-punch-auto-rf3-fem","status":"publish","type":"product","link":"https:\/\/www.budream.com\/fr\/shop\/fast-buds-banana-purple-punch-auto-rf3-fem\/","title":{"rendered":"FAST BUDS &#8211; BANANA PURPLE PUNCH AUTO RF3 FEM"},"content":{"rendered":"<div style=\"text-align: justify\">\u00ab\u00a0RF3\u00a0\u00bb dans Banana Purple Punch Auto RF3 signifie \u00ab\u00a0Reversed F3\u00a0\u00bb, la troisi\u00e8me g\u00e9n\u00e9ration subsidiaire cr\u00e9\u00e9e \u00e0 partir de Banana Purple Punch Auto F5 en croisant \u00e0 plusieurs reprises un parent invers\u00e9 (f\u00e9minis\u00e9) dans la lign\u00e9e pour fixer les caract\u00e9ristiques souhait\u00e9es. Pour la Banana Purple Punch Auto RF3, ce processus nous a donn\u00e9 une autofloraison f\u00e9minis\u00e9e beaucoup plus stable avec une expression Purple coh\u00e9rente.<\/div>\n<p><\/p>\n<h2><strong>Caract\u00e9ristiques Banana Purple Punch Auto RF3 Fem Fast Buds Seeds :<\/strong><\/h2>\n<ul style=\"list-style-type: disc\">\n<li><strong>Genus :<\/strong> Hybride F\u00e9minis\u00e9 Autofloraison<\/li>\n<li><strong>G\u00e9notype :<\/strong> Hybride 25% Sativa 75% Indica<\/li>\n<li><strong>G\u00e9n\u00e9tique :<\/strong> ((BPP Auto F5 x BPP Auto F5) x ((BPP Auto F5 x BPP Auto F5)) x ((BPP Auto F5 x BPP Auto F5))<\/li>\n<li><strong>Jours :<\/strong> 56-63<\/li>\n<\/ul>\n<p><\/p>\n<div style=\"text-align: justify\"><em><strong>ATTENTION :<\/strong> Les graines de chanvre sont exclues de la notion l\u00e9gale de Cannabis, ce qui signifie qu&rsquo;elles ne doivent pas \u00eatre consid\u00e9r\u00e9es comme une substance narcotique (Loi 412 de 1974, Art. 1, paragraphe 1, lettre B ; Convention Unique sur les Stup\u00e9fiants de New York de 1961 et tableau II du D\u00e9cret Minist\u00e9riel 27\/7\/1992). En Italie, la culture du chanvre est interdite (articles 28 et 73 du d\u00e9cret pr\u00e9sidentiel 309\/90), sauf autorisation sp\u00e9ciale (article 17 du d\u00e9cret pr\u00e9sidentiel 309\/90). En l&rsquo;absence d&rsquo;autorisation, les semences ne peuvent \u00eatre utilis\u00e9es qu&rsquo;\u00e0 d&rsquo;autres fins (zootechniques, de collection, etc.). Les semences sont vendues sous r\u00e9serve qu&rsquo;elles ne soient pas utilis\u00e9es par des tiers en contradiction avec la loi.<\/em><\/div>\n","protected":false},"excerpt":{"rendered":"<p>\u00ab\u00a0RF3\u00a0\u00bb dans Banana Purple Punch Auto RF3 signifie \u00ab\u00a0Reversed F3\u00a0\u00bb, la troisi\u00e8me g\u00e9n\u00e9ration subsidiaire cr\u00e9\u00e9e \u00e0 partir de Banana Purple<\/p>\n","protected":false},"featured_media":213199,"comment_status":"open","ping_status":"closed","template":"","meta":[],"product_brand":[],"product_cat":[7951],"product_tag":[],"class_list":{"0":"post-213308","1":"product","2":"type-product","3":"status-publish","4":"has-post-thumbnail","6":"product_cat-magasin-de-graines","8":"first","9":"instock","10":"taxable","11":"shipping-taxable","12":"purchasable","13":"product-type-variable"},"aioseo_notices":[],"_links":{"self":[{"href":"https:\/\/www.budream.com\/fr\/wp-json\/wp\/v2\/product\/213308","targetHints":{"allow":["GET"]}}],"collection":[{"href":"https:\/\/www.budream.com\/fr\/wp-json\/wp\/v2\/product"}],"about":[{"href":"https:\/\/www.budream.com\/fr\/wp-json\/wp\/v2\/types\/product"}],"replies":[{"embeddable":true,"href":"https:\/\/www.budream.com\/fr\/wp-json\/wp\/v2\/comments?post=213308"}],"version-history":[{"count":1,"href":"https:\/\/www.budream.com\/fr\/wp-json\/wp\/v2\/product\/213308\/revisions"}],"predecessor-version":[{"id":262159,"href":"https:\/\/www.budream.com\/fr\/wp-json\/wp\/v2\/product\/213308\/revisions\/262159"}],"wp:featuredmedia":[{"embeddable":true,"href":"https:\/\/www.budream.com\/fr\/wp-json\/wp\/v2\/media\/213199"}],"wp:attachment":[{"href":"https:\/\/www.budream.com\/fr\/wp-json\/wp\/v2\/media?parent=213308"}],"wp:term":[{"taxonomy":"product_brand","embeddable":true,"href":"https:\/\/www.budream.com\/fr\/wp-json\/wp\/v2\/product_brand?post=213308"},{"taxonomy":"product_cat","embeddable":true,"href":"https:\/\/www.budream.com\/fr\/wp-json\/wp\/v2\/product_cat?post=213308"},{"taxonomy":"product_tag","embeddable":true,"href":"https:\/\/www.budream.com\/fr\/wp-json\/wp\/v2\/product_tag?post=213308"}],"curies":[{"name":"wp","href":"https:\/\/api.w.org\/{rel}","templated":true}]}}