{"id":214628,"date":"2025-10-17T13:06:13","date_gmt":"2025-10-17T11:06:13","guid":{"rendered":"https:\/\/www.budream.com\/shop\/biobizz-pack-de-demarrage-5\/"},"modified":"2026-02-26T16:13:34","modified_gmt":"2026-02-26T14:13:34","slug":"biobizz-pack-de-demarrage-5","status":"publish","type":"product","link":"https:\/\/www.budream.com\/fr\/shop\/biobizz-pack-de-demarrage-5\/","title":{"rendered":"BIOBIZZ &#8211; ALL PACK OUTDOOR | 6X250ml"},"content":{"rendered":"<p>Le <strong>BIOBIZZ All Pack Outdoor 6X250 ml<\/strong><\/p>\n<p><b>Tout ce dont vous avez besoin pour une culture biologique en ext\u00e9rieur<\/p>\n<p><\/b>D\u00e9cider de cultiver des plantes en int\u00e9rieur est le d\u00e9but d&rsquo;une aventure passionnante. Et bien s\u00fbr, nous voulons tous donner \u00e0 nos plantes ce qu&rsquo;il y a de mieux d\u00e8s le premier jour.<br \/>C&rsquo;est pourquoi nous avons cr\u00e9\u00e9 <b>All-Pack Outdoor 250 ml<\/b>: il contient tout ce dont vos plantes ont besoin pour grandir en force et en bonne sant\u00e9, de la germination \u00e0 la r\u00e9colte.<u><\/u><u><\/u><\/p>\n<p>D\u00e9couvrez le monde de Biobizz avec ce kit pratique : six nutriments et stimulants organiques essentiels pour accompagner vos plantes \u00e0 chaque \u00e9tape de leur croissance.<u><\/u><u><\/u><\/p>\n<p><b>La performance biologique, simplifi\u00e9e<br \/><\/b>Ce kit rend la culture biologique simple et productive. Des racines fortes et des feuilles saines aux fleurs abondantes et aux ar\u00f4mes intenses : l&rsquo;All-Pack Indoor 250 ml aide vos plantes \u00e0 atteindre leur \u00e9quilibre naturel.<u><\/u><u><\/u><\/p>\n<p><b>Combinez. Cultivez. Appr\u00e9ciez le r\u00e9sultat.<br \/><\/b>Id\u00e9al pour un maximum de quatre plantes d&rsquo;int\u00e9rieur. Pour de meilleurs r\u00e9sultats, utiliser avec <b>All-Mix<\/b> ou <b>Light-Mix<\/b>.<br \/>Chaque produit est certifi\u00e9 100 % biologique et agit en synergie pour cr\u00e9er un sol vivant et am\u00e9liorer la saveur des cultures.<u><\/u><u><\/u><\/p>\n<p><b>L&#8217;emballage contient :<br \/><\/b>&#8211; 250 ml <b>Fish-Mix<\/b> &#8211; engrais liquide pour une croissance v\u00e9g\u00e9tative vigoureuse<br \/>&#8211; 250 ml de <b>Bio-Bloom<\/b> &#8211; nutriment organique pour une floraison abondante<br \/>&#8211; 250 ml <b>Top-Max<\/b> &#8211; stimulateur naturel de floraison pour des r\u00e9coltes plus douces et plus abondantes<br \/>&#8211; 250 ml <b>Alg-A-Mic<\/b> &#8211; tonique anti-stress pour des plantes plus heureuses et plus vertes<br \/>&#8211; 250 ml <b>Bio-Heaven &#8211; <\/b>stimulateur m\u00e9tabolique pour des plantes plus fortes et plus r\u00e9sistantes<br \/>&#8211; 250 ml <b>Root-Juice<\/b> &#8211; stimulant racinaire pour des racines fortes et une vitalit\u00e9 pr\u00e9coce<\/p>\n<h3><span style=\"font-size: 10pt\"><strong>All Pack OUTDOOR 6X250ml est \u00e9galement disponible en format 500 ml.<\/strong><\/span><\/h3>\n<div id=\"isChromeWebToolbarDiv\"><\/div>\n","protected":false},"excerpt":{"rendered":"<p>Le BIOBIZZ All Pack Outdoor 6X250 ml Tout ce dont vous avez besoin pour une culture biologique en ext\u00e9rieur D\u00e9cider<\/p>\n","protected":false},"featured_media":214608,"comment_status":"open","ping_status":"closed","template":"","meta":[],"product_brand":[],"product_cat":[7933],"product_tag":[],"class_list":{"0":"post-214628","1":"product","2":"type-product","3":"status-publish","4":"has-post-thumbnail","6":"product_cat-engrais","8":"first","9":"instock","10":"taxable","11":"shipping-taxable","12":"purchasable","13":"product-type-simple"},"aioseo_notices":[],"_links":{"self":[{"href":"https:\/\/www.budream.com\/fr\/wp-json\/wp\/v2\/product\/214628","targetHints":{"allow":["GET"]}}],"collection":[{"href":"https:\/\/www.budream.com\/fr\/wp-json\/wp\/v2\/product"}],"about":[{"href":"https:\/\/www.budream.com\/fr\/wp-json\/wp\/v2\/types\/product"}],"replies":[{"embeddable":true,"href":"https:\/\/www.budream.com\/fr\/wp-json\/wp\/v2\/comments?post=214628"}],"version-history":[{"count":0,"href":"https:\/\/www.budream.com\/fr\/wp-json\/wp\/v2\/product\/214628\/revisions"}],"wp:featuredmedia":[{"embeddable":true,"href":"https:\/\/www.budream.com\/fr\/wp-json\/wp\/v2\/media\/214608"}],"wp:attachment":[{"href":"https:\/\/www.budream.com\/fr\/wp-json\/wp\/v2\/media?parent=214628"}],"wp:term":[{"taxonomy":"product_brand","embeddable":true,"href":"https:\/\/www.budream.com\/fr\/wp-json\/wp\/v2\/product_brand?post=214628"},{"taxonomy":"product_cat","embeddable":true,"href":"https:\/\/www.budream.com\/fr\/wp-json\/wp\/v2\/product_cat?post=214628"},{"taxonomy":"product_tag","embeddable":true,"href":"https:\/\/www.budream.com\/fr\/wp-json\/wp\/v2\/product_tag?post=214628"}],"curies":[{"name":"wp","href":"https:\/\/api.w.org\/{rel}","templated":true}]}}