{"id":214694,"date":"2025-10-20T12:24:07","date_gmt":"2025-10-20T10:24:07","guid":{"rendered":"https:\/\/www.budream.com\/?post_type=product&#038;p=214694"},"modified":"2026-02-18T17:14:50","modified_gmt":"2026-02-18T15:14:50","slug":"ona-spray-eliminateur-dodeurs-de-fumee-sans-fragrance-300ml","status":"publish","type":"product","link":"https:\/\/www.budream.com\/fr\/shop\/ona-spray-eliminateur-dodeurs-de-fumee-sans-fragrance-300ml\/","title":{"rendered":"ONA SPRAY \u00c9LIMINATEUR D&rsquo;ODEURS DE FUM\u00c9E &#8211; SANS FRAGRANCE | 300ml"},"content":{"rendered":"<h1 class=\"text-2xl font-bold mt-1 text-text-100\"><\/h1>\n<p class=\"whitespace-normal break-words\"><strong>ONA Smoke Odour Eliminator<\/strong> s&rsquo;attaque aux odeurs de fum\u00e9e les plus persistantes en agissant au niveau mol\u00e9culaire jusqu&rsquo;\u00e0 leur \u00e9limination compl\u00e8te.<\/p>\n<p class=\"whitespace-normal break-words\"><strong>Une exp\u00e9rience sans parfum :<\/strong> id\u00e9al pour ceux qui recherchent une solution sans parfum ajout\u00e9. Sous forme liquide, cette formule a une odeur l\u00e9g\u00e8re qui dispara\u00eet rapidement apr\u00e8s pulv\u00e9risation. Elle ne laisse aucun parfum perceptible &#8211; juste de l&rsquo;air frais !<\/p>\n<h3 class=\"text-lg font-bold text-text-100 mt-1 -mb-1.5\">Formule s\u00fbre et naturelle<\/h3>\n<ul style=\"list-style-type: disc\">\n<li>Sans alcool<\/li>\n<li>Sans allerg\u00e8ne<\/li>\n<li>Sans parfum<\/li>\n<li>Sans conservateur<\/li>\n<li>Sans produits chimiques nocifs<\/li>\n<li>Ingr\u00e9dient actif \u00e0 base de min\u00e9raux<\/li>\n<\/ul>\n<p><\/p>\n<p class=\"whitespace-normal break-words\"><strong>Sp\u00e9cifications du produit<br \/>Format :<\/strong> 300 ml (10 fl oz)<\/p>\n<p><strong><br \/>Mode d&#8217;emploi :<\/strong> Agiter avant utilisation et pulv\u00e9riser sur les surfaces ou l&rsquo;environnement.<\/p>\n","protected":false},"excerpt":{"rendered":"<p>ONA Smoke Odour Eliminator s&rsquo;attaque aux odeurs de fum\u00e9e les plus persistantes en agissant au niveau mol\u00e9culaire jusqu&rsquo;\u00e0 leur \u00e9limination<\/p>\n","protected":false},"featured_media":227536,"comment_status":"open","ping_status":"closed","template":"","meta":[],"product_brand":[],"product_cat":[7933],"product_tag":[],"class_list":{"0":"post-214694","1":"product","2":"type-product","3":"status-publish","4":"has-post-thumbnail","6":"product_cat-engrais","8":"first","9":"instock","10":"taxable","11":"shipping-taxable","12":"purchasable","13":"product-type-simple"},"aioseo_notices":[],"_links":{"self":[{"href":"https:\/\/www.budream.com\/fr\/wp-json\/wp\/v2\/product\/214694","targetHints":{"allow":["GET"]}}],"collection":[{"href":"https:\/\/www.budream.com\/fr\/wp-json\/wp\/v2\/product"}],"about":[{"href":"https:\/\/www.budream.com\/fr\/wp-json\/wp\/v2\/types\/product"}],"replies":[{"embeddable":true,"href":"https:\/\/www.budream.com\/fr\/wp-json\/wp\/v2\/comments?post=214694"}],"version-history":[{"count":0,"href":"https:\/\/www.budream.com\/fr\/wp-json\/wp\/v2\/product\/214694\/revisions"}],"wp:featuredmedia":[{"embeddable":true,"href":"https:\/\/www.budream.com\/fr\/wp-json\/wp\/v2\/media\/227536"}],"wp:attachment":[{"href":"https:\/\/www.budream.com\/fr\/wp-json\/wp\/v2\/media?parent=214694"}],"wp:term":[{"taxonomy":"product_brand","embeddable":true,"href":"https:\/\/www.budream.com\/fr\/wp-json\/wp\/v2\/product_brand?post=214694"},{"taxonomy":"product_cat","embeddable":true,"href":"https:\/\/www.budream.com\/fr\/wp-json\/wp\/v2\/product_cat?post=214694"},{"taxonomy":"product_tag","embeddable":true,"href":"https:\/\/www.budream.com\/fr\/wp-json\/wp\/v2\/product_tag?post=214694"}],"curies":[{"name":"wp","href":"https:\/\/api.w.org\/{rel}","templated":true}]}}