{"id":215100,"date":"2025-10-21T16:31:35","date_gmt":"2025-10-21T14:31:35","guid":{"rendered":"https:\/\/www.budream.com\/?post_type=product&#038;p=215100"},"modified":"2025-12-16T17:22:59","modified_gmt":"2025-12-16T15:22:59","slug":"filet-de-sechage-empilable-100x100cm","status":"publish","type":"product","link":"https:\/\/www.budream.com\/fr\/shop\/filet-de-sechage-empilable-100x100cm\/","title":{"rendered":"filet de s\u00e9chage empilable | 100x100cm"},"content":{"rendered":"<p><strong>S\u00e9choir<\/strong> compos\u00e9 d&rsquo;une structure qui tire le filet sur lequel les bourgeons peuvent \u00eatre s\u00e9ch\u00e9s confortablement, en <strong>respectant leur processus de s\u00e9chage naturel et en \u00e9vitant l&rsquo;apparition de champignons<\/strong>.<\/p>\n<p>Sa structure empilable permet d&rsquo;exploiter au maximum l&rsquo;espace occup\u00e9, la distance entre les \u00e9tag\u00e8res \u00e9tant de 10 cm.<\/p>\n<p>Disponible en deux tailles.<\/p>\n<div id=\"isChromeWebToolbarDiv\"><\/div>\n","protected":false},"excerpt":{"rendered":"<p>S\u00e9choir compos\u00e9 d&rsquo;une structure qui tire le filet sur lequel les bourgeons peuvent \u00eatre s\u00e9ch\u00e9s confortablement, en respectant leur processus<\/p>\n","protected":false},"featured_media":215090,"comment_status":"open","ping_status":"closed","template":"","meta":[],"product_brand":[],"product_cat":[7926],"product_tag":[],"class_list":{"0":"post-215100","1":"product","2":"type-product","3":"status-publish","4":"has-post-thumbnail","6":"product_cat-growshop-fr","8":"first","9":"outofstock","10":"taxable","11":"shipping-taxable","12":"purchasable","13":"product-type-simple"},"aioseo_notices":[],"_links":{"self":[{"href":"https:\/\/www.budream.com\/fr\/wp-json\/wp\/v2\/product\/215100","targetHints":{"allow":["GET"]}}],"collection":[{"href":"https:\/\/www.budream.com\/fr\/wp-json\/wp\/v2\/product"}],"about":[{"href":"https:\/\/www.budream.com\/fr\/wp-json\/wp\/v2\/types\/product"}],"replies":[{"embeddable":true,"href":"https:\/\/www.budream.com\/fr\/wp-json\/wp\/v2\/comments?post=215100"}],"version-history":[{"count":0,"href":"https:\/\/www.budream.com\/fr\/wp-json\/wp\/v2\/product\/215100\/revisions"}],"wp:featuredmedia":[{"embeddable":true,"href":"https:\/\/www.budream.com\/fr\/wp-json\/wp\/v2\/media\/215090"}],"wp:attachment":[{"href":"https:\/\/www.budream.com\/fr\/wp-json\/wp\/v2\/media?parent=215100"}],"wp:term":[{"taxonomy":"product_brand","embeddable":true,"href":"https:\/\/www.budream.com\/fr\/wp-json\/wp\/v2\/product_brand?post=215100"},{"taxonomy":"product_cat","embeddable":true,"href":"https:\/\/www.budream.com\/fr\/wp-json\/wp\/v2\/product_cat?post=215100"},{"taxonomy":"product_tag","embeddable":true,"href":"https:\/\/www.budream.com\/fr\/wp-json\/wp\/v2\/product_tag?post=215100"}],"curies":[{"name":"wp","href":"https:\/\/api.w.org\/{rel}","templated":true}]}}