{"id":227203,"date":"2025-10-31T16:28:18","date_gmt":"2025-10-31T14:28:18","guid":{"rendered":"https:\/\/www.budream.com\/?post_type=product&#038;p=227203"},"modified":"2026-02-13T16:08:55","modified_gmt":"2026-02-13T14:08:55","slug":"terra-aquatica-tripak-starter-kit-dualpart-coco-0-5l-3","status":"publish","type":"product","link":"https:\/\/www.budream.com\/fr\/shop\/terra-aquatica-tripak-starter-kit-dualpart-coco-0-5l-3\/","title":{"rendered":"TERRA AQUATICA &#8211; TRIPAK STARTER KIT DUALPART COCO | 0.5L"},"content":{"rendered":"<p>Le TRIPACK <strong>TRIPART SERIES HARD WATER de Terra Aquatica<\/strong> est un paquet promotionnel contenant : le DualPart Coco series (Grow, Bloom) de 0,5 l, le FinalPart plus un kit de test pH et un sachet de pH- Powder.<\/p>\n<p>Le Tripack est l&rsquo;un des produits les plus populaires parmi les cultivateurs d&rsquo;int\u00e9rieur. Il s&rsquo;agit d&rsquo;un kit de d\u00e9marrage produit par les sp\u00e9cialistes Terra Aquatica qui comprend une version \u00ab\u00a0mini\u00a0\u00bb d&rsquo;un kit d&rsquo;engrais.<\/p>\n<p><strong>Concr\u00e8tement, le pack contient :<\/strong><\/p>\n<ul style=\"list-style-type: disc\">\n<li><span style=\"text-decoration: underline\"><strong><a rel=\"nofollow\" href=\"https:\/\/www.indoorline.com\/terra-aquatica-by-ghe-dualpart-coco-grow-ex-floracoco-bloom-0-5l.html\">DualPart Coco Grow 0,5L<\/a><\/strong><\/span><\/li>\n<li><span style=\"text-decoration: underline\"><strong><a rel=\"nofollow\" href=\"https:\/\/www.indoorline.com\/terra-aquatica-by-ghe-dualpart-coco-bloom-ex-floracoco-bloom-0-5l.html\">DualPart Coco Bloom 0,5L<\/a><\/strong><\/span><\/li>\n<li><span style=\"text-decoration: underline\"><strong><a rel=\"nofollow\" href=\"https:\/\/www.indoorline.com\/terra-aquatica-by-ghe-finalpart-ex-ripen-0-5l.html\">FinalPart 0,5L<\/a><\/strong><\/span><\/li>\n<li><\/li>\n<li>1 sachet de pH- Powder.<\/li>\n<\/ul>\n<p>Exceptionnellement riche en calcium et en magn\u00e9sium, il a la particularit\u00e9 d&rsquo;\u00eatre le seul engrais \u00e0 base de noix de <strong>coco<\/strong> sur le march\u00e9 qui ne n\u00e9cessite aucun autre additif.<\/p>\n<p>Il n&rsquo;est pas n\u00e9cessaire d&rsquo;apporter des suppl\u00e9ments de calcium ou de phosphore, comme c&rsquo;est souvent le cas avec la plupart des produits de coco conventionnels.<\/p>\n<h2 class=\"sousTitre\"><strong>Hautement concentr\u00e9, c&rsquo;est un v\u00e9ritable engrais de coco en deux parties.<br \/><em>Vous pouvez dire adieu au suppl\u00e9ment de calcium et de magn\u00e9sium pour toujours !<\/em><\/strong><\/h2>\n<p>Unique parmi les grandes marques, <strong>T.A. DualPart Coco n&rsquo;a besoin d&rsquo;aucun additif<\/strong> pour donner des r\u00e9sultats incroyables de la graine \u00e0 la floraison : les autres engrais de coco en 2 parties n\u00e9cessitent l&rsquo;ajout de Cal\/Mag et de boosters PK, donc 2 produits pour la v\u00e9g\u00e9tation et 2 pour la floraison. Ce n&rsquo;est pas le cas avec DualCoco : deux produits suffisent !<\/p>\n<p>DualPartCoco est exceptionnellement riche en calcium et en magn\u00e9sium, mais il contient \u00e9galement toute la gamme des autres \u00e9l\u00e9ments dont la plante a besoin pour une croissance saine et vigoureuse, suivie d&rsquo;une floraison et d&rsquo;une fructification abondantes. Il s&rsquo;agit notamment des oligo-\u00e9l\u00e9ments qui conf\u00e8rent \u00e0 votre produit final l&rsquo;ar\u00f4me et la saveur que vos plantes sont capables de d\u00e9velopper.<\/p>\n<p>Comme pour la plupart des engrais Terra Aquatica, <strong>utilisez DualPart Coco Grow and Bloom tout au long du cycle de vie de vos plantes<\/strong>; modifiez simplement le rapport entre les deux au fur et \u00e0 mesure de la croissance de votre plante : il n&rsquo;y a pas de deuxi\u00e8me s\u00e9rie de produits \u00e0 acheter lorsque vous passez de la croissance \u00e0 la floraison.<\/p>\n<h3><strong>COMMENT L&rsquo;UTILISER :<br \/><\/strong> <\/h3>\n<ul style=\"list-style-type: disc\">\n<li>Bien m\u00e9langer<strong>avant chaque utilisation<\/strong>, ajouter chaque produit \u00e0 l&rsquo;eau s\u00e9par\u00e9ment, bien m\u00e9langer et bien rincer le mat\u00e9riel de mesure entre les applications et apr\u00e8s utilisation.<\/li>\n<li><strong>T.A. DualPart Coco est tr\u00e8s concentr\u00e9 :<\/strong> un maximum de 4,5 ml\/L est n\u00e9cessaire.<\/li>\n<li>Pour de meilleurs r\u00e9sultats, utiliser DualPArt Coco avec du <strong>CocoTek<\/strong> ou du <strong>CocoTekPX<\/strong> pur.<\/li>\n<\/ul>\n<h3><strong>UTILISER AVEC :<\/p>\n<p><\/strong><\/h3>\n<ul style=\"list-style-type: disc\">\n<li>Fonctionne avec toutes les plantes, optimis\u00e9 pour les substrats de coco.<\/li>\n<li>Apr\u00e8s les nutriments, le plus grand avantage que vous pouvez donner \u00e0 toute culture est d&rsquo;utiliser un acide fulvique de haute qualit\u00e9 : <span style=\"text-decoration: underline\"><strong><a href=\"https:\/\/www.indoorline.com\/prodotti.php?ricerca=fulvic\">T.A. Fulvic<\/a><\/strong><\/span> est le meilleur.<\/li>\n<li><span style=\"text-decoration: underline\"><strong><a href=\"https:\/\/www.indoorline.com\/prodotti.php?ricerca=flashclean\">FlashClean<\/a><\/strong><\/span>: Pas seulement pour les probl\u00e8mes d&rsquo;absorption et de r\u00e9colte : FlashClean r\u00e9g\u00e9n\u00e8re les substrats \u00e9puis\u00e9s qui peuvent \u00eatre difficiles \u00e0 manipuler lorsque les plantes fruiti\u00e8res ne peuvent pas \u00eatre rempot\u00e9es, et peut donner un nouvel \u00e9lan aux plantes m\u00e8res.<\/li>\n<li>Terra Aquatica Organic Additives : la gamme Terra Aquatica comprend des additifs de haute qualit\u00e9 pour affiner et am\u00e9liorer votre culture, notamment <strong><a rel=\"nofollow\" href=\"https:\/\/www.indoorline.com\/terra-aquatica-by-ghe-seaweed-ex-go-bioweed-seaweed-0-5l.html\">Seaweed<\/a><\/strong>, un puissant activateur de pr\u00e9-floraison.<\/li>\n<li>Dans les derniers jours, utilisez <span style=\"text-decoration: underline\"><strong><a href=\"https:\/\/www.indoorline.com\/prodotti.php?ricerca=finalpart\">FinalPart<\/a> <\/strong><\/span>seul pour stimuler la production de fleurs.<\/li>\n<li><span style=\"text-decoration: underline\"><strong><a rel=\"nofollow\" href=\"https:\/\/www.indoorline.com\/terra-aquatica-by-ghe-trikologic-ex-bm-bioponic-50gr.html\">Trikologic<\/a><\/strong><\/span> apporte une vie microbienne b\u00e9n\u00e9fique \u00e0 vos racines, <span style=\"text-decoration: underline\"><strong><a rel=\"nofollow\" href=\"https:\/\/www.indoorline.com\/prodotti.php?ricerca=trikologic+s\">Trikologic S<\/a><\/strong><\/span> ajoute une protection et une performance \u00e9lev\u00e9es, en particulier \u00e0 des temp\u00e9ratures \u00e9lev\u00e9es.<\/li>\n<\/ul>\n","protected":false},"excerpt":{"rendered":"<p>Le TRIPACK TRIPART SERIES HARD WATER de Terra Aquatica est un paquet promotionnel contenant : le DualPart Coco series (Grow,<\/p>\n","protected":false},"featured_media":227198,"comment_status":"open","ping_status":"closed","template":"","meta":[],"product_brand":[],"product_cat":[7926],"product_tag":[],"class_list":{"0":"post-227203","1":"product","2":"type-product","3":"status-publish","4":"has-post-thumbnail","6":"product_cat-growshop-fr","8":"first","9":"instock","10":"taxable","11":"shipping-taxable","12":"purchasable","13":"product-type-simple"},"_links":{"self":[{"href":"https:\/\/www.budream.com\/fr\/wp-json\/wp\/v2\/product\/227203","targetHints":{"allow":["GET"]}}],"collection":[{"href":"https:\/\/www.budream.com\/fr\/wp-json\/wp\/v2\/product"}],"about":[{"href":"https:\/\/www.budream.com\/fr\/wp-json\/wp\/v2\/types\/product"}],"replies":[{"embeddable":true,"href":"https:\/\/www.budream.com\/fr\/wp-json\/wp\/v2\/comments?post=227203"}],"version-history":[{"count":0,"href":"https:\/\/www.budream.com\/fr\/wp-json\/wp\/v2\/product\/227203\/revisions"}],"wp:featuredmedia":[{"embeddable":true,"href":"https:\/\/www.budream.com\/fr\/wp-json\/wp\/v2\/media\/227198"}],"wp:attachment":[{"href":"https:\/\/www.budream.com\/fr\/wp-json\/wp\/v2\/media?parent=227203"}],"wp:term":[{"taxonomy":"product_brand","embeddable":true,"href":"https:\/\/www.budream.com\/fr\/wp-json\/wp\/v2\/product_brand?post=227203"},{"taxonomy":"product_cat","embeddable":true,"href":"https:\/\/www.budream.com\/fr\/wp-json\/wp\/v2\/product_cat?post=227203"},{"taxonomy":"product_tag","embeddable":true,"href":"https:\/\/www.budream.com\/fr\/wp-json\/wp\/v2\/product_tag?post=227203"}],"curies":[{"name":"wp","href":"https:\/\/api.w.org\/{rel}","templated":true}]}}