{"id":227426,"date":"2025-11-04T15:25:17","date_gmt":"2025-11-04T13:25:17","guid":{"rendered":"https:\/\/www.budream.com\/?post_type=product&#038;p=227426"},"modified":"2026-01-19T11:39:42","modified_gmt":"2026-01-19T09:39:42","slug":"arizer-adaptateur-14mm-pour-solo-et-air-2","status":"publish","type":"product","link":"https:\/\/www.budream.com\/fr\/shop\/arizer-adaptateur-14mm-pour-solo-et-air-2\/","title":{"rendered":"ARIZER &#8211; ADAPTATEUR DE VERRE 10MM \u00c0 14MM POUR BONGS ET VAPORISATEURS"},"content":{"rendered":"<p>Adaptateur\/r\u00e9ducteur en verre pour bongs et vaporisateurs.<\/p>\n<h2><span style=\"text-decoration: underline;font-size: 14pt\">ADAPTATEUR R\u00c9DUCTEUR EN VERRE DE 10MM \u00c0 14MM POUR BONGS ET VAPORISATEURS :<\/span><\/h2>\n<p><\/p>\n<ul style=\"list-style-type: disc\">\n<li>DIMENSIONS : 14mm femelle \/ 10mm m\u00e2le. <\/li>\n<li>100% verre<\/li>\n<li>Id\u00e9al pour les adaptateurs de pipe \u00e0 eau et de bong d&rsquo;ARIZER, AURA , XVAPE VITAL , MIGHTY+ , CRAFTY+ , FOG PRO et bien d&rsquo;autres !<\/li>\n<\/ul>\n","protected":false},"excerpt":{"rendered":"<p>Adaptateur\/r\u00e9ducteur en verre pour bongs et vaporisateurs. ADAPTATEUR R\u00c9DUCTEUR EN VERRE DE 10MM \u00c0 14MM POUR BONGS ET VAPORISATEURS :<\/p>\n","protected":false},"featured_media":227431,"comment_status":"open","ping_status":"closed","template":"","meta":[],"product_brand":[],"product_cat":[7910],"product_tag":[],"class_list":{"0":"post-227426","1":"product","2":"type-product","3":"status-publish","4":"has-post-thumbnail","6":"product_cat-vaporisateurs","8":"first","9":"instock","10":"sale","11":"taxable","12":"shipping-taxable","13":"purchasable","14":"product-type-simple"},"_links":{"self":[{"href":"https:\/\/www.budream.com\/fr\/wp-json\/wp\/v2\/product\/227426","targetHints":{"allow":["GET"]}}],"collection":[{"href":"https:\/\/www.budream.com\/fr\/wp-json\/wp\/v2\/product"}],"about":[{"href":"https:\/\/www.budream.com\/fr\/wp-json\/wp\/v2\/types\/product"}],"replies":[{"embeddable":true,"href":"https:\/\/www.budream.com\/fr\/wp-json\/wp\/v2\/comments?post=227426"}],"version-history":[{"count":0,"href":"https:\/\/www.budream.com\/fr\/wp-json\/wp\/v2\/product\/227426\/revisions"}],"wp:featuredmedia":[{"embeddable":true,"href":"https:\/\/www.budream.com\/fr\/wp-json\/wp\/v2\/media\/227431"}],"wp:attachment":[{"href":"https:\/\/www.budream.com\/fr\/wp-json\/wp\/v2\/media?parent=227426"}],"wp:term":[{"taxonomy":"product_brand","embeddable":true,"href":"https:\/\/www.budream.com\/fr\/wp-json\/wp\/v2\/product_brand?post=227426"},{"taxonomy":"product_cat","embeddable":true,"href":"https:\/\/www.budream.com\/fr\/wp-json\/wp\/v2\/product_cat?post=227426"},{"taxonomy":"product_tag","embeddable":true,"href":"https:\/\/www.budream.com\/fr\/wp-json\/wp\/v2\/product_tag?post=227426"}],"curies":[{"name":"wp","href":"https:\/\/api.w.org\/{rel}","templated":true}]}}