{"id":227520,"date":"2025-11-04T16:07:49","date_gmt":"2025-11-04T14:07:49","guid":{"rendered":"https:\/\/www.budream.com\/?post_type=product&#038;p=227520"},"modified":"2026-04-21T19:38:20","modified_gmt":"2026-04-21T17:38:20","slug":"arizer-26650-batterie-pour-arizer-air-max-avec-etui-de-protection","status":"publish","type":"product","link":"https:\/\/www.budream.com\/fr\/shop\/arizer-26650-batterie-pour-arizer-air-max-avec-etui-de-protection\/","title":{"rendered":"ARIZER &#8211; 26650 BATTERIE POUR ARIZER AIR MAX AVEC \u00c9TUI DE PROTECTION"},"content":{"rendered":"<p>Batterie de remplacement (cellule lithium-ion 26650) pour les vaporisateurs Arizer Air Max avec testeur de batterie. &#8211; Haute performance, haute qualit\u00e9 et longue dur\u00e9e de vie.<br \/>La batterie est livr\u00e9e dans un \u00e9tui de protection qui indique \u00e9galement le niveau de charge.<\/p>\n<h2><span style=\"text-decoration: underline\">Batterie Arizer compatible avec :<\/span><\/h2>\n<ul style=\"list-style-type: disc\">\n<li>Arizer Air Max<\/li>\n<\/ul>\n","protected":false},"excerpt":{"rendered":"<p>Batterie de remplacement (cellule lithium-ion 26650) pour les vaporisateurs Arizer Air Max avec testeur de batterie. &#8211; Haute performance, haute<\/p>\n","protected":false},"featured_media":227525,"comment_status":"open","ping_status":"closed","template":"","meta":[],"product_brand":[],"product_cat":[7910],"product_tag":[],"class_list":{"0":"post-227520","1":"product","2":"type-product","3":"status-publish","4":"has-post-thumbnail","6":"product_cat-vaporisateurs","8":"first","9":"instock","10":"sale","11":"taxable","12":"shipping-taxable","13":"purchasable","14":"product-type-simple"},"_links":{"self":[{"href":"https:\/\/www.budream.com\/fr\/wp-json\/wp\/v2\/product\/227520","targetHints":{"allow":["GET"]}}],"collection":[{"href":"https:\/\/www.budream.com\/fr\/wp-json\/wp\/v2\/product"}],"about":[{"href":"https:\/\/www.budream.com\/fr\/wp-json\/wp\/v2\/types\/product"}],"replies":[{"embeddable":true,"href":"https:\/\/www.budream.com\/fr\/wp-json\/wp\/v2\/comments?post=227520"}],"version-history":[{"count":0,"href":"https:\/\/www.budream.com\/fr\/wp-json\/wp\/v2\/product\/227520\/revisions"}],"wp:featuredmedia":[{"embeddable":true,"href":"https:\/\/www.budream.com\/fr\/wp-json\/wp\/v2\/media\/227525"}],"wp:attachment":[{"href":"https:\/\/www.budream.com\/fr\/wp-json\/wp\/v2\/media?parent=227520"}],"wp:term":[{"taxonomy":"product_brand","embeddable":true,"href":"https:\/\/www.budream.com\/fr\/wp-json\/wp\/v2\/product_brand?post=227520"},{"taxonomy":"product_cat","embeddable":true,"href":"https:\/\/www.budream.com\/fr\/wp-json\/wp\/v2\/product_cat?post=227520"},{"taxonomy":"product_tag","embeddable":true,"href":"https:\/\/www.budream.com\/fr\/wp-json\/wp\/v2\/product_tag?post=227520"}],"curies":[{"name":"wp","href":"https:\/\/api.w.org\/{rel}","templated":true}]}}