{"id":228035,"date":"2025-11-06T17:45:19","date_gmt":"2025-11-06T15:45:19","guid":{"rendered":"https:\/\/www.budream.com\/?post_type=product&#038;p=228035"},"modified":"2026-05-13T18:36:39","modified_gmt":"2026-05-13T16:36:39","slug":"bioki-litotamnio-900gr","status":"publish","type":"product","link":"https:\/\/www.budream.com\/fr\/shop\/bioki-litotamnio-900gr\/","title":{"rendered":"BIOKI &#8211; LITOTAMNIO | 900gr"},"content":{"rendered":"<p>UTILISATION : traitements foliaires <br \/>Le lithothamne est une poudre extraite d&rsquo;algues rouges calcaires (Lithothamnium calcareum), min\u00e9ralis\u00e9es sur les c\u00f4tes atlantiques de la France et caract\u00e9ris\u00e9es par une forte charpente calcaire. Les effets b\u00e9n\u00e9fiques de la farine d&rsquo;algues sont d\u00e9termin\u00e9s par la richesse en carbonate de calcium, en magn\u00e9sium et surtout en oligo-\u00e9l\u00e9ments. <\/p>\n<p>Cette composition conf\u00e8re au lithotamium un large \u00e9ventail d&rsquo;utilisations en agro\u00e9cologie. <br \/>Cette poudre est tr\u00e8s utilis\u00e9e en agriculture biologique et biodynamique, car elle remplit plusieurs fonctions <br \/>&#8211; phytostimulant : la teneur \u00e9lev\u00e9e en carbonate de calcium (80-85%), en magn\u00e9sium (10-15%) et en oligo-\u00e9l\u00e9ments en fait un excellent produit pour favoriser le d\u00e9veloppement des plantes et leurs capacit\u00e9s d&rsquo;autod\u00e9fense ; <br \/>&#8211; conditionneur de sol : am\u00e9liore la structure et le pH des sols acides ; <br \/>&#8211; antiparasitaire : la poudre de lithotamne cr\u00e9e un fin voile de particules calcaires sur la plante, qui constitue un obstacle pour les pi\u00e8ces buccales des insectes qui se nourrissent des parties vertes de la plante et pour la p\u00e9n\u00e9tration des agents pathog\u00e8nes. C&rsquo;est un excellent engrais pour les potagers et les vergers, \u00e0 raison de 5 kg pour 100 m2. Il convient particuli\u00e8rement aux sols acides et pauvres en humus car il est riche en calcium, en magn\u00e9sium et en oligo-\u00e9l\u00e9ments. <\/p>\n<p>Le lithotamne est \u00e9galement utilis\u00e9 pour renforcer l&rsquo;autod\u00e9fense des plantes, le principal traitement en agriculture biologique \u00e9tant appel\u00e9 NAB.<br \/>Pr\u00e9paration pour 100 litres d&rsquo;eau <br \/>1600 g de lithotamne<br \/>300 g de bentonite<br \/>100 g de savon au soufre<\/p>\n<p>Ajouter \u00e0 la suspension obtenue : 100 g de solution de propolis et 2000 g de silicate de sodium (traitement \u00e0 effectuer au moment du gonflement des bourgeons et apr\u00e8s la floraison). <br \/>La fonction des diff\u00e9rents composants est la suivante : <br \/>&#8211; Lithotamne : Fournisseur de micro-\u00e9l\u00e9ments (calcium, magn\u00e9sium, bore, mangan\u00e8se). <br \/>&#8211; Bentonite : Liant, fournisseur de magn\u00e9sium, potassium, silicium. <br \/>&#8211; Soufre : fongicide antio\u00efdique soufr\u00e9. <br \/>&#8211; Propolis : Fongicide. <br \/>&#8211; Silicate de sodium : Adh\u00e9sif ayant une action insecticide par d\u00e9shydratation sur les \u0153ufs et les larves.<\/p>\n","protected":false},"excerpt":{"rendered":"<p>UTILISATION : traitements foliaires Le lithothamne est une poudre extraite d&rsquo;algues rouges calcaires (Lithothamnium calcareum), min\u00e9ralis\u00e9es sur les c\u00f4tes atlantiques<\/p>\n","protected":false},"featured_media":228040,"comment_status":"open","ping_status":"closed","template":"","meta":[],"product_brand":[],"product_cat":[1175],"product_tag":[],"class_list":{"0":"post-228035","1":"product","2":"type-product","3":"status-publish","4":"has-post-thumbnail","6":"product_cat-seedshop","8":"first","9":"instock","10":"taxable","11":"shipping-taxable","12":"purchasable","13":"product-type-simple"},"aioseo_notices":[],"_links":{"self":[{"href":"https:\/\/www.budream.com\/fr\/wp-json\/wp\/v2\/product\/228035","targetHints":{"allow":["GET"]}}],"collection":[{"href":"https:\/\/www.budream.com\/fr\/wp-json\/wp\/v2\/product"}],"about":[{"href":"https:\/\/www.budream.com\/fr\/wp-json\/wp\/v2\/types\/product"}],"replies":[{"embeddable":true,"href":"https:\/\/www.budream.com\/fr\/wp-json\/wp\/v2\/comments?post=228035"}],"version-history":[{"count":1,"href":"https:\/\/www.budream.com\/fr\/wp-json\/wp\/v2\/product\/228035\/revisions"}],"predecessor-version":[{"id":271368,"href":"https:\/\/www.budream.com\/fr\/wp-json\/wp\/v2\/product\/228035\/revisions\/271368"}],"wp:featuredmedia":[{"embeddable":true,"href":"https:\/\/www.budream.com\/fr\/wp-json\/wp\/v2\/media\/228040"}],"wp:attachment":[{"href":"https:\/\/www.budream.com\/fr\/wp-json\/wp\/v2\/media?parent=228035"}],"wp:term":[{"taxonomy":"product_brand","embeddable":true,"href":"https:\/\/www.budream.com\/fr\/wp-json\/wp\/v2\/product_brand?post=228035"},{"taxonomy":"product_cat","embeddable":true,"href":"https:\/\/www.budream.com\/fr\/wp-json\/wp\/v2\/product_cat?post=228035"},{"taxonomy":"product_tag","embeddable":true,"href":"https:\/\/www.budream.com\/fr\/wp-json\/wp\/v2\/product_tag?post=228035"}],"curies":[{"name":"wp","href":"https:\/\/api.w.org\/{rel}","templated":true}]}}