{"id":228198,"date":"2025-11-07T16:48:57","date_gmt":"2025-11-07T14:48:57","guid":{"rendered":"https:\/\/www.budream.com\/shop\/saboten-ciseaux-de-coupe-professionnels-magnetiques-avec-lames-inclinees\/"},"modified":"2026-04-01T11:03:41","modified_gmt":"2026-04-01T09:03:41","slug":"saboten-ciseaux-de-coupe-professionnels-magnetiques-avec-lames-inclinees","status":"publish","type":"product","link":"https:\/\/www.budream.com\/fr\/shop\/saboten-ciseaux-de-coupe-professionnels-magnetiques-avec-lames-inclinees\/","title":{"rendered":"SABOTEN &#8211; CISEAUX DE COUPE PROFESSIONNELS | MAGN\u00c9TIQUES AVEC LAMES INCLIN\u00c9ES"},"content":{"rendered":"<p>Ciseaux SABOTEN de haute qualit\u00e9, fabriqu\u00e9s au Japon, pour une coupe professionnelle.<\/p>\n<p>Les ciseaux professionnels Saboten <strong>PT-16 ANGLED<\/strong> sont dot\u00e9s d&rsquo;une lame fine et incroyablement l\u00e9g\u00e8re qui permet une coupe nette et pr\u00e9cise. La poign\u00e9e ergonomique et antid\u00e9rapante de style bonsa\u00ef est con\u00e7ue pour des sessions prolong\u00e9es avec un minimum de fatigue. <b>Ce mod\u00e8le est \u00e9quip\u00e9 d&rsquo;une lame angulaire<\/b>.<\/p>\n<p>Trait\u00e9es thermiquement et fabriqu\u00e9es en acier inoxydable japonais de haute qualit\u00e9, les lames sont recouvertes de fluorure pour emp\u00eacher l&rsquo;accumulation de r\u00e9sine, de s\u00e8ve et de d\u00e9bris. Les lames sont tranchantes comme des rasoirs et peuvent \u00eatre aff\u00fbt\u00e9es.<\/p>\n<p>Les s\u00e9cateurs professionnels SABOTEN sont \u00e9quip\u00e9s d&rsquo;indicateurs de mesure pour faciliter la pr\u00e9cision lors de la coupe ou de la taille.<\/p>\n<p>Fabriqu\u00e9 au Japon, facile \u00e0 nettoyer, durable, tranchant ( !), super tranchant, confortable&#8230; Les ciseaux SABOTEN sont les bienvenus sur le march\u00e9.<\/p>\n<p><\/p>\n<h2><span style=\"text-decoration: underline\"><strong>Sp\u00e9cifications des ciseaux de taille Saboten Pt-16 :<\/strong><\/span><\/h2>\n<ul style=\"list-style-type: disc\">\n<li><strong>Type de lame : angulaire<\/strong> avec une pointe ac\u00e9r\u00e9e<\/li>\n<li><strong>Syst\u00e8me d&rsquo;ouverture magn\u00e9tique<\/strong>: au lieu du ressort classique, l&rsquo;aimant permet une ouverture automatique plus douce.<\/li>\n<li>Mat\u00e9riau de la lame : acier inoxydable japonais avec rev\u00eatement en fluorine<\/li>\n<li>Longueur de la lame : 35 mm (1.37 pouces)<\/li>\n<li>Longueur totale : 160 mm (6,29 pouces)<\/li>\n<li>Lame l\u00e9g\u00e8re, solide et fine, tranchante comme un rasoir<\/li>\n<li>Peut \u00eatre aiguis\u00e9e !<\/li>\n<li>Manche ergonomique et antid\u00e9rapant<\/li>\n<li>Les lames rev\u00eatues de fluor emp\u00eachent l&rsquo;accumulation de r\u00e9sine, de s\u00e8ve et de d\u00e9bris.<\/li>\n<li>Indicateurs de mesure estampill\u00e9s pour faciliter la pr\u00e9cision lors de la coupe ou de l&rsquo;\u00e9lagage<\/li>\n<li>Fabriqu\u00e9 au Japon<\/li>\n<\/ul>\n<p><\/p>\n","protected":false},"excerpt":{"rendered":"<p>Ciseaux SABOTEN de haute qualit\u00e9, fabriqu\u00e9s au Japon, pour une coupe professionnelle. Les ciseaux professionnels Saboten PT-16 ANGLED sont dot\u00e9s<\/p>\n","protected":false},"featured_media":228193,"comment_status":"open","ping_status":"closed","template":"","meta":[],"product_brand":[],"product_cat":[7949],"product_tag":[],"class_list":{"0":"post-228198","1":"product","2":"type-product","3":"status-publish","4":"has-post-thumbnail","6":"product_cat-headshop-fr","8":"first","9":"instock","10":"taxable","11":"shipping-taxable","12":"purchasable","13":"product-type-simple"},"aioseo_notices":[],"_links":{"self":[{"href":"https:\/\/www.budream.com\/fr\/wp-json\/wp\/v2\/product\/228198","targetHints":{"allow":["GET"]}}],"collection":[{"href":"https:\/\/www.budream.com\/fr\/wp-json\/wp\/v2\/product"}],"about":[{"href":"https:\/\/www.budream.com\/fr\/wp-json\/wp\/v2\/types\/product"}],"replies":[{"embeddable":true,"href":"https:\/\/www.budream.com\/fr\/wp-json\/wp\/v2\/comments?post=228198"}],"version-history":[{"count":1,"href":"https:\/\/www.budream.com\/fr\/wp-json\/wp\/v2\/product\/228198\/revisions"}],"predecessor-version":[{"id":262027,"href":"https:\/\/www.budream.com\/fr\/wp-json\/wp\/v2\/product\/228198\/revisions\/262027"}],"wp:featuredmedia":[{"embeddable":true,"href":"https:\/\/www.budream.com\/fr\/wp-json\/wp\/v2\/media\/228193"}],"wp:attachment":[{"href":"https:\/\/www.budream.com\/fr\/wp-json\/wp\/v2\/media?parent=228198"}],"wp:term":[{"taxonomy":"product_brand","embeddable":true,"href":"https:\/\/www.budream.com\/fr\/wp-json\/wp\/v2\/product_brand?post=228198"},{"taxonomy":"product_cat","embeddable":true,"href":"https:\/\/www.budream.com\/fr\/wp-json\/wp\/v2\/product_cat?post=228198"},{"taxonomy":"product_tag","embeddable":true,"href":"https:\/\/www.budream.com\/fr\/wp-json\/wp\/v2\/product_tag?post=228198"}],"curies":[{"name":"wp","href":"https:\/\/api.w.org\/{rel}","templated":true}]}}