{"id":228630,"date":"2025-11-12T11:48:18","date_gmt":"2025-11-12T09:48:18","guid":{"rendered":"https:\/\/www.budream.com\/?post_type=product&#038;p=228630"},"modified":"2026-02-12T13:53:56","modified_gmt":"2026-02-12T11:53:56","slug":"airfan-expirateur-daspirateur-en-mousse-1200m3-diametre-250mm","status":"publish","type":"product","link":"https:\/\/www.budream.com\/fr\/shop\/airfan-expirateur-daspirateur-en-mousse-1200m3-diametre-250mm\/","title":{"rendered":"AIRFAN &#8211; EXPIRATEUR D&rsquo;ASPIRATEUR EN MOUSSE &#8211; 1200m3 DIAMETRE 250MM"},"content":{"rendered":"<p>AIRFAN a inclus des aspirateurs en mousse dans son catalogue.<\/p>\n<p>Les propri\u00e9t\u00e9s isolantes du bo\u00eetier en polypropyl\u00e8ne (EPP) minimisent les vibrations et le bruit pour un fonctionnement plus silencieux.<\/p>\n<p>Les caissons de ventilation FOAM sont \u00e9quip\u00e9s de ventilateurs centrifuges et isol\u00e9s avec de la mousse \u00e0 bulles de haute qualit\u00e9, durable et insonorisante. Ils sont con\u00e7us pour fonctionner avec la haute pression disponible, ont un niveau sonore tr\u00e8s bas et sont con\u00e7us pour \u00eatre raccord\u00e9s \u00e0 des conduits d&rsquo;air ronds.<\/p>\n<p>Chaque bo\u00eete de ventilation en mousse est test\u00e9e et inspect\u00e9e individuellement avant de quitter l&rsquo;usine.<\/p>\n<h2><span style=\"text-decoration: underline\"><strong>Caract\u00e9ristiques du caisson de ventilation Foam Airfan :<\/strong><\/span><\/h2>\n<ul style=\"list-style-type: disc\">\n<li>L\u00e9ger<\/li>\n<li>Tr\u00e8s r\u00e9sistant<\/li>\n<li>Absorbe les chocs<\/li>\n<li>Isolant<\/li>\n<li>Effet m\u00e9moire (retour \u00e0 la forme initiale)<\/li>\n<li>Recyclable<\/li>\n<li>Imperm\u00e9able \u00e0 l&rsquo;eau<\/li>\n<li>Etanche \u00e0 l&rsquo;air<\/li>\n<li>Ignifug\u00e9<\/li>\n<li>R\u00e9sistant \u00e0 la temp\u00e9rature (-40 \u00e0 100 C)<\/li>\n<li>Anti-moisissure<\/li>\n<\/ul>\n<p><\/p>\n<h2><span style=\"text-decoration: underline\"><strong>Caract\u00e9ristiques techniques Aspirateur \u00e0 cassette Foam Airfan :<br \/><\/strong><\/span><\/h2>\n<ul style=\"list-style-type: disc\">\n<li>Tension d&rsquo;alimentation : monophas\u00e9e 220\/240V &#8211; 50Hz<\/li>\n<li>Plage de temp\u00e9rature : -40 \u00e0 110 C<\/li>\n<li>Classe de protection : IP44<\/li>\n<li>Dimensioni:420x420x480mm<\/li>\n<li>Bride de sortie : &Oslash; 250mm<\/li>\n<li>Bride d&rsquo;entr\u00e9e : &Oslash; 250mm<\/li>\n<\/ul>\n<h2><\/h2>\n","protected":false},"excerpt":{"rendered":"<p>AIRFAN a inclus des aspirateurs en mousse dans son catalogue. Les propri\u00e9t\u00e9s isolantes du bo\u00eetier en polypropyl\u00e8ne (EPP) minimisent les<\/p>\n","protected":false},"featured_media":228345,"comment_status":"open","ping_status":"closed","template":"","meta":[],"product_brand":[],"product_cat":[7926],"product_tag":[],"class_list":{"0":"post-228630","1":"product","2":"type-product","3":"status-publish","4":"has-post-thumbnail","6":"product_cat-growshop-fr","8":"first","9":"instock","10":"taxable","11":"shipping-taxable","12":"purchasable","13":"product-type-simple"},"aioseo_notices":[],"_links":{"self":[{"href":"https:\/\/www.budream.com\/fr\/wp-json\/wp\/v2\/product\/228630","targetHints":{"allow":["GET"]}}],"collection":[{"href":"https:\/\/www.budream.com\/fr\/wp-json\/wp\/v2\/product"}],"about":[{"href":"https:\/\/www.budream.com\/fr\/wp-json\/wp\/v2\/types\/product"}],"replies":[{"embeddable":true,"href":"https:\/\/www.budream.com\/fr\/wp-json\/wp\/v2\/comments?post=228630"}],"version-history":[{"count":0,"href":"https:\/\/www.budream.com\/fr\/wp-json\/wp\/v2\/product\/228630\/revisions"}],"wp:featuredmedia":[{"embeddable":true,"href":"https:\/\/www.budream.com\/fr\/wp-json\/wp\/v2\/media\/228345"}],"wp:attachment":[{"href":"https:\/\/www.budream.com\/fr\/wp-json\/wp\/v2\/media?parent=228630"}],"wp:term":[{"taxonomy":"product_brand","embeddable":true,"href":"https:\/\/www.budream.com\/fr\/wp-json\/wp\/v2\/product_brand?post=228630"},{"taxonomy":"product_cat","embeddable":true,"href":"https:\/\/www.budream.com\/fr\/wp-json\/wp\/v2\/product_cat?post=228630"},{"taxonomy":"product_tag","embeddable":true,"href":"https:\/\/www.budream.com\/fr\/wp-json\/wp\/v2\/product_tag?post=228630"}],"curies":[{"name":"wp","href":"https:\/\/api.w.org\/{rel}","templated":true}]}}