{"id":229403,"date":"2025-11-17T17:48:20","date_gmt":"2025-11-17T15:48:20","guid":{"rendered":"https:\/\/www.budream.com\/?post_type=product&#038;p=229403"},"modified":"2025-12-30T12:09:51","modified_gmt":"2025-12-30T10:09:51","slug":"trimbin-plateau-debarbage-et-de-nettoyage-avec-filtre-et-sac-de-collecte","status":"publish","type":"product","link":"https:\/\/www.budream.com\/fr\/shop\/trimbin-plateau-debarbage-et-de-nettoyage-avec-filtre-et-sac-de-collecte\/","title":{"rendered":"TRIMBIN &#8211; PLATEAU D&rsquo;\u00c9BARBAGE ET DE NETTOYAGE AVEC FILTRE ET SAC DE COLLECTE"},"content":{"rendered":"<p>Le filtre TrimBin permet de s\u00e9parer rapidement les parties de plantes ind\u00e9sirables dans le sac de collecte inclus. Ergonomique et robuste, le filtre TrimBin permet de trier les parties de plantes sans stress. Le plateau est facile \u00e0 nettoyer et \u00e0 transporter.<\/p>\n<p>Le filtre TrimBin est la derni\u00e8re innovation dans le monde du triage manuel.<\/p>\n<h2><span style=\"text-decoration: underline\">Caract\u00e9ristiques Plateau filtrant TrimBin<\/span><\/h2>\n<ul style=\"list-style-type: disc\">\n<li>Le sac de collecte est fix\u00e9 au conteneur situ\u00e9 sous le plateau.<\/li>\n<li>Utilisez les trois plateaux (TrimBin original) pour trier votre travail et collecter le pollen.<\/li>\n<li>Chaque filtre TrimBin comprend un sac de collecte de 40 x 45 cm.<\/li>\n<li>Con\u00e7u et test\u00e9 pour un tri optimal<\/li>\n<li>Poste de travail ultral\u00e9ger<\/li>\n<li>Facile \u00e0 nettoyer. Facile \u00e0 transporter.<\/li>\n<li>Fabriqu\u00e9 en Californie, \u00c9tats-Unis<\/li>\n<li>TrimBin contribue \u00e0 l&rsquo;organisation et \u00e0 l&rsquo;efficacit\u00e9 de votre lieu de travail.<\/li>\n<\/ul>\n","protected":false},"excerpt":{"rendered":"<p>Le filtre TrimBin permet de s\u00e9parer rapidement les parties de plantes ind\u00e9sirables dans le sac de collecte inclus. Ergonomique et<\/p>\n","protected":false},"featured_media":229408,"comment_status":"open","ping_status":"closed","template":"","meta":[],"product_brand":[],"product_cat":[7949],"product_tag":[],"class_list":{"0":"post-229403","1":"product","2":"type-product","3":"status-publish","4":"has-post-thumbnail","6":"product_cat-headshop-fr","8":"first","9":"instock","10":"taxable","11":"shipping-taxable","12":"purchasable","13":"product-type-simple"},"aioseo_notices":[],"_links":{"self":[{"href":"https:\/\/www.budream.com\/fr\/wp-json\/wp\/v2\/product\/229403","targetHints":{"allow":["GET"]}}],"collection":[{"href":"https:\/\/www.budream.com\/fr\/wp-json\/wp\/v2\/product"}],"about":[{"href":"https:\/\/www.budream.com\/fr\/wp-json\/wp\/v2\/types\/product"}],"replies":[{"embeddable":true,"href":"https:\/\/www.budream.com\/fr\/wp-json\/wp\/v2\/comments?post=229403"}],"version-history":[{"count":0,"href":"https:\/\/www.budream.com\/fr\/wp-json\/wp\/v2\/product\/229403\/revisions"}],"wp:featuredmedia":[{"embeddable":true,"href":"https:\/\/www.budream.com\/fr\/wp-json\/wp\/v2\/media\/229408"}],"wp:attachment":[{"href":"https:\/\/www.budream.com\/fr\/wp-json\/wp\/v2\/media?parent=229403"}],"wp:term":[{"taxonomy":"product_brand","embeddable":true,"href":"https:\/\/www.budream.com\/fr\/wp-json\/wp\/v2\/product_brand?post=229403"},{"taxonomy":"product_cat","embeddable":true,"href":"https:\/\/www.budream.com\/fr\/wp-json\/wp\/v2\/product_cat?post=229403"},{"taxonomy":"product_tag","embeddable":true,"href":"https:\/\/www.budream.com\/fr\/wp-json\/wp\/v2\/product_tag?post=229403"}],"curies":[{"name":"wp","href":"https:\/\/api.w.org\/{rel}","templated":true}]}}