{"id":229468,"date":"2025-11-19T11:04:54","date_gmt":"2025-11-19T09:04:54","guid":{"rendered":"https:\/\/www.budream.com\/?post_type=product&#038;p=229468"},"modified":"2025-12-18T15:45:41","modified_gmt":"2025-12-18T13:45:41","slug":"trimbin-plateau-ergonomique-pour-la-coupe-le-nettoyage-et-la-recolte-150-micron","status":"publish","type":"product","link":"https:\/\/www.budream.com\/fr\/shop\/trimbin-plateau-ergonomique-pour-la-coupe-le-nettoyage-et-la-recolte-150-micron\/","title":{"rendered":"R\u00c9COLTER PLUS &#8211; D\u00c9BROUSSAILLEUSE \u00c0 CISEAUX"},"content":{"rendered":"<p>Dites adieu aux lames caoutchouteuses, aux chiffons collants et aux verres spongieux : le nettoyeur de ciseaux fait le travail sans effort et sans d\u00e9g\u00e2ts !<br \/>Gardez des ciseaux de rechange \u00e0 port\u00e9e de main lorsque vous coupez et remplacez-les par des ciseaux collants : vous ne serez plus jamais ralenti par des ciseaux collants lorsque vous aurez le nettoyeur \u00e0 port\u00e9e de main.<\/p>\n<p>Le syst\u00e8me de nettoyage des ciseaux Harvest More est <strong>efficace et portable<\/strong>: il suffit d&rsquo;ouvrir le couvercle et de remplir le r\u00e9servoir avec la solution de nettoyage de votre choix. Et voil\u00e0 : votre nettoyeur de ciseaux Harvest More est pr\u00eat \u00e0 l&#8217;emploi. Retirez et collectez la r\u00e9sine en <strong>quelques secondes<\/strong>.<\/p>\n<p>Les ciseaux collants font perdre du <strong>temps<\/strong>! Avec le nettoyeur de ciseaux, vous obtiendrez une coupe nette beaucoup plus rapidement !<\/p>\n<h2><span style=\"text-decoration: underline\">Caract\u00e9ristiques Nettoyeur de ciseaux :<\/span><\/h2>\n<ul style=\"list-style-type: disc\">\n<li>Ouverture et fermeture faciles du r\u00e9cipient<\/li>\n<li>Poils amovibles<\/li>\n<li>Utilisez votre solution de nettoyage pr\u00e9f\u00e9r\u00e9e<\/li>\n<li>Les l\u00e8vres en caoutchouc nettoient l&rsquo;exc\u00e8s de solution<\/li>\n<li>La meilleure fa\u00e7on de garder les ciseaux propres lors d&rsquo;une collecte rapide et facile<\/li>\n<\/ul>\n","protected":false},"excerpt":{"rendered":"<p>Dites adieu aux lames caoutchouteuses, aux chiffons collants et aux verres spongieux : le nettoyeur de ciseaux fait le travail<\/p>\n","protected":false},"featured_media":229507,"comment_status":"open","ping_status":"closed","template":"","meta":[],"product_brand":[],"product_cat":[7948],"product_tag":[],"class_list":{"0":"post-229468","1":"product","2":"type-product","3":"status-publish","4":"has-post-thumbnail","6":"product_cat-headshop-es","8":"first","9":"instock","10":"taxable","11":"shipping-taxable","12":"purchasable","13":"product-type-simple"},"aioseo_notices":[],"_links":{"self":[{"href":"https:\/\/www.budream.com\/fr\/wp-json\/wp\/v2\/product\/229468","targetHints":{"allow":["GET"]}}],"collection":[{"href":"https:\/\/www.budream.com\/fr\/wp-json\/wp\/v2\/product"}],"about":[{"href":"https:\/\/www.budream.com\/fr\/wp-json\/wp\/v2\/types\/product"}],"replies":[{"embeddable":true,"href":"https:\/\/www.budream.com\/fr\/wp-json\/wp\/v2\/comments?post=229468"}],"version-history":[{"count":0,"href":"https:\/\/www.budream.com\/fr\/wp-json\/wp\/v2\/product\/229468\/revisions"}],"wp:featuredmedia":[{"embeddable":true,"href":"https:\/\/www.budream.com\/fr\/wp-json\/wp\/v2\/media\/229507"}],"wp:attachment":[{"href":"https:\/\/www.budream.com\/fr\/wp-json\/wp\/v2\/media?parent=229468"}],"wp:term":[{"taxonomy":"product_brand","embeddable":true,"href":"https:\/\/www.budream.com\/fr\/wp-json\/wp\/v2\/product_brand?post=229468"},{"taxonomy":"product_cat","embeddable":true,"href":"https:\/\/www.budream.com\/fr\/wp-json\/wp\/v2\/product_cat?post=229468"},{"taxonomy":"product_tag","embeddable":true,"href":"https:\/\/www.budream.com\/fr\/wp-json\/wp\/v2\/product_tag?post=229468"}],"curies":[{"name":"wp","href":"https:\/\/api.w.org\/{rel}","templated":true}]}}