{"id":243809,"date":"2025-11-21T18:37:13","date_gmt":"2025-11-21T16:37:13","guid":{"rendered":"https:\/\/www.budream.com\/shop\/vents-aspirateur-ttpro315-bipotence-avec-interrupteur-filaire-o-315mm-1570-2050mc-h\/"},"modified":"2026-01-22T16:36:57","modified_gmt":"2026-01-22T14:36:57","slug":"vents-aspirateur-ttpro315-bipotence-avec-interrupteur-filaire-o-315mm-1570-2050mc-h","status":"publish","type":"product","link":"https:\/\/www.budream.com\/fr\/shop\/vents-aspirateur-ttpro315-bipotence-avec-interrupteur-filaire-o-315mm-1570-2050mc-h\/","title":{"rendered":"VENTS &#8211; ASPIRATEUR TTPRO315 BIPOTENCE AVEC INTERRUPTEUR FILAIRE | \u00d8 315mm &#8211; 1570\/2050mc\/h"},"content":{"rendered":"<p>Les aspirateurs TT PRO sont l&rsquo;\u00e9volution de la ligne TT.<\/p>\n<p><strong>Les moteurs \u00e0 double vitesse sont contr\u00f4l\u00e9s par un interrupteur int\u00e9gr\u00e9.<\/strong><\/p>\n<p>Les aspirateurs <b>VENTS TT PRO<\/b> sont dot\u00e9s de ventilateurs axiaux et centrifuges de grande capacit\u00e9 et de haute performance. Ils sont sp\u00e9cialement con\u00e7us pour l&rsquo;alimentation et l&rsquo;\u00e9vacuation des pi\u00e8ces n\u00e9cessitant une pression \u00e9lev\u00e9e, un d\u00e9bit d&rsquo;air puissant et un faible niveau sonore.<\/p>\n<p><strong>PLUS ROBUSTES, PLUS EFFICACES, PLUS PUISSANTS.<\/strong><\/p>\n<p>La ligne TT PRO est n\u00e9e de la n\u00e9cessit\u00e9 de se conformer aux nouvelles r\u00e9glementations europ\u00e9ennes visant \u00e0 optimiser les performances et \u00e0 r\u00e9duire la consommation d&rsquo;\u00e9nergie.<\/p>\n<p>Gr\u00e2ce \u00e0 une conception innovante des parties internes plus a\u00e9rodynamiques et \u00e0 de nouveaux moteurs, les laboratoires VENTS ont r\u00e9ussi \u00e0 augmenter le d\u00e9bit d&rsquo;air tout en r\u00e9duisant proportionnellement la consommation d&rsquo;\u00e9lectricit\u00e9 et le bruit par rapport \u00e0 la s\u00e9rie pr\u00e9c\u00e9dente*.<\/p>\n<p>La roue amovible et le bloc moteur avec bo\u00eete \u00e0 bornes sont fix\u00e9s \u00e0 l&rsquo;enveloppe assembl\u00e9e avec les languettes au moyen de colliers sp\u00e9ciaux \u00e0 cliquets. L&rsquo;entretien du ventilateur est donc simple et rapide. L&rsquo;entretien du ventilateur ne n\u00e9cessite pas un d\u00e9montage complet : il suffit de retirer le bloc central de l&rsquo;enveloppe et d&rsquo;effectuer l&rsquo;entretien n\u00e9cessaire.<\/p>\n<p><strong>Attention :<\/strong> <span style=\"text-decoration: underline\">Le ventilateur est d\u00e9j\u00e0 c\u00e2bl\u00e9<\/span>, il suffit de le brancher. AUCUN CONNEXION A EFFECTUER !!!<\/p>\n<h2><span style=\"text-decoration: underline\"><strong>Caract\u00e9ristiques du TT PRO Vents :<\/strong><\/span><\/h2>\n<ul style=\"list-style-type: disc\">\n<li><strong>Les moteurs \u00e0 deux puissances et \u00e0 deux vitesses sont command\u00e9s par un interrupteur int\u00e9gr\u00e9.<\/strong><\/li>\n<li>Le bo\u00eetier est fabriqu\u00e9 en plastique durable de haute qualit\u00e9.<\/li>\n<li>Tous les mod\u00e8les peuvent \u00eatre \u00e9quip\u00e9s d&rsquo;une minuterie programmable avec un d\u00e9lai d&rsquo;arr\u00eat r\u00e9glable de 2 \u00e0 30 minutes.<\/li>\n<li>Le bo\u00eetier du ventilateur <strong>VENTS TT PRO<\/strong> est en polypropyl\u00e8ne difficilement inflammable.<\/li>\n<li>La forme h\u00e9misph\u00e9rique de la roue et les pales sp\u00e9cialement profil\u00e9es augmentent la vitesse circulaire du flux d&rsquo;air.<\/li>\n<li>Le moteur a un degr\u00e9 de protection IP X4.<\/li>\n<li>Les ventilateurs peuvent \u00eatre install\u00e9s \u00e0 n&rsquo;importe quel angle et \u00e0 n&rsquo;importe quel endroit du syst\u00e8me. Plusieurs ventilateurs peuvent \u00eatre install\u00e9s dans un syst\u00e8me.<\/li>\n<li>Faible niveau sonore = 49\/58dbA \u00e0 3m<\/li>\n<\/ul>\n","protected":false},"excerpt":{"rendered":"<p>Les aspirateurs TT PRO sont l&rsquo;\u00e9volution de la ligne TT. Les moteurs \u00e0 double vitesse sont contr\u00f4l\u00e9s par un interrupteur<\/p>\n","protected":false},"featured_media":135714,"comment_status":"open","ping_status":"closed","template":"","meta":[],"product_brand":[],"product_cat":[7946],"product_tag":[],"class_list":{"0":"post-243809","1":"product","2":"type-product","3":"status-publish","4":"has-post-thumbnail","6":"product_cat-ventilateurs-et-extracteurs","8":"first","9":"instock","10":"taxable","11":"shipping-taxable","12":"purchasable","13":"product-type-simple"},"aioseo_notices":[],"_links":{"self":[{"href":"https:\/\/www.budream.com\/fr\/wp-json\/wp\/v2\/product\/243809","targetHints":{"allow":["GET"]}}],"collection":[{"href":"https:\/\/www.budream.com\/fr\/wp-json\/wp\/v2\/product"}],"about":[{"href":"https:\/\/www.budream.com\/fr\/wp-json\/wp\/v2\/types\/product"}],"replies":[{"embeddable":true,"href":"https:\/\/www.budream.com\/fr\/wp-json\/wp\/v2\/comments?post=243809"}],"version-history":[{"count":0,"href":"https:\/\/www.budream.com\/fr\/wp-json\/wp\/v2\/product\/243809\/revisions"}],"wp:featuredmedia":[{"embeddable":true,"href":"https:\/\/www.budream.com\/fr\/wp-json\/wp\/v2\/media\/135714"}],"wp:attachment":[{"href":"https:\/\/www.budream.com\/fr\/wp-json\/wp\/v2\/media?parent=243809"}],"wp:term":[{"taxonomy":"product_brand","embeddable":true,"href":"https:\/\/www.budream.com\/fr\/wp-json\/wp\/v2\/product_brand?post=243809"},{"taxonomy":"product_cat","embeddable":true,"href":"https:\/\/www.budream.com\/fr\/wp-json\/wp\/v2\/product_cat?post=243809"},{"taxonomy":"product_tag","embeddable":true,"href":"https:\/\/www.budream.com\/fr\/wp-json\/wp\/v2\/product_tag?post=243809"}],"curies":[{"name":"wp","href":"https:\/\/api.w.org\/{rel}","templated":true}]}}