{"id":243814,"date":"2025-11-21T18:37:43","date_gmt":"2025-11-21T16:37:43","guid":{"rendered":"https:\/\/www.budream.com\/shop\/sweet-seeds-wild-rose-fem-sws10-52-seeds-disponible-jusqua-epuisement-des-stocks\/"},"modified":"2026-02-05T13:55:29","modified_gmt":"2026-02-05T11:55:29","slug":"sweet-seeds-wild-rose-fem-sws10-52-seeds-disponible-jusqua-epuisement-des-stocks","status":"publish","type":"product","link":"https:\/\/www.budream.com\/fr\/shop\/sweet-seeds-wild-rose-fem-sws10-52-seeds-disponible-jusqua-epuisement-des-stocks\/","title":{"rendered":"SWEET SEEDS &#8211; WILD ROSE\u00ae FEM (SWS10) | 5+2 SEEDS Disponible jusqu&rsquo;\u00e0 \u00e9puisement des stocks"},"content":{"rendered":"<div style=\"text-align: justify\">Hybridation d&rsquo;une vari\u00e9t\u00e9 peu connue en Europe, mais tr\u00e8s bien accueillie au Canada et en Am\u00e9rique du Nord, la Pierre de Rosette des \u00ab\u00a0Fr\u00e8res Grimm\u00a0\u00bb. L&rsquo;autre g\u00e9niteur est un HOG.<\/div>\n<p><\/p>\n<h2><strong>Caract\u00e9ristiques Wild Rose Fem (SWS10) Sweet Seeds :<\/strong><\/h2>\n<ul style=\"list-style-type: disc\">\n<li><strong>Genre :<\/strong> Hybride F\u00e9minis\u00e9e<\/li>\n<li><strong>G\u00e9n\u00e9tique<\/strong>: Rosetta Stone x HOG<\/li>\n<li><strong>Composition :<\/strong> 35% Indica \/ 65% Sativa<\/li>\n<li><strong>Jours :<\/strong> 63<\/li>\n<\/ul>\n<p><span style=\"font-size: 11pt\"><em><strong>ATTENTION :<\/strong> Les graines de chanvre sont exclues de la notion l\u00e9gale de Cannabis, ce qui signifie qu&rsquo;elles ne doivent pas \u00eatre consid\u00e9r\u00e9es comme une substance stup\u00e9fiante (L. 412 de 1974, Art. 1, paragraphe 1, lettre B ; Convention unique sur les stup\u00e9fiants de New York de 1961 et tableau II du d\u00e9cret minist\u00e9riel 27\/7\/1992). En Italie, la culture du chanvre est interdite (articles 28 et 73 du d\u00e9cret pr\u00e9sidentiel 309\/90), sauf autorisation sp\u00e9ciale (article 17 du d\u00e9cret pr\u00e9sidentiel 309\/90). En l&rsquo;absence d&rsquo;autorisation, les semences ne peuvent \u00eatre utilis\u00e9es qu&rsquo;\u00e0 d&rsquo;autres fins (zootechniques, de collection, etc.). Les semences sont vendues sous r\u00e9serve qu&rsquo;elles ne soient pas utilis\u00e9es par des tiers en contradiction avec la loi.<\/em><\/span><\/p>\n","protected":false},"excerpt":{"rendered":"<p>Hybridation d&rsquo;une vari\u00e9t\u00e9 peu connue en Europe, mais tr\u00e8s bien accueillie au Canada et en Am\u00e9rique du Nord, la Pierre<\/p>\n","protected":false},"featured_media":135754,"comment_status":"open","ping_status":"closed","template":"","meta":[],"product_brand":[],"product_cat":[7951],"product_tag":[],"class_list":{"0":"post-243814","1":"product","2":"type-product","3":"status-publish","4":"has-post-thumbnail","6":"product_cat-magasin-de-graines","8":"first","9":"instock","10":"taxable","11":"shipping-taxable","12":"purchasable","13":"product-type-simple"},"aioseo_notices":[],"_links":{"self":[{"href":"https:\/\/www.budream.com\/fr\/wp-json\/wp\/v2\/product\/243814","targetHints":{"allow":["GET"]}}],"collection":[{"href":"https:\/\/www.budream.com\/fr\/wp-json\/wp\/v2\/product"}],"about":[{"href":"https:\/\/www.budream.com\/fr\/wp-json\/wp\/v2\/types\/product"}],"replies":[{"embeddable":true,"href":"https:\/\/www.budream.com\/fr\/wp-json\/wp\/v2\/comments?post=243814"}],"version-history":[{"count":0,"href":"https:\/\/www.budream.com\/fr\/wp-json\/wp\/v2\/product\/243814\/revisions"}],"wp:featuredmedia":[{"embeddable":true,"href":"https:\/\/www.budream.com\/fr\/wp-json\/wp\/v2\/media\/135754"}],"wp:attachment":[{"href":"https:\/\/www.budream.com\/fr\/wp-json\/wp\/v2\/media?parent=243814"}],"wp:term":[{"taxonomy":"product_brand","embeddable":true,"href":"https:\/\/www.budream.com\/fr\/wp-json\/wp\/v2\/product_brand?post=243814"},{"taxonomy":"product_cat","embeddable":true,"href":"https:\/\/www.budream.com\/fr\/wp-json\/wp\/v2\/product_cat?post=243814"},{"taxonomy":"product_tag","embeddable":true,"href":"https:\/\/www.budream.com\/fr\/wp-json\/wp\/v2\/product_tag?post=243814"}],"curies":[{"name":"wp","href":"https:\/\/api.w.org\/{rel}","templated":true}]}}