{"id":243824,"date":"2025-11-21T18:38:44","date_gmt":"2025-11-21T16:38:44","guid":{"rendered":"https:\/\/www.budream.com\/shop\/sweet-seeds-cream-47-fem-sws26-52-seeds-disponible-jusqua-epuisement-des-stocks\/"},"modified":"2026-02-05T13:56:00","modified_gmt":"2026-02-05T11:56:00","slug":"sweet-seeds-cream-47-fem-sws26-52-seeds-disponible-jusqua-epuisement-des-stocks","status":"publish","type":"product","link":"https:\/\/www.budream.com\/fr\/shop\/sweet-seeds-cream-47-fem-sws26-52-seeds-disponible-jusqua-epuisement-des-stocks\/","title":{"rendered":"SWEET SEEDS &#8211; CREAM 47\u00ae FEM (SWS26) 5+2 SEEDS Disponible jusqu&rsquo;\u00e0 \u00e9puisement des stocks"},"content":{"rendered":"<p>Excellente hybridation de notre Cream Caramel&reg; (SWS04) avec notre clone \u00e9lite AK 47.<\/p>\n<h2><strong>Caract\u00e9ristiques Cream 47 Fem :<\/strong><\/h2>\n<ul style=\"list-style-type: disc\">\n<li><strong>Genre :<\/strong> Hybride F\u00e9minis\u00e9<\/li>\n<li><strong>G\u00e9notype<\/strong>: Hybride : Indica : 50% \/ Sativa : 50%<\/li>\n<li><strong>G\u00e9n\u00e9tique : <\/strong>Ak 47 x Cream Caramel<\/li>\n<li>Jours<strong>: 56<\/strong> jours<\/li>\n<\/ul>\n<p><span style=\"font-size: 11pt\"><em><strong>ATTENTION :<\/strong> Les graines de chanvre sont exclues de la notion l\u00e9gale de Cannabis, ce qui signifie qu&rsquo;elles ne doivent pas \u00eatre consid\u00e9r\u00e9es comme une substance stup\u00e9fiante (L. 412 de 1974, Art. 1, paragraphe 1, lett. B ; Convention unique sur les stup\u00e9fiants de New York de 1961 et tableau II du d\u00e9cret minist\u00e9riel 27\/7\/1992). En Italie, la culture du chanvre est interdite (articles 28 et 73 du d\u00e9cret pr\u00e9sidentiel 309\/90), sauf autorisation sp\u00e9ciale (article 17 du d\u00e9cret pr\u00e9sidentiel 309\/90). En l&rsquo;absence d&rsquo;autorisation, les semences ne peuvent \u00eatre utilis\u00e9es qu&rsquo;\u00e0 d&rsquo;autres fins (zootechniques, de collection, etc.). Les semences sont vendues sous r\u00e9serve qu&rsquo;elles ne soient pas utilis\u00e9es par des tiers en contradiction avec la loi.<\/em><\/span><\/p>\n","protected":false},"excerpt":{"rendered":"<p>Excellente hybridation de notre Cream Caramel&reg; (SWS04) avec notre clone \u00e9lite AK 47. Caract\u00e9ristiques Cream 47 Fem : Genre :<\/p>\n","protected":false},"featured_media":135829,"comment_status":"open","ping_status":"closed","template":"","meta":[],"product_brand":[],"product_cat":[7951],"product_tag":[],"class_list":{"0":"post-243824","1":"product","2":"type-product","3":"status-publish","4":"has-post-thumbnail","6":"product_cat-magasin-de-graines","8":"first","9":"instock","10":"taxable","11":"shipping-taxable","12":"purchasable","13":"product-type-simple"},"aioseo_notices":[],"_links":{"self":[{"href":"https:\/\/www.budream.com\/fr\/wp-json\/wp\/v2\/product\/243824","targetHints":{"allow":["GET"]}}],"collection":[{"href":"https:\/\/www.budream.com\/fr\/wp-json\/wp\/v2\/product"}],"about":[{"href":"https:\/\/www.budream.com\/fr\/wp-json\/wp\/v2\/types\/product"}],"replies":[{"embeddable":true,"href":"https:\/\/www.budream.com\/fr\/wp-json\/wp\/v2\/comments?post=243824"}],"version-history":[{"count":0,"href":"https:\/\/www.budream.com\/fr\/wp-json\/wp\/v2\/product\/243824\/revisions"}],"wp:featuredmedia":[{"embeddable":true,"href":"https:\/\/www.budream.com\/fr\/wp-json\/wp\/v2\/media\/135829"}],"wp:attachment":[{"href":"https:\/\/www.budream.com\/fr\/wp-json\/wp\/v2\/media?parent=243824"}],"wp:term":[{"taxonomy":"product_brand","embeddable":true,"href":"https:\/\/www.budream.com\/fr\/wp-json\/wp\/v2\/product_brand?post=243824"},{"taxonomy":"product_cat","embeddable":true,"href":"https:\/\/www.budream.com\/fr\/wp-json\/wp\/v2\/product_cat?post=243824"},{"taxonomy":"product_tag","embeddable":true,"href":"https:\/\/www.budream.com\/fr\/wp-json\/wp\/v2\/product_tag?post=243824"}],"curies":[{"name":"wp","href":"https:\/\/api.w.org\/{rel}","templated":true}]}}