{"id":243829,"date":"2025-11-21T18:39:16","date_gmt":"2025-11-21T16:39:16","guid":{"rendered":"https:\/\/www.budream.com\/shop\/green-house-seed-co-ams-fem-5-graines\/"},"modified":"2026-03-26T11:47:23","modified_gmt":"2026-03-26T09:47:23","slug":"green-house-seed-co-ams-fem-5-graines","status":"publish","type":"product","link":"https:\/\/www.budream.com\/fr\/shop\/green-house-seed-co-ams-fem-5-graines\/","title":{"rendered":"GREEN HOUSE SEED CO. &#8211; AMS FEM | 5 GRAINES"},"content":{"rendered":"<p>AMS est l&rsquo;une des vari\u00e9t\u00e9s d&rsquo;ext\u00e9rieur les plus classiques du catalogue de Green House Seeds. Elle est le r\u00e9sultat du croisement de deux vari\u00e9t\u00e9s suisses de la vieille \u00e9cole qui ont \u00e9t\u00e9 offertes \u00e0 Arjan par l&rsquo;un de ses grands amis.<\/p>\n<h2><strong>Caract\u00e9ristiques AMS Fem<\/strong><\/h2>\n<ul style=\"list-style-type: disc\">\n<li><strong>Genre :<\/strong> F\u00e9minis\u00e9e<\/li>\n<li><strong>G\u00e9notype :<\/strong> Hybride 40% Indica 60% Sativa<\/li>\n<li><strong>G\u00e9n\u00e9tique<\/strong>: Swiss Sativa x Swiss Indica<\/li>\n<li><strong>Jours :<\/strong> 49-56 jours<\/li>\n<\/ul>\n<p><span style=\"font-size: 11pt\"><em><strong>ATTENTION :<\/strong> Les graines de chanvre sont exclues de la notion l\u00e9gale de Cannabis, ce qui signifie qu&rsquo;elles ne doivent pas \u00eatre consid\u00e9r\u00e9es comme une substance stup\u00e9fiante (L. 412 de 1974, Art. 1, paragraphe 1, lettre B ; Convention unique sur les stup\u00e9fiants de New York de 1961 et tableau II du d\u00e9cret minist\u00e9riel 27\/7\/1992). En Italie, la culture du chanvre est interdite (articles 28 et 73 du d\u00e9cret pr\u00e9sidentiel 309\/90), sauf autorisation sp\u00e9ciale (article 17 du d\u00e9cret pr\u00e9sidentiel 309\/90). En l&rsquo;absence d&rsquo;autorisation, les semences ne peuvent \u00eatre utilis\u00e9es qu&rsquo;\u00e0 d&rsquo;autres fins (zootechniques, de collection, etc.). Les semences sont vendues sous r\u00e9serve qu&rsquo;elles ne soient pas utilis\u00e9es par des tiers en contradiction avec la loi.<\/em><\/span><\/p>\n","protected":false},"excerpt":{"rendered":"<p>AMS est l&rsquo;une des vari\u00e9t\u00e9s d&rsquo;ext\u00e9rieur les plus classiques du catalogue de Green House Seeds. Elle est le r\u00e9sultat du<\/p>\n","protected":false},"featured_media":214759,"comment_status":"open","ping_status":"closed","template":"","meta":[],"product_brand":[],"product_cat":[7951],"product_tag":[],"class_list":{"0":"post-243829","1":"product","2":"type-product","3":"status-publish","4":"has-post-thumbnail","6":"product_cat-magasin-de-graines","8":"first","9":"outofstock","10":"taxable","11":"shipping-taxable","12":"purchasable","13":"product-type-simple"},"aioseo_notices":[],"_links":{"self":[{"href":"https:\/\/www.budream.com\/fr\/wp-json\/wp\/v2\/product\/243829","targetHints":{"allow":["GET"]}}],"collection":[{"href":"https:\/\/www.budream.com\/fr\/wp-json\/wp\/v2\/product"}],"about":[{"href":"https:\/\/www.budream.com\/fr\/wp-json\/wp\/v2\/types\/product"}],"replies":[{"embeddable":true,"href":"https:\/\/www.budream.com\/fr\/wp-json\/wp\/v2\/comments?post=243829"}],"version-history":[{"count":0,"href":"https:\/\/www.budream.com\/fr\/wp-json\/wp\/v2\/product\/243829\/revisions"}],"wp:featuredmedia":[{"embeddable":true,"href":"https:\/\/www.budream.com\/fr\/wp-json\/wp\/v2\/media\/214759"}],"wp:attachment":[{"href":"https:\/\/www.budream.com\/fr\/wp-json\/wp\/v2\/media?parent=243829"}],"wp:term":[{"taxonomy":"product_brand","embeddable":true,"href":"https:\/\/www.budream.com\/fr\/wp-json\/wp\/v2\/product_brand?post=243829"},{"taxonomy":"product_cat","embeddable":true,"href":"https:\/\/www.budream.com\/fr\/wp-json\/wp\/v2\/product_cat?post=243829"},{"taxonomy":"product_tag","embeddable":true,"href":"https:\/\/www.budream.com\/fr\/wp-json\/wp\/v2\/product_tag?post=243829"}],"curies":[{"name":"wp","href":"https:\/\/api.w.org\/{rel}","templated":true}]}}