{"id":243834,"date":"2025-11-21T18:39:45","date_gmt":"2025-11-21T16:39:45","guid":{"rendered":"https:\/\/www.budream.com\/shop\/dutch-passion-cbd-kush-fem-5-semences-disponible-jusqua-epuisement-des-stocks\/"},"modified":"2025-12-22T11:31:39","modified_gmt":"2025-12-22T09:31:39","slug":"dutch-passion-cbd-kush-fem-5-semences-disponible-jusqua-epuisement-des-stocks","status":"publish","type":"product","link":"https:\/\/www.budream.com\/fr\/shop\/dutch-passion-cbd-kush-fem-5-semences-disponible-jusqua-epuisement-des-stocks\/","title":{"rendered":"DUTCH PASSION &#8211; CBD KUSH FEM | 5 SEMENCES &#8211; Disponible jusqu&rsquo;\u00e0 \u00e9puisement des stocks"},"content":{"rendered":"<p>F\u00e9minis\u00e9e \u00e0 dominante Indica (60%-40%)<\/p>\n<p>G\u00e9notype : <span style=\"font-family: Arial, Helvetica, sans-serif;font-size: 12px;line-height: 20px;background-color: #ffffff\">Kandy Kush x plante \u00e0 dominante CBD<\/span><\/p>\n<p>JOURS : 63<\/p>\n<p><a href=\"http:\/\/www.dutch-passion.nl\/it\/\" target=\"_blank\" rel=\"noopener noreferrer\">pour plus d&rsquo;informations cliquez ici !<\/a><\/p>\n<div><\/div>\n<div><\/div>\n","protected":false},"excerpt":{"rendered":"<p>F\u00e9minis\u00e9e \u00e0 dominante Indica (60%-40%) G\u00e9notype : Kandy Kush x plante \u00e0 dominante CBD JOURS : 63 pour plus d&rsquo;informations<\/p>\n","protected":false},"featured_media":136589,"comment_status":"open","ping_status":"closed","template":"","meta":[],"product_brand":[],"product_cat":[7951],"product_tag":[],"class_list":{"0":"post-243834","1":"product","2":"type-product","3":"status-publish","4":"has-post-thumbnail","6":"product_cat-magasin-de-graines","8":"first","9":"outofstock","10":"taxable","11":"shipping-taxable","12":"purchasable","13":"product-type-simple"},"aioseo_notices":[],"_links":{"self":[{"href":"https:\/\/www.budream.com\/fr\/wp-json\/wp\/v2\/product\/243834","targetHints":{"allow":["GET"]}}],"collection":[{"href":"https:\/\/www.budream.com\/fr\/wp-json\/wp\/v2\/product"}],"about":[{"href":"https:\/\/www.budream.com\/fr\/wp-json\/wp\/v2\/types\/product"}],"replies":[{"embeddable":true,"href":"https:\/\/www.budream.com\/fr\/wp-json\/wp\/v2\/comments?post=243834"}],"version-history":[{"count":0,"href":"https:\/\/www.budream.com\/fr\/wp-json\/wp\/v2\/product\/243834\/revisions"}],"wp:featuredmedia":[{"embeddable":true,"href":"https:\/\/www.budream.com\/fr\/wp-json\/wp\/v2\/media\/136589"}],"wp:attachment":[{"href":"https:\/\/www.budream.com\/fr\/wp-json\/wp\/v2\/media?parent=243834"}],"wp:term":[{"taxonomy":"product_brand","embeddable":true,"href":"https:\/\/www.budream.com\/fr\/wp-json\/wp\/v2\/product_brand?post=243834"},{"taxonomy":"product_cat","embeddable":true,"href":"https:\/\/www.budream.com\/fr\/wp-json\/wp\/v2\/product_cat?post=243834"},{"taxonomy":"product_tag","embeddable":true,"href":"https:\/\/www.budream.com\/fr\/wp-json\/wp\/v2\/product_tag?post=243834"}],"curies":[{"name":"wp","href":"https:\/\/api.w.org\/{rel}","templated":true}]}}