{"id":243844,"date":"2025-11-21T18:40:52","date_gmt":"2025-11-21T16:40:52","guid":{"rendered":"https:\/\/www.budream.com\/shop\/seedsalad-fast-line-jack-herer-pipette-100-graines-femm\/"},"modified":"2025-11-21T18:41:05","modified_gmt":"2025-11-21T16:41:05","slug":"seedsalad-fast-line-jack-herer-pipette-100-graines-femm","status":"publish","type":"product","link":"https:\/\/www.budream.com\/fr\/shop\/seedsalad-fast-line-jack-herer-pipette-100-graines-femm\/","title":{"rendered":"SEEDSALAD &#8211; FAST LINE JACK HERER PIPETTE 100 GRAINES FEMM"},"content":{"rendered":"<p>FAST LINE JACK HERER<br \/>Version f\u00e9minis\u00e9e \u00e0 floraison ultra rapide, non autofloraison<\/p>\n<p>Derni\u00e8re arriv\u00e9e et \u00e0 la demande g\u00e9n\u00e9rale, voici le fruit d&rsquo;un croisement entre Jack Herer Auto et Jack Herer. Le r\u00e9sultat est cette g\u00e9n\u00e9tique ultra rapide avec une \u00e2me noble et un parfum fruit\u00e9 qui convient \u00e0 ceux qui recherchent un rendement \u00e9lev\u00e9 et qui ont peu de temps.<\/p>\n<p>Indica\/Sativa : 25%\/75%<br \/>Production en ext\u00e9rieur : 500-600 g\/m2<br \/>Production en int\u00e9rieur : maximum<br \/>Floraison : 7-8 semaines<br \/>En ext\u00e9rieur : 55\/60 GG<\/p>\n<p>PAQUET DE PIPETTES 100 GRAINES<\/p>\n<p>POUR PLUS D&rsquo;INFORMATIONS :<\/p>\n<p><a href=\"http:\/\/WWW.SEEDSALAD.COM\">WWW.SEEDSALAD.COM<\/a><\/p>\n<div>\n<\/div>\n","protected":false},"excerpt":{"rendered":"<p>FAST LINE JACK HERERVersion f\u00e9minis\u00e9e \u00e0 floraison ultra rapide, non autofloraison Derni\u00e8re arriv\u00e9e et \u00e0 la demande g\u00e9n\u00e9rale, voici le<\/p>\n","protected":false},"featured_media":202289,"comment_status":"open","ping_status":"closed","template":"","meta":[],"product_brand":[],"product_cat":[7951],"product_tag":[],"class_list":{"0":"post-243844","1":"product","2":"type-product","3":"status-publish","4":"has-post-thumbnail","6":"product_cat-magasin-de-graines","8":"first","9":"outofstock","10":"taxable","11":"shipping-taxable","12":"purchasable","13":"product-type-simple"},"aioseo_notices":[],"_links":{"self":[{"href":"https:\/\/www.budream.com\/fr\/wp-json\/wp\/v2\/product\/243844","targetHints":{"allow":["GET"]}}],"collection":[{"href":"https:\/\/www.budream.com\/fr\/wp-json\/wp\/v2\/product"}],"about":[{"href":"https:\/\/www.budream.com\/fr\/wp-json\/wp\/v2\/types\/product"}],"replies":[{"embeddable":true,"href":"https:\/\/www.budream.com\/fr\/wp-json\/wp\/v2\/comments?post=243844"}],"version-history":[{"count":0,"href":"https:\/\/www.budream.com\/fr\/wp-json\/wp\/v2\/product\/243844\/revisions"}],"wp:featuredmedia":[{"embeddable":true,"href":"https:\/\/www.budream.com\/fr\/wp-json\/wp\/v2\/media\/202289"}],"wp:attachment":[{"href":"https:\/\/www.budream.com\/fr\/wp-json\/wp\/v2\/media?parent=243844"}],"wp:term":[{"taxonomy":"product_brand","embeddable":true,"href":"https:\/\/www.budream.com\/fr\/wp-json\/wp\/v2\/product_brand?post=243844"},{"taxonomy":"product_cat","embeddable":true,"href":"https:\/\/www.budream.com\/fr\/wp-json\/wp\/v2\/product_cat?post=243844"},{"taxonomy":"product_tag","embeddable":true,"href":"https:\/\/www.budream.com\/fr\/wp-json\/wp\/v2\/product_tag?post=243844"}],"curies":[{"name":"wp","href":"https:\/\/api.w.org\/{rel}","templated":true}]}}