{"id":243854,"date":"2025-11-21T18:41:55","date_gmt":"2025-11-21T16:41:55","guid":{"rendered":"https:\/\/www.budream.com\/shop\/seedsalad-reina-madre-pipette-100-graines-femm\/"},"modified":"2025-11-21T18:42:08","modified_gmt":"2025-11-21T16:42:08","slug":"seedsalad-reina-madre-pipette-100-graines-femm","status":"publish","type":"product","link":"https:\/\/www.budream.com\/fr\/shop\/seedsalad-reina-madre-pipette-100-graines-femm\/","title":{"rendered":"SEEDSALAD &#8211; REINA MADRE PIPETTE 100 GRAINES FEMM"},"content":{"rendered":"<p>PIPETTE 100 GRAINES<\/p>\n<p>Donn\u00e9es techniques :<\/p>\n<p>G\u00e9n\u00e9tique :<\/p>\n<div><\/div>\n<p>Reina Madre x NewYorkCity Diesel<\/p>\n<p>Composition : 25% Indica 75% Sativa<\/p>\n<p>jours : 75<\/p>\n<div><a href=\"http:\/\/www.seedsalad.com\/\" target=\"_blank\" rel=\"noopener noreferrer\">Pour plus d&rsquo;informations, cliquez ici :<\/a><\/div>\n","protected":false},"excerpt":{"rendered":"<p>PIPETTE 100 GRAINES Donn\u00e9es techniques : G\u00e9n\u00e9tique : Reina Madre x NewYorkCity Diesel Composition : 25% Indica 75% Sativa jours<\/p>\n","protected":false},"featured_media":202344,"comment_status":"open","ping_status":"closed","template":"","meta":[],"product_brand":[],"product_cat":[1175],"product_tag":[],"class_list":{"0":"post-243854","1":"product","2":"type-product","3":"status-publish","4":"has-post-thumbnail","6":"product_cat-seedshop","8":"first","9":"instock","10":"taxable","11":"shipping-taxable","12":"purchasable","13":"product-type-simple"},"aioseo_notices":[],"_links":{"self":[{"href":"https:\/\/www.budream.com\/fr\/wp-json\/wp\/v2\/product\/243854","targetHints":{"allow":["GET"]}}],"collection":[{"href":"https:\/\/www.budream.com\/fr\/wp-json\/wp\/v2\/product"}],"about":[{"href":"https:\/\/www.budream.com\/fr\/wp-json\/wp\/v2\/types\/product"}],"replies":[{"embeddable":true,"href":"https:\/\/www.budream.com\/fr\/wp-json\/wp\/v2\/comments?post=243854"}],"version-history":[{"count":0,"href":"https:\/\/www.budream.com\/fr\/wp-json\/wp\/v2\/product\/243854\/revisions"}],"wp:featuredmedia":[{"embeddable":true,"href":"https:\/\/www.budream.com\/fr\/wp-json\/wp\/v2\/media\/202344"}],"wp:attachment":[{"href":"https:\/\/www.budream.com\/fr\/wp-json\/wp\/v2\/media?parent=243854"}],"wp:term":[{"taxonomy":"product_brand","embeddable":true,"href":"https:\/\/www.budream.com\/fr\/wp-json\/wp\/v2\/product_brand?post=243854"},{"taxonomy":"product_cat","embeddable":true,"href":"https:\/\/www.budream.com\/fr\/wp-json\/wp\/v2\/product_cat?post=243854"},{"taxonomy":"product_tag","embeddable":true,"href":"https:\/\/www.budream.com\/fr\/wp-json\/wp\/v2\/product_tag?post=243854"}],"curies":[{"name":"wp","href":"https:\/\/api.w.org\/{rel}","templated":true}]}}