{"id":243864,"date":"2025-11-21T18:42:56","date_gmt":"2025-11-21T16:42:56","guid":{"rendered":"https:\/\/www.budream.com\/shop\/royal-queen-seeds-amserdam-golden-metal-grinder-52mm\/"},"modified":"2026-03-16T18:22:35","modified_gmt":"2026-03-16T16:22:35","slug":"royal-queen-seeds-amserdam-golden-metal-grinder-52mm","status":"publish","type":"product","link":"https:\/\/www.budream.com\/fr\/shop\/royal-queen-seeds-amserdam-golden-metal-grinder-52mm\/","title":{"rendered":"ROYAL QUEEN SEEDS &#8211; AMSERDAM GOLDEN METAL GRINDER | 52mm"},"content":{"rendered":"<p>Il ne fait aucun doute que le Royal Queen Seeds Embossed Metal Grinder a fi\u00e8re allure avec le logo Royal Queen Seeds grav\u00e9 sur le dessus ! Cependant, l&rsquo;apparence n&rsquo;est pas la chose la plus importante lorsqu&rsquo;il s&rsquo;agit de broyeurs. Celui-ci ne vous d\u00e9cevra pas ! Il est fabriqu\u00e9 en alliage de zinc robuste et se compose de 4 parties, dont un filtre et un r\u00e9cipient \u00e0 kief !<\/p>\n<h2><strong>Caract\u00e9ristiques Broyeur en m\u00e9tal emboss\u00e9 Royal Queen Seeds :<\/strong><\/h2>\n<ul style=\"list-style-type: disc\">\n<li><strong>Mat\u00e9riau :<\/strong> Aluminium<\/li>\n<\/ul>\n<p><a href=\"http:\/\/www.dutch-passion.nl\/it\/\" target=\"_blank\" rel=\"noopener noreferrer\"><br \/><\/a><\/p>\n<div><\/div>\n","protected":false},"excerpt":{"rendered":"<p>Il ne fait aucun doute que le Royal Queen Seeds Embossed Metal Grinder a fi\u00e8re allure avec le logo Royal<\/p>\n","protected":false},"featured_media":139856,"comment_status":"open","ping_status":"closed","template":"","meta":[],"product_brand":[],"product_cat":[7949],"product_tag":[],"class_list":{"0":"post-243864","1":"product","2":"type-product","3":"status-publish","4":"has-post-thumbnail","6":"product_cat-headshop-fr","8":"first","9":"instock","10":"taxable","11":"shipping-taxable","12":"purchasable","13":"product-type-simple"},"aioseo_notices":[],"_links":{"self":[{"href":"https:\/\/www.budream.com\/fr\/wp-json\/wp\/v2\/product\/243864","targetHints":{"allow":["GET"]}}],"collection":[{"href":"https:\/\/www.budream.com\/fr\/wp-json\/wp\/v2\/product"}],"about":[{"href":"https:\/\/www.budream.com\/fr\/wp-json\/wp\/v2\/types\/product"}],"replies":[{"embeddable":true,"href":"https:\/\/www.budream.com\/fr\/wp-json\/wp\/v2\/comments?post=243864"}],"version-history":[{"count":0,"href":"https:\/\/www.budream.com\/fr\/wp-json\/wp\/v2\/product\/243864\/revisions"}],"wp:featuredmedia":[{"embeddable":true,"href":"https:\/\/www.budream.com\/fr\/wp-json\/wp\/v2\/media\/139856"}],"wp:attachment":[{"href":"https:\/\/www.budream.com\/fr\/wp-json\/wp\/v2\/media?parent=243864"}],"wp:term":[{"taxonomy":"product_brand","embeddable":true,"href":"https:\/\/www.budream.com\/fr\/wp-json\/wp\/v2\/product_brand?post=243864"},{"taxonomy":"product_cat","embeddable":true,"href":"https:\/\/www.budream.com\/fr\/wp-json\/wp\/v2\/product_cat?post=243864"},{"taxonomy":"product_tag","embeddable":true,"href":"https:\/\/www.budream.com\/fr\/wp-json\/wp\/v2\/product_tag?post=243864"}],"curies":[{"name":"wp","href":"https:\/\/api.w.org\/{rel}","templated":true}]}}