{"id":243884,"date":"2025-11-21T18:44:07","date_gmt":"2025-11-21T16:44:07","guid":{"rendered":"https:\/\/www.budream.com\/shop\/sweet-seeds-do-sweet-dos-fem-sws80-52-seeds-disponible-jusqua-epuisement-des-stocks\/"},"modified":"2026-02-05T13:56:31","modified_gmt":"2026-02-05T11:56:31","slug":"sweet-seeds-do-sweet-dos-fem-sws80-52-seeds-disponible-jusqua-epuisement-des-stocks","status":"publish","type":"product","link":"https:\/\/www.budream.com\/fr\/shop\/sweet-seeds-do-sweet-dos-fem-sws80-52-seeds-disponible-jusqua-epuisement-des-stocks\/","title":{"rendered":"SWEET SEEDS &#8211; DO-SWEET-DOS\u00ae FEM (SWS80) | 5+2 SEEDS Disponible jusqu&rsquo;\u00e0 \u00e9puisement des stocks"},"content":{"rendered":"<p>Vari\u00e9t\u00e9 d\u00e9velopp\u00e9e \u00e0 partir de clones femelles \u00e9lites s\u00e9lectionn\u00e9s par Do-Si-Dos. Do-Si-Dos [OGKB (Girl Scout Cookies x Unknown Strain) x Face-Off OG BX1 est l&rsquo;un des hybrides de la famille Cookies.<br \/>La g\u00e9n\u00e9tique Face-Off OG impliqu\u00e9e dans le croisement original donne \u00e0 l&rsquo;hybride r\u00e9sultant une tendance indica pr\u00e9dominante. Les qualit\u00e9s g\u00e9n\u00e9rales rappellent celles de son anc\u00eatre Girl Scout Cookies.<\/p>\n<h2><strong>Caract\u00e9ristiques Do-Sweet-Dos Fem :<\/strong><\/h2>\n<ul style=\"list-style-type: disc\">\n<li><strong>Genre :<\/strong> Hybride F\u00e9minis\u00e9<\/li>\n<li><strong>G\u00e9notype<\/strong>: Hybride : Indica : 65% \/ Sativa : 35%<\/li>\n<li><strong>G\u00e9n\u00e9tique : <\/strong>Do-Si-Dos x Face-Off OG BX1<\/li>\n<li><strong>Jours : <\/strong>56\/63 jours<\/li>\n<\/ul>\n<p><span style=\"font-size: 11pt\"><em><strong>ATTENTION :<\/strong> Les graines de chanvre sont exclues de la notion l\u00e9gale de Cannabis, ce qui signifie qu&rsquo;elles ne doivent pas \u00eatre consid\u00e9r\u00e9es comme une substance stup\u00e9fiante (Loi 412 de 1974, Art. 1, paragraphe 1, lettre B ; Convention unique sur les stup\u00e9fiants de New York de 1961 et tableau II du D\u00e9cret minist\u00e9riel 27\/7\/1992). En Italie, la culture du chanvre est interdite (articles 28 et 73 du d\u00e9cret pr\u00e9sidentiel 309\/90), sauf autorisation sp\u00e9ciale (article 17 du d\u00e9cret pr\u00e9sidentiel 309\/90). En l&rsquo;absence d&rsquo;autorisation, les semences ne peuvent \u00eatre utilis\u00e9es qu&rsquo;\u00e0 d&rsquo;autres fins (zootechniques, de collection, etc.). Les semences sont vendues sous r\u00e9serve qu&rsquo;elles ne soient pas utilis\u00e9es par des tiers en contradiction avec la loi.<\/em><\/span><\/p>\n","protected":false},"excerpt":{"rendered":"<p>Vari\u00e9t\u00e9 d\u00e9velopp\u00e9e \u00e0 partir de clones femelles \u00e9lites s\u00e9lectionn\u00e9s par Do-Si-Dos. Do-Si-Dos [OGKB (Girl Scout Cookies x Unknown Strain) x<\/p>\n","protected":false},"featured_media":142281,"comment_status":"open","ping_status":"closed","template":"","meta":[],"product_brand":[],"product_cat":[7951],"product_tag":[],"class_list":{"0":"post-243884","1":"product","2":"type-product","3":"status-publish","4":"has-post-thumbnail","6":"product_cat-magasin-de-graines","8":"first","9":"instock","10":"taxable","11":"shipping-taxable","12":"purchasable","13":"product-type-simple"},"aioseo_notices":[],"_links":{"self":[{"href":"https:\/\/www.budream.com\/fr\/wp-json\/wp\/v2\/product\/243884","targetHints":{"allow":["GET"]}}],"collection":[{"href":"https:\/\/www.budream.com\/fr\/wp-json\/wp\/v2\/product"}],"about":[{"href":"https:\/\/www.budream.com\/fr\/wp-json\/wp\/v2\/types\/product"}],"replies":[{"embeddable":true,"href":"https:\/\/www.budream.com\/fr\/wp-json\/wp\/v2\/comments?post=243884"}],"version-history":[{"count":0,"href":"https:\/\/www.budream.com\/fr\/wp-json\/wp\/v2\/product\/243884\/revisions"}],"wp:featuredmedia":[{"embeddable":true,"href":"https:\/\/www.budream.com\/fr\/wp-json\/wp\/v2\/media\/142281"}],"wp:attachment":[{"href":"https:\/\/www.budream.com\/fr\/wp-json\/wp\/v2\/media?parent=243884"}],"wp:term":[{"taxonomy":"product_brand","embeddable":true,"href":"https:\/\/www.budream.com\/fr\/wp-json\/wp\/v2\/product_brand?post=243884"},{"taxonomy":"product_cat","embeddable":true,"href":"https:\/\/www.budream.com\/fr\/wp-json\/wp\/v2\/product_cat?post=243884"},{"taxonomy":"product_tag","embeddable":true,"href":"https:\/\/www.budream.com\/fr\/wp-json\/wp\/v2\/product_tag?post=243884"}],"curies":[{"name":"wp","href":"https:\/\/api.w.org\/{rel}","templated":true}]}}