{"id":243929,"date":"2025-11-21T18:54:09","date_gmt":"2025-11-21T16:54:09","guid":{"rendered":"https:\/\/www.budream.com\/shop\/sensi-seeds-research-double-kush-cake-auto-fem-3-graines\/"},"modified":"2026-03-27T12:16:06","modified_gmt":"2026-03-27T10:16:06","slug":"sensi-seeds-research-double-kush-cake-auto-fem-3-graines","status":"publish","type":"product","link":"https:\/\/www.budream.com\/fr\/shop\/sensi-seeds-research-double-kush-cake-auto-fem-3-graines\/","title":{"rendered":"SENSI SEEDS RESEARCH &#8211; DOUBLE KUSH CAKE AUTO FEM | 3 GRAINES"},"content":{"rendered":"<p>La Double Kush Cake contient toutes les meilleures caract\u00e9ristiques de la famille Kush et constitue l&rsquo;hommage de Sensi Seeds \u00e0 cette glorieuse dynastie. 70 % d&rsquo;indica, 10 % de sativa et 20 % de ruderalis. Il s&rsquo;agit d&rsquo;une variante f\u00e9minis\u00e9e \u00e0 autofloraison.<\/p>\n<h2><strong>Caract\u00e9ristiques Double Kush Cake Auto Fem :<\/strong><\/h2>\n<ul style=\"list-style-type: disc\">\n<li><strong>Genre :<\/strong> Hybride f\u00e9minis\u00e9 \u00e0 autofloraison<\/li>\n<li><strong>G\u00e9notype :<\/strong> 70% Indica \/ 10% Sativa \/ 20 Ruderalis<\/li>\n<li><strong>G\u00e9n\u00e9tique :<\/strong> Hindu Kush x Skunk Kush x Afghani#1<\/li>\n<li><strong>Jours de floraison :<\/strong> 63 &#8211; 70 jours<\/li>\n<\/ul>\n<p><span style=\"font-size: 11pt\"><em><strong>ATTENTION :<\/strong> Les graines de chanvre sont exclues de la notion l\u00e9gale de Cannabis, ce qui signifie qu&rsquo;elles ne doivent pas \u00eatre consid\u00e9r\u00e9es comme une substance stup\u00e9fiante (L. 412 de 1974, art. 1, alin\u00e9a 1, lettre B ; Convention unique sur les stup\u00e9fiants de New York de 1961 et tableau II du d\u00e9cret minist\u00e9riel 27\/7\/1992). En Italie, la culture du chanvre est interdite (articles 28 et 73 du d\u00e9cret pr\u00e9sidentiel 309\/90), sauf autorisation sp\u00e9ciale (article 17 du d\u00e9cret pr\u00e9sidentiel 309\/90). En l&rsquo;absence d&rsquo;autorisation, les semences ne peuvent \u00eatre utilis\u00e9es qu&rsquo;\u00e0 d&rsquo;autres fins (zootechniques, de collection, etc.). Les semences sont vendues sous r\u00e9serve qu&rsquo;elles ne soient pas utilis\u00e9es par des tiers en contradiction avec la loi.<\/em><\/span><\/p>\n","protected":false},"excerpt":{"rendered":"<p>La Double Kush Cake contient toutes les meilleures caract\u00e9ristiques de la famille Kush et constitue l&rsquo;hommage de Sensi Seeds \u00e0<\/p>\n","protected":false},"featured_media":197393,"comment_status":"open","ping_status":"closed","template":"","meta":[],"product_brand":[],"product_cat":[7951],"product_tag":[],"class_list":{"0":"post-243929","1":"product","2":"type-product","3":"status-publish","4":"has-post-thumbnail","6":"product_cat-magasin-de-graines","8":"first","9":"instock","10":"taxable","11":"shipping-taxable","12":"purchasable","13":"product-type-simple"},"aioseo_notices":[],"_links":{"self":[{"href":"https:\/\/www.budream.com\/fr\/wp-json\/wp\/v2\/product\/243929","targetHints":{"allow":["GET"]}}],"collection":[{"href":"https:\/\/www.budream.com\/fr\/wp-json\/wp\/v2\/product"}],"about":[{"href":"https:\/\/www.budream.com\/fr\/wp-json\/wp\/v2\/types\/product"}],"replies":[{"embeddable":true,"href":"https:\/\/www.budream.com\/fr\/wp-json\/wp\/v2\/comments?post=243929"}],"version-history":[{"count":0,"href":"https:\/\/www.budream.com\/fr\/wp-json\/wp\/v2\/product\/243929\/revisions"}],"wp:featuredmedia":[{"embeddable":true,"href":"https:\/\/www.budream.com\/fr\/wp-json\/wp\/v2\/media\/197393"}],"wp:attachment":[{"href":"https:\/\/www.budream.com\/fr\/wp-json\/wp\/v2\/media?parent=243929"}],"wp:term":[{"taxonomy":"product_brand","embeddable":true,"href":"https:\/\/www.budream.com\/fr\/wp-json\/wp\/v2\/product_brand?post=243929"},{"taxonomy":"product_cat","embeddable":true,"href":"https:\/\/www.budream.com\/fr\/wp-json\/wp\/v2\/product_cat?post=243929"},{"taxonomy":"product_tag","embeddable":true,"href":"https:\/\/www.budream.com\/fr\/wp-json\/wp\/v2\/product_tag?post=243929"}],"curies":[{"name":"wp","href":"https:\/\/api.w.org\/{rel}","templated":true}]}}