{"id":243934,"date":"2025-11-21T18:54:39","date_gmt":"2025-11-21T16:54:39","guid":{"rendered":"https:\/\/www.budream.com\/shop\/sensi-seeds-research-sensi-amnesia-auto-fem-3-graines\/"},"modified":"2026-01-30T12:28:57","modified_gmt":"2026-01-30T10:28:57","slug":"sensi-seeds-research-sensi-amnesia-auto-fem-3-graines","status":"publish","type":"product","link":"https:\/\/www.budream.com\/fr\/shop\/sensi-seeds-research-sensi-amnesia-auto-fem-3-graines\/","title":{"rendered":"SENSI SEEDS RESEARCH &#8211; SENSI AMNESIA AUTO FEM | 3 GRAINES"},"content":{"rendered":"<p>Sensi Amnesia Autoflowering poss\u00e8de un excellent patrimoine g\u00e9n\u00e9tique, qui comprend des origines telles que Jamaican Pearl, Hawaiian Indica et Afghani #1. L&rsquo;Hawaiian Indica est une vari\u00e9t\u00e9 inhabituelle car la plupart des vari\u00e9t\u00e9s de cette r\u00e9gion sont plus proches de la sativa.<br \/>Cette esp\u00e8ce poss\u00e8de trois plantes originales remarquables dans son patrimoine g\u00e9n\u00e9tique : Jamaican Pearl, Afghani #1 et Hawaiian Indica. La Jamaican Pearl est une sativa prim\u00e9e, dont l&rsquo;influence est tr\u00e8s \u00e9vidente<\/p>\n<h2><strong>Caract\u00e9ristiques Sensi Amnesia Auto Fem :<\/strong><\/h2>\n<ul style=\"list-style-type: disc\">\n<li><strong>Genre :<\/strong> Hybride f\u00e9minis\u00e9 \u00e0 floraison automatique<\/li>\n<li><strong>G\u00e9notype :<\/strong> 20% Indica \/ 50% Sativa \/ 30 Ruderalis<\/li>\n<li><strong>G\u00e9n\u00e9tique :<\/strong> Hawaiian Indica x Afghani x Jamaican Pearl<\/li>\n<li><strong>Jours de floraison :<\/strong> 63 &#8211; 70 jours<\/li>\n<\/ul>\n<p><span style=\"font-size: 11pt\"><em><strong>ATTENTION :<\/strong> Les graines de chanvre sont exclues de la notion l\u00e9gale de Cannabis, ce qui signifie qu&rsquo;elles ne doivent pas \u00eatre consid\u00e9r\u00e9es comme une substance stup\u00e9fiante (L. 412 de 1974, art. 1, alin\u00e9a 1, lettre B ; Convention unique sur les stup\u00e9fiants de New York de 1961 et tableau II du d\u00e9cret minist\u00e9riel 27\/7\/1992). En Italie, la culture du chanvre est interdite (articles 28 et 73 du d\u00e9cret pr\u00e9sidentiel 309\/90), sauf autorisation sp\u00e9ciale (article 17 du d\u00e9cret pr\u00e9sidentiel 309\/90). En l&rsquo;absence d&rsquo;autorisation, les semences ne peuvent \u00eatre utilis\u00e9es qu&rsquo;\u00e0 d&rsquo;autres fins (zootechniques, de collection, etc.). Les semences sont vendues sous r\u00e9serve qu&rsquo;elles ne soient pas utilis\u00e9es par des tiers en contradiction avec la loi.<\/em><\/span><\/p>\n","protected":false},"excerpt":{"rendered":"<p>Sensi Amnesia Autoflowering poss\u00e8de un excellent patrimoine g\u00e9n\u00e9tique, qui comprend des origines telles que Jamaican Pearl, Hawaiian Indica et Afghani<\/p>\n","protected":false},"featured_media":197478,"comment_status":"open","ping_status":"closed","template":"","meta":[],"product_brand":[],"product_cat":[7951],"product_tag":[],"class_list":{"0":"post-243934","1":"product","2":"type-product","3":"status-publish","4":"has-post-thumbnail","6":"product_cat-magasin-de-graines","8":"first","9":"instock","10":"taxable","11":"shipping-taxable","12":"purchasable","13":"product-type-simple"},"aioseo_notices":[],"_links":{"self":[{"href":"https:\/\/www.budream.com\/fr\/wp-json\/wp\/v2\/product\/243934","targetHints":{"allow":["GET"]}}],"collection":[{"href":"https:\/\/www.budream.com\/fr\/wp-json\/wp\/v2\/product"}],"about":[{"href":"https:\/\/www.budream.com\/fr\/wp-json\/wp\/v2\/types\/product"}],"replies":[{"embeddable":true,"href":"https:\/\/www.budream.com\/fr\/wp-json\/wp\/v2\/comments?post=243934"}],"version-history":[{"count":0,"href":"https:\/\/www.budream.com\/fr\/wp-json\/wp\/v2\/product\/243934\/revisions"}],"wp:featuredmedia":[{"embeddable":true,"href":"https:\/\/www.budream.com\/fr\/wp-json\/wp\/v2\/media\/197478"}],"wp:attachment":[{"href":"https:\/\/www.budream.com\/fr\/wp-json\/wp\/v2\/media?parent=243934"}],"wp:term":[{"taxonomy":"product_brand","embeddable":true,"href":"https:\/\/www.budream.com\/fr\/wp-json\/wp\/v2\/product_brand?post=243934"},{"taxonomy":"product_cat","embeddable":true,"href":"https:\/\/www.budream.com\/fr\/wp-json\/wp\/v2\/product_cat?post=243934"},{"taxonomy":"product_tag","embeddable":true,"href":"https:\/\/www.budream.com\/fr\/wp-json\/wp\/v2\/product_tag?post=243934"}],"curies":[{"name":"wp","href":"https:\/\/api.w.org\/{rel}","templated":true}]}}