{"id":243939,"date":"2025-11-21T18:55:10","date_gmt":"2025-11-21T16:55:10","guid":{"rendered":"https:\/\/www.budream.com\/shop\/sweet-seeds-nyc-diesel-fem-sws06-ex-ice-cool-52-seeds-disponible-dans-la-limite-des-stocks-disponibles\/"},"modified":"2026-02-05T13:54:25","modified_gmt":"2026-02-05T11:54:25","slug":"sweet-seeds-nyc-diesel-fem-sws06-ex-ice-cool-52-seeds-disponible-dans-la-limite-des-stocks-disponibles","status":"publish","type":"product","link":"https:\/\/www.budream.com\/fr\/shop\/sweet-seeds-nyc-diesel-fem-sws06-ex-ice-cool-52-seeds-disponible-dans-la-limite-des-stocks-disponibles\/","title":{"rendered":"SWEET SEEDS &#8211; NYC DIESEL\u00ae FEM (SWS06) (ex ICE COOL) | 5+2 SEEDS Disponible dans la limite des stocks disponibles"},"content":{"rendered":"<p>\u00c9volution d&rsquo;une de nos plantes avec la g\u00e9n\u00e9tique la plus innovante et la plus populaire. \u00c0 partir d&rsquo;une ligne de NYC Diesel, nous avons d\u00e9velopp\u00e9 cette plante qui pr\u00e9sente toutes les caract\u00e9ristiques de la partie sativa dans son patrimoine g\u00e9n\u00e9tique.<\/p>\n<h2><strong>Caract\u00e9ristiques NYC Diesel Fem :<\/strong><\/h2>\n<ul style=\"list-style-type: disc\">\n<li><strong>Genre :<\/strong> Hybride F\u00e9minis\u00e9<\/li>\n<li><strong>G\u00e9notype<\/strong>: Hybride : Indica : 40% \/ Sativa : 60%<\/li>\n<li><strong>G\u00e9n\u00e9tique : <\/strong>clone \u00e9lite NVC Diesel<\/li>\n<li><strong>Jours :<\/strong> n.d.<\/li>\n<\/ul>\n<p><span style=\"font-size: 11pt\"><em><strong>ATTENTION :<\/strong> Les graines de chanvre sont exclues de la notion l\u00e9gale de Cannabis, ce qui signifie qu&rsquo;elles ne doivent pas \u00eatre consid\u00e9r\u00e9es comme une substance narcotique (Loi 412 de 1974, Art. 1, paragraphe 1, lettre B ; Convention Unique sur les Stup\u00e9fiants de New York de 1961 et tableau II du D\u00e9cret Minist\u00e9riel 27\/7\/1992). En Italie, la culture du chanvre est interdite (articles 28 et 73 du d\u00e9cret pr\u00e9sidentiel 309\/90), sauf autorisation sp\u00e9ciale (article 17 du d\u00e9cret pr\u00e9sidentiel 309\/90). En l&rsquo;absence d&rsquo;autorisation, les semences ne peuvent \u00eatre utilis\u00e9es qu&rsquo;\u00e0 d&rsquo;autres fins (zootechniques, de collection, etc.). Les semences sont vendues sous r\u00e9serve qu&rsquo;elles ne soient pas utilis\u00e9es par des tiers en contradiction avec la loi.<\/em><\/span><\/p>\n","protected":false},"excerpt":{"rendered":"<p>\u00c9volution d&rsquo;une de nos plantes avec la g\u00e9n\u00e9tique la plus innovante et la plus populaire. \u00c0 partir d&rsquo;une ligne de<\/p>\n","protected":false},"featured_media":166796,"comment_status":"open","ping_status":"closed","template":"","meta":[],"product_brand":[],"product_cat":[7951],"product_tag":[],"class_list":{"0":"post-243939","1":"product","2":"type-product","3":"status-publish","4":"has-post-thumbnail","6":"product_cat-magasin-de-graines","8":"first","9":"instock","10":"taxable","11":"shipping-taxable","12":"purchasable","13":"product-type-simple"},"aioseo_notices":[],"_links":{"self":[{"href":"https:\/\/www.budream.com\/fr\/wp-json\/wp\/v2\/product\/243939","targetHints":{"allow":["GET"]}}],"collection":[{"href":"https:\/\/www.budream.com\/fr\/wp-json\/wp\/v2\/product"}],"about":[{"href":"https:\/\/www.budream.com\/fr\/wp-json\/wp\/v2\/types\/product"}],"replies":[{"embeddable":true,"href":"https:\/\/www.budream.com\/fr\/wp-json\/wp\/v2\/comments?post=243939"}],"version-history":[{"count":0,"href":"https:\/\/www.budream.com\/fr\/wp-json\/wp\/v2\/product\/243939\/revisions"}],"wp:featuredmedia":[{"embeddable":true,"href":"https:\/\/www.budream.com\/fr\/wp-json\/wp\/v2\/media\/166796"}],"wp:attachment":[{"href":"https:\/\/www.budream.com\/fr\/wp-json\/wp\/v2\/media?parent=243939"}],"wp:term":[{"taxonomy":"product_brand","embeddable":true,"href":"https:\/\/www.budream.com\/fr\/wp-json\/wp\/v2\/product_brand?post=243939"},{"taxonomy":"product_cat","embeddable":true,"href":"https:\/\/www.budream.com\/fr\/wp-json\/wp\/v2\/product_cat?post=243939"},{"taxonomy":"product_tag","embeddable":true,"href":"https:\/\/www.budream.com\/fr\/wp-json\/wp\/v2\/product_tag?post=243939"}],"curies":[{"name":"wp","href":"https:\/\/api.w.org\/{rel}","templated":true}]}}