{"id":243949,"date":"2025-11-21T18:56:13","date_gmt":"2025-11-21T16:56:13","guid":{"rendered":"https:\/\/www.budream.com\/shop\/super-sativa-seed-club-kosher-haze-reg-12-graines\/"},"modified":"2026-02-19T11:48:43","modified_gmt":"2026-02-19T09:48:43","slug":"super-sativa-seed-club-kosher-haze-reg-12-graines","status":"publish","type":"product","link":"https:\/\/www.budream.com\/fr\/shop\/super-sativa-seed-club-kosher-haze-reg-12-graines\/","title":{"rendered":"SUPER SATIVA SEED CLUB &#8211; KOSHER HAZE REG | 12 GRAINES"},"content":{"rendered":"<div class=\"FFpbKc\">\n<div class=\"ZTPlmc\">\n<div class=\"FFpbKc\">\n<div class=\"ZTPlmc\">Il s&rsquo;agit d&rsquo;une vari\u00e9t\u00e9 hybride \u00e0 dominante Indica issue du croisement d&rsquo;une Kush et d&rsquo;une Haze.<\/div>\n<\/div>\n<\/div>\n<\/div>\n<h2><strong>Caract\u00e9ristiques Kosher Haze Reg :<\/strong><\/h2>\n<ul style=\"list-style-type: disc\">\n<li><strong>Genre :<\/strong> Hybride r\u00e9gulier<\/li>\n<li><strong>G\u00e9notype :<\/strong> Hybride 30% Sativa 70% Indica<\/li>\n<li><strong>G\u00e9n\u00e9tique :<\/strong> Kosher Kush x Karel&rsquo;s Haze<\/li>\n<li>Jours<strong>:<\/strong> 63 &#8211; 70 jours<\/li>\n<\/ul>\n<p><span style=\"font-size: 11pt\"><em><strong>ATTENTION :<\/strong> Les graines de chanvre sont exclues de la notion l\u00e9gale de Cannabis, ce qui signifie qu&rsquo;elles ne doivent pas \u00eatre consid\u00e9r\u00e9es comme une substance stup\u00e9fiante (L. 412 de 1974, art. 1, alin\u00e9a 1, lettre B ; Convention unique sur les stup\u00e9fiants de New York de 1961 et tableau II du d\u00e9cret minist\u00e9riel 27\/7\/1992). En Italie, la culture du chanvre est interdite (articles 28 et 73 du d\u00e9cret pr\u00e9sidentiel 309\/90), sauf autorisation sp\u00e9ciale (article 17 du d\u00e9cret pr\u00e9sidentiel 309\/90). En l&rsquo;absence d&rsquo;autorisation, les semences ne peuvent \u00eatre utilis\u00e9es qu&rsquo;\u00e0 d&rsquo;autres fins (zootechniques, de collection, etc.). Les semences sont vendues sous r\u00e9serve qu&rsquo;elles ne soient pas utilis\u00e9es par des tiers en contradiction avec la loi.<\/em><\/span><\/p>\n","protected":false},"excerpt":{"rendered":"<p>Il s&rsquo;agit d&rsquo;une vari\u00e9t\u00e9 hybride \u00e0 dominante Indica issue du croisement d&rsquo;une Kush et d&rsquo;une Haze. Caract\u00e9ristiques Kosher Haze Reg<\/p>\n","protected":false},"featured_media":169111,"comment_status":"open","ping_status":"closed","template":"","meta":[],"product_brand":[],"product_cat":[7951],"product_tag":[],"class_list":{"0":"post-243949","1":"product","2":"type-product","3":"status-publish","4":"has-post-thumbnail","6":"product_cat-magasin-de-graines","8":"first","9":"instock","10":"taxable","11":"shipping-taxable","12":"purchasable","13":"product-type-simple"},"aioseo_notices":[],"_links":{"self":[{"href":"https:\/\/www.budream.com\/fr\/wp-json\/wp\/v2\/product\/243949","targetHints":{"allow":["GET"]}}],"collection":[{"href":"https:\/\/www.budream.com\/fr\/wp-json\/wp\/v2\/product"}],"about":[{"href":"https:\/\/www.budream.com\/fr\/wp-json\/wp\/v2\/types\/product"}],"replies":[{"embeddable":true,"href":"https:\/\/www.budream.com\/fr\/wp-json\/wp\/v2\/comments?post=243949"}],"version-history":[{"count":0,"href":"https:\/\/www.budream.com\/fr\/wp-json\/wp\/v2\/product\/243949\/revisions"}],"wp:featuredmedia":[{"embeddable":true,"href":"https:\/\/www.budream.com\/fr\/wp-json\/wp\/v2\/media\/169111"}],"wp:attachment":[{"href":"https:\/\/www.budream.com\/fr\/wp-json\/wp\/v2\/media?parent=243949"}],"wp:term":[{"taxonomy":"product_brand","embeddable":true,"href":"https:\/\/www.budream.com\/fr\/wp-json\/wp\/v2\/product_brand?post=243949"},{"taxonomy":"product_cat","embeddable":true,"href":"https:\/\/www.budream.com\/fr\/wp-json\/wp\/v2\/product_cat?post=243949"},{"taxonomy":"product_tag","embeddable":true,"href":"https:\/\/www.budream.com\/fr\/wp-json\/wp\/v2\/product_tag?post=243949"}],"curies":[{"name":"wp","href":"https:\/\/api.w.org\/{rel}","templated":true}]}}