{"id":243979,"date":"2025-11-21T18:59:17","date_gmt":"2025-11-21T16:59:17","guid":{"rendered":"https:\/\/www.budream.com\/shop\/addipure-feuille-de-teflon-ptfe-60x100cm-epaisseur-01mm\/"},"modified":"2025-12-15T16:53:04","modified_gmt":"2025-12-15T14:53:04","slug":"addipure-feuille-de-teflon-ptfe-60x100cm-epaisseur-01mm","status":"publish","type":"product","link":"https:\/\/www.budream.com\/fr\/shop\/addipure-feuille-de-teflon-ptfe-60x100cm-epaisseur-01mm\/","title":{"rendered":"ADDIPURE &#8211; FEUILLE DE TEFLON PTFE | 60X100cm \u00c9PAISSEUR 0,1mm"},"content":{"rendered":"<p>Addipure P.T.F.E. est une feuille de T\u00e9flon ultra r\u00e9sistante qui convient \u00e0 diverses applications et qui <strong>r\u00e9siste \u00e0<\/strong> 100 % <strong>\u00e0 l&rsquo;E.M.D. Elle<\/strong> peut \u00eatre pli\u00e9e et moul\u00e9e \u00e0 l&rsquo;int\u00e9rieur du r\u00e9cipient d&rsquo;extraction, s&rsquo;adaptant ainsi exactement au volume du r\u00e9cipient <strong>.<\/strong> <\/p>\n<p>Il peut \u00eatre pli\u00e9 et moul\u00e9 \u00e0 l&rsquo;int\u00e9rieur du r\u00e9cipient d&rsquo;extraction, s&rsquo;adaptant exactement au volume du r\u00e9cipient. Il est <strong>\u00e9galement parfait pour les processus de purification<\/strong> au four, r\u00e9sistant \u00e0 des temp\u00e9ratures allant jusqu&rsquo;\u00e0 220&deg;C.<\/p>\n","protected":false},"excerpt":{"rendered":"<p>Addipure P.T.F.E. est une feuille de T\u00e9flon ultra r\u00e9sistante qui convient \u00e0 diverses applications et qui r\u00e9siste \u00e0 100 %<\/p>\n","protected":false},"featured_media":174028,"comment_status":"open","ping_status":"closed","template":"","meta":[],"product_brand":[],"product_cat":[7603],"product_tag":[],"class_list":{"0":"post-243979","1":"product","2":"type-product","3":"status-publish","4":"has-post-thumbnail","6":"product_cat-head-shop","8":"first","9":"instock","10":"taxable","11":"shipping-taxable","12":"purchasable","13":"product-type-simple"},"aioseo_notices":[],"_links":{"self":[{"href":"https:\/\/www.budream.com\/fr\/wp-json\/wp\/v2\/product\/243979","targetHints":{"allow":["GET"]}}],"collection":[{"href":"https:\/\/www.budream.com\/fr\/wp-json\/wp\/v2\/product"}],"about":[{"href":"https:\/\/www.budream.com\/fr\/wp-json\/wp\/v2\/types\/product"}],"replies":[{"embeddable":true,"href":"https:\/\/www.budream.com\/fr\/wp-json\/wp\/v2\/comments?post=243979"}],"version-history":[{"count":0,"href":"https:\/\/www.budream.com\/fr\/wp-json\/wp\/v2\/product\/243979\/revisions"}],"wp:featuredmedia":[{"embeddable":true,"href":"https:\/\/www.budream.com\/fr\/wp-json\/wp\/v2\/media\/174028"}],"wp:attachment":[{"href":"https:\/\/www.budream.com\/fr\/wp-json\/wp\/v2\/media?parent=243979"}],"wp:term":[{"taxonomy":"product_brand","embeddable":true,"href":"https:\/\/www.budream.com\/fr\/wp-json\/wp\/v2\/product_brand?post=243979"},{"taxonomy":"product_cat","embeddable":true,"href":"https:\/\/www.budream.com\/fr\/wp-json\/wp\/v2\/product_cat?post=243979"},{"taxonomy":"product_tag","embeddable":true,"href":"https:\/\/www.budream.com\/fr\/wp-json\/wp\/v2\/product_tag?post=243979"}],"curies":[{"name":"wp","href":"https:\/\/api.w.org\/{rel}","templated":true}]}}