{"id":243999,"date":"2025-11-21T19:00:55","date_gmt":"2025-11-21T17:00:55","guid":{"rendered":"https:\/\/www.budream.com\/shop\/dutch-passion-ice-cream-haze-reg-10-graines\/"},"modified":"2025-12-22T11:35:17","modified_gmt":"2025-12-22T09:35:17","slug":"dutch-passion-ice-cream-haze-reg-10-graines","status":"publish","type":"product","link":"https:\/\/www.budream.com\/fr\/shop\/dutch-passion-ice-cream-haze-reg-10-graines\/","title":{"rendered":"DUTCH PASSION &#8211; ICE CREAM HAZE REG | 10 GRAINES"},"content":{"rendered":"<div style=\"text-align: justify\">Ice Cream Haze est un hybride am\u00e9ricain extraordinaire, une Haze de la vieille \u00e9cole crois\u00e9e avec Ice Cream Cake (Ice Cream x Wedding Cake).<\/div>\n<p><\/p>\n<h2><strong>Caract\u00e9ristiques Ice Cream Haze Fem Dutch Passion :<\/strong><\/h2>\n<ul style=\"list-style-type: disc\">\n<li><strong>Genre :<\/strong> Regular<\/li>\n<li><strong>G\u00e9notype :<\/strong> Hybride \u00e0 dominance sativa<\/li>\n<li><strong>G\u00e9n\u00e9tique : <\/strong>Haze x Ice Cream Cake (Ice Cream x Wedding Cake)<\/li>\n<li><strong>Jours :<\/strong> 56-70 jours<\/li>\n<\/ul>\n<p><\/p>\n<div style=\"text-align: justify\"><span style=\"font-size: 11pt\"><em><strong>ATTENTION :<\/strong> Les graines de chanvre sont exclues de la notion l\u00e9gale de Cannabis, ce qui signifie qu&rsquo;elles ne doivent pas \u00eatre consid\u00e9r\u00e9es comme une substance stup\u00e9fiante (L. 412 de 1974, Art. 1, paragraphe 1, lettre B ; Convention unique sur les stup\u00e9fiants de New York de 1961 et tableau II du d\u00e9cret minist\u00e9riel 27\/7\/1992). En Italie, la culture du chanvre est interdite (articles 28 et 73 du d\u00e9cret pr\u00e9sidentiel 309\/90), sauf autorisation sp\u00e9ciale (article 17 du d\u00e9cret pr\u00e9sidentiel 309\/90). En l&rsquo;absence d&rsquo;autorisation, les semences ne peuvent \u00eatre utilis\u00e9es qu&rsquo;\u00e0 d&rsquo;autres fins (zootechniques, de collection, etc.). Les semences sont vendues sous r\u00e9serve qu&rsquo;elles ne soient pas utilis\u00e9es par des tiers en contradiction avec la loi.<\/em><\/span><\/div>\n","protected":false},"excerpt":{"rendered":"<p>Ice Cream Haze est un hybride am\u00e9ricain extraordinaire, une Haze de la vieille \u00e9cole crois\u00e9e avec Ice Cream Cake (Ice<\/p>\n","protected":false},"featured_media":183913,"comment_status":"open","ping_status":"closed","template":"","meta":[],"product_brand":[],"product_cat":[7951],"product_tag":[],"class_list":{"0":"post-243999","1":"product","2":"type-product","3":"status-publish","4":"has-post-thumbnail","6":"product_cat-magasin-de-graines","8":"first","9":"instock","10":"taxable","11":"shipping-taxable","12":"purchasable","13":"product-type-simple"},"aioseo_notices":[],"_links":{"self":[{"href":"https:\/\/www.budream.com\/fr\/wp-json\/wp\/v2\/product\/243999","targetHints":{"allow":["GET"]}}],"collection":[{"href":"https:\/\/www.budream.com\/fr\/wp-json\/wp\/v2\/product"}],"about":[{"href":"https:\/\/www.budream.com\/fr\/wp-json\/wp\/v2\/types\/product"}],"replies":[{"embeddable":true,"href":"https:\/\/www.budream.com\/fr\/wp-json\/wp\/v2\/comments?post=243999"}],"version-history":[{"count":0,"href":"https:\/\/www.budream.com\/fr\/wp-json\/wp\/v2\/product\/243999\/revisions"}],"wp:featuredmedia":[{"embeddable":true,"href":"https:\/\/www.budream.com\/fr\/wp-json\/wp\/v2\/media\/183913"}],"wp:attachment":[{"href":"https:\/\/www.budream.com\/fr\/wp-json\/wp\/v2\/media?parent=243999"}],"wp:term":[{"taxonomy":"product_brand","embeddable":true,"href":"https:\/\/www.budream.com\/fr\/wp-json\/wp\/v2\/product_brand?post=243999"},{"taxonomy":"product_cat","embeddable":true,"href":"https:\/\/www.budream.com\/fr\/wp-json\/wp\/v2\/product_cat?post=243999"},{"taxonomy":"product_tag","embeddable":true,"href":"https:\/\/www.budream.com\/fr\/wp-json\/wp\/v2\/product_tag?post=243999"}],"curies":[{"name":"wp","href":"https:\/\/api.w.org\/{rel}","templated":true}]}}