{"id":244024,"date":"2025-11-21T19:03:41","date_gmt":"2025-11-21T17:03:41","guid":{"rendered":"https:\/\/www.budream.com\/shop\/white-label-pure-power-plant-fem-5-graines\/"},"modified":"2026-03-05T10:20:11","modified_gmt":"2026-03-05T08:20:11","slug":"white-label-pure-power-plant-fem-5-graines","status":"publish","type":"product","link":"https:\/\/www.budream.com\/fr\/shop\/white-label-pure-power-plant-fem-5-graines\/","title":{"rendered":"WHITE LABEL &#8211; PURE POWER PLANT FEM | 5 GRAINES"},"content":{"rendered":"<p>0<\/p>\n<p>Composition : Power Plant<\/p>\n<p>G\u00e9notype : f\u00e9minis\u00e9 75% indica<\/p>\n<p>JOURS : 55-60<\/p>\n<p><a href=\"http:\/\/sensiseeds.com\/it\/semi-femminizzati\/whitelabel\" target=\"_blank\" rel=\"noopener noreferrer\">pour plus d&rsquo;informations, cliquez ici !<\/a><\/p>\n","protected":false},"excerpt":{"rendered":"<p>0 Composition : Power Plant G\u00e9notype : f\u00e9minis\u00e9 75% indica JOURS : 55-60 pour plus d&rsquo;informations, cliquez ici !<\/p>\n","protected":false},"featured_media":206424,"comment_status":"open","ping_status":"closed","template":"","meta":[],"product_brand":[],"product_cat":[7951],"product_tag":[],"class_list":{"0":"post-244024","1":"product","2":"type-product","3":"status-publish","4":"has-post-thumbnail","6":"product_cat-magasin-de-graines","8":"first","9":"instock","10":"taxable","11":"shipping-taxable","12":"purchasable","13":"product-type-simple"},"aioseo_notices":[],"_links":{"self":[{"href":"https:\/\/www.budream.com\/fr\/wp-json\/wp\/v2\/product\/244024","targetHints":{"allow":["GET"]}}],"collection":[{"href":"https:\/\/www.budream.com\/fr\/wp-json\/wp\/v2\/product"}],"about":[{"href":"https:\/\/www.budream.com\/fr\/wp-json\/wp\/v2\/types\/product"}],"replies":[{"embeddable":true,"href":"https:\/\/www.budream.com\/fr\/wp-json\/wp\/v2\/comments?post=244024"}],"version-history":[{"count":0,"href":"https:\/\/www.budream.com\/fr\/wp-json\/wp\/v2\/product\/244024\/revisions"}],"wp:featuredmedia":[{"embeddable":true,"href":"https:\/\/www.budream.com\/fr\/wp-json\/wp\/v2\/media\/206424"}],"wp:attachment":[{"href":"https:\/\/www.budream.com\/fr\/wp-json\/wp\/v2\/media?parent=244024"}],"wp:term":[{"taxonomy":"product_brand","embeddable":true,"href":"https:\/\/www.budream.com\/fr\/wp-json\/wp\/v2\/product_brand?post=244024"},{"taxonomy":"product_cat","embeddable":true,"href":"https:\/\/www.budream.com\/fr\/wp-json\/wp\/v2\/product_cat?post=244024"},{"taxonomy":"product_tag","embeddable":true,"href":"https:\/\/www.budream.com\/fr\/wp-json\/wp\/v2\/product_tag?post=244024"}],"curies":[{"name":"wp","href":"https:\/\/api.w.org\/{rel}","templated":true}]}}