{"id":244084,"date":"2025-11-21T19:10:28","date_gmt":"2025-11-21T17:10:28","guid":{"rendered":"https:\/\/www.budream.com\/shop\/white-label-snow-ryder-autoflower-5-graines\/"},"modified":"2025-12-04T15:27:04","modified_gmt":"2025-12-04T13:27:04","slug":"white-label-snow-ryder-autoflower-5-graines","status":"publish","type":"product","link":"https:\/\/www.budream.com\/fr\/shop\/white-label-snow-ryder-autoflower-5-graines\/","title":{"rendered":"WHITE LABEL &#8211; SNOW RYDER AUTOFLOWER | 5 GRAINES"},"content":{"rendered":"<p>Composition : Hybride indica<\/p>\n<p>G\u00e9notype : auto-florissant f\u00e9minis\u00e9 75% indica<\/p>\n<p>JOURS : 40-55<\/p>\n<p><a href=\"http:\/\/sensiseeds.com\/it\/semi-femminizzati\/whitelabel\" target=\"_blank\" rel=\"noopener noreferrer\">pour plus d&rsquo;info cliquez ici !<\/a><\/p>\n","protected":false},"excerpt":{"rendered":"<p>Composition : Hybride indica G\u00e9notype : auto-florissant f\u00e9minis\u00e9 75% indica JOURS : 40-55 pour plus d&rsquo;info cliquez ici !<\/p>\n","protected":false},"featured_media":214150,"comment_status":"open","ping_status":"closed","template":"","meta":[],"product_brand":[],"product_cat":[7951],"product_tag":[],"class_list":{"0":"post-244084","1":"product","2":"type-product","3":"status-publish","4":"has-post-thumbnail","6":"product_cat-magasin-de-graines","8":"first","9":"instock","10":"taxable","11":"shipping-taxable","12":"purchasable","13":"product-type-simple"},"aioseo_notices":[],"_links":{"self":[{"href":"https:\/\/www.budream.com\/fr\/wp-json\/wp\/v2\/product\/244084","targetHints":{"allow":["GET"]}}],"collection":[{"href":"https:\/\/www.budream.com\/fr\/wp-json\/wp\/v2\/product"}],"about":[{"href":"https:\/\/www.budream.com\/fr\/wp-json\/wp\/v2\/types\/product"}],"replies":[{"embeddable":true,"href":"https:\/\/www.budream.com\/fr\/wp-json\/wp\/v2\/comments?post=244084"}],"version-history":[{"count":0,"href":"https:\/\/www.budream.com\/fr\/wp-json\/wp\/v2\/product\/244084\/revisions"}],"wp:featuredmedia":[{"embeddable":true,"href":"https:\/\/www.budream.com\/fr\/wp-json\/wp\/v2\/media\/214150"}],"wp:attachment":[{"href":"https:\/\/www.budream.com\/fr\/wp-json\/wp\/v2\/media?parent=244084"}],"wp:term":[{"taxonomy":"product_brand","embeddable":true,"href":"https:\/\/www.budream.com\/fr\/wp-json\/wp\/v2\/product_brand?post=244084"},{"taxonomy":"product_cat","embeddable":true,"href":"https:\/\/www.budream.com\/fr\/wp-json\/wp\/v2\/product_cat?post=244084"},{"taxonomy":"product_tag","embeddable":true,"href":"https:\/\/www.budream.com\/fr\/wp-json\/wp\/v2\/product_tag?post=244084"}],"curies":[{"name":"wp","href":"https:\/\/api.w.org\/{rel}","templated":true}]}}