{"id":244156,"date":"2025-11-21T19:32:36","date_gmt":"2025-11-21T17:32:36","guid":{"rendered":"https:\/\/www.budream.com\/shop\/green-house-seed-co-green-o-matic-autofloraison-fem-5-graines\/"},"modified":"2026-04-13T10:06:04","modified_gmt":"2026-04-13T08:06:04","slug":"green-house-seed-co-green-o-matic-autofloraison-fem-5-graines","status":"publish","type":"product","link":"https:\/\/www.budream.com\/fr\/shop\/green-house-seed-co-green-o-matic-autofloraison-fem-5-graines\/","title":{"rendered":"GREEN HOUSE SEED CO. &#8211; GREEN -O-MATIC AUTOFLORAISON FEM | 5 GRAINES"},"content":{"rendered":"<p>Cette belle vari\u00e9t\u00e9 est le r\u00e9sultat d&rsquo;une s\u00e9lection minutieuse de Blue Haze, crois\u00e9e avec la Gelato #41 Autoflowering.<\/p>\n<h2><strong>Caract\u00e9ristiques Green-O-Matic Autoflowering Fem :<\/p>\n<p><\/strong><\/h2>\n<ul style=\"list-style-type: disc\">\n<li><strong>Genre :<\/strong> Hybride f\u00e9minis\u00e9 \u00e0 autofloraison<\/li>\n<li><strong>G\u00e9notype :<\/strong> Indica 60%\/ Sativa 30%\/ Ruderalis 10%<\/li>\n<li><strong>G\u00e9n\u00e9tique :<\/strong> Ruderalis x Maroccan x White Dwarf x Low Ryder<\/li>\n<li>Jours<strong>:<\/strong> 42-49 jours<\/li>\n<\/ul>\n<p><span style=\"font-size: 11pt\"><em><strong>ATTENTION :<\/strong> Les graines de chanvre sont exclues de la notion l\u00e9gale de Cannabis, ce qui signifie qu&rsquo;elles ne doivent pas \u00eatre consid\u00e9r\u00e9es comme une substance stup\u00e9fiante (L. 412 de 1974, art. 1, alin\u00e9a 1, lettre B ; Convention unique sur les stup\u00e9fiants de New York de 1961 et tableau II du d\u00e9cret minist\u00e9riel 27\/7\/1992). En Italie, la culture du chanvre est interdite (articles 28 et 73 du d\u00e9cret pr\u00e9sidentiel 309\/90), sauf autorisation sp\u00e9ciale (article 17 du d\u00e9cret pr\u00e9sidentiel 309\/90). En l&rsquo;absence d&rsquo;autorisation, les semences ne peuvent \u00eatre utilis\u00e9es qu&rsquo;\u00e0 d&rsquo;autres fins (zootechniques, de collection, etc.). Les semences sont vendues sous r\u00e9serve qu&rsquo;elles ne soient pas utilis\u00e9es par des tiers en contradiction avec la loi.<\/em><\/span><\/p>\n","protected":false},"excerpt":{"rendered":"<p>Cette belle vari\u00e9t\u00e9 est le r\u00e9sultat d&rsquo;une s\u00e9lection minutieuse de Blue Haze, crois\u00e9e avec la Gelato #41 Autoflowering. Caract\u00e9ristiques Green-O-Matic<\/p>\n","protected":false},"featured_media":214959,"comment_status":"open","ping_status":"closed","template":"","meta":[],"product_brand":[],"product_cat":[7951],"product_tag":[],"class_list":{"0":"post-244156","1":"product","2":"type-product","3":"status-publish","4":"has-post-thumbnail","6":"product_cat-magasin-de-graines","8":"first","9":"outofstock","10":"taxable","11":"shipping-taxable","12":"purchasable","13":"product-type-simple"},"aioseo_notices":[],"_links":{"self":[{"href":"https:\/\/www.budream.com\/fr\/wp-json\/wp\/v2\/product\/244156","targetHints":{"allow":["GET"]}}],"collection":[{"href":"https:\/\/www.budream.com\/fr\/wp-json\/wp\/v2\/product"}],"about":[{"href":"https:\/\/www.budream.com\/fr\/wp-json\/wp\/v2\/types\/product"}],"replies":[{"embeddable":true,"href":"https:\/\/www.budream.com\/fr\/wp-json\/wp\/v2\/comments?post=244156"}],"version-history":[{"count":1,"href":"https:\/\/www.budream.com\/fr\/wp-json\/wp\/v2\/product\/244156\/revisions"}],"predecessor-version":[{"id":262523,"href":"https:\/\/www.budream.com\/fr\/wp-json\/wp\/v2\/product\/244156\/revisions\/262523"}],"wp:featuredmedia":[{"embeddable":true,"href":"https:\/\/www.budream.com\/fr\/wp-json\/wp\/v2\/media\/214959"}],"wp:attachment":[{"href":"https:\/\/www.budream.com\/fr\/wp-json\/wp\/v2\/media?parent=244156"}],"wp:term":[{"taxonomy":"product_brand","embeddable":true,"href":"https:\/\/www.budream.com\/fr\/wp-json\/wp\/v2\/product_brand?post=244156"},{"taxonomy":"product_cat","embeddable":true,"href":"https:\/\/www.budream.com\/fr\/wp-json\/wp\/v2\/product_cat?post=244156"},{"taxonomy":"product_tag","embeddable":true,"href":"https:\/\/www.budream.com\/fr\/wp-json\/wp\/v2\/product_tag?post=244156"}],"curies":[{"name":"wp","href":"https:\/\/api.w.org\/{rel}","templated":true}]}}