{"id":244171,"date":"2025-11-21T19:34:08","date_gmt":"2025-11-21T17:34:08","guid":{"rendered":"https:\/\/www.budream.com\/shop\/green-house-seed-co-kings-kush-autofloraison-fem-5-graines\/"},"modified":"2026-03-26T11:45:13","modified_gmt":"2026-03-26T09:45:13","slug":"green-house-seed-co-kings-kush-autofloraison-fem-5-graines","status":"publish","type":"product","link":"https:\/\/www.budream.com\/fr\/shop\/green-house-seed-co-kings-kush-autofloraison-fem-5-graines\/","title":{"rendered":"GREEN HOUSE SEED CO. &#8211; KING&rsquo;S KUSH AUTOFLORAISON FEM | 5 GRAINES"},"content":{"rendered":"<p>La g\u00e9n\u00e9tique provient du croisement d&rsquo;une King&rsquo;s Kush avec une Ruderalis inconnue.<br \/>La King&rsquo;s Kush Autoflowering est un hybride parfaitement \u00e9quilibr\u00e9. La souche King&rsquo;s Kush a \u00e9t\u00e9 crois\u00e9e avec des g\u00e8nes Ruderalis, ce qui a donn\u00e9 une vari\u00e9t\u00e9 \u00e0 autofloraison. La composition g\u00e9n\u00e9tique est de 40% d&rsquo;indica, 40% de sativa et 20% de g\u00e8nes de Ruderalis.<\/p>\n<h2><strong>Caract\u00e9ristiques King&rsquo;s Kush Autoflowering Fem :<\/p>\n<p><\/strong><\/h2>\n<ul style=\"list-style-type: disc\">\n<li><strong>Genre :<\/strong> Hybride f\u00e9minis\u00e9 \u00e0 autofloraison<\/li>\n<li><strong>G\u00e9notype :<\/strong> Indica 40%\/ Sativa 40%\/ Ruderalis 20%<\/li>\n<li><strong>G\u00e9n\u00e9tique :<\/strong> King&rsquo;s Kush x Ruderalis<\/li>\n<li><strong>Jours :<\/strong> 49-56<\/li>\n<\/ul>\n<p><span style=\"font-size: 11pt\"><em><strong>ATTENTION :<\/strong> Les graines de chanvre sont exclues de la notion l\u00e9gale de Cannabis, ce qui signifie qu&rsquo;elles ne doivent pas \u00eatre consid\u00e9r\u00e9es comme une substance stup\u00e9fiante (L. 412 de 1974, art. 1, paragraphe 1, lettre B ; Convention unique sur les stup\u00e9fiants de New York de 1961 et tableau II du d\u00e9cret minist\u00e9riel 27\/7\/1992). En Italie, la culture du chanvre est interdite (articles 28 et 73 du d\u00e9cret pr\u00e9sidentiel 309\/90), sauf autorisation sp\u00e9ciale (article 17 du d\u00e9cret pr\u00e9sidentiel 309\/90). En l&rsquo;absence d&rsquo;autorisation, les semences ne peuvent \u00eatre utilis\u00e9es qu&rsquo;\u00e0 d&rsquo;autres fins (zootechniques, de collection, etc.). Les semences sont vendues sous r\u00e9serve qu&rsquo;elles ne soient pas utilis\u00e9es par des tiers en contradiction avec la loi.<\/em><\/span><\/p>\n","protected":false},"excerpt":{"rendered":"<p>La g\u00e9n\u00e9tique provient du croisement d&rsquo;une King&rsquo;s Kush avec une Ruderalis inconnue.La King&rsquo;s Kush Autoflowering est un hybride parfaitement \u00e9quilibr\u00e9.<\/p>\n","protected":false},"featured_media":215110,"comment_status":"open","ping_status":"closed","template":"","meta":[],"product_brand":[],"product_cat":[7951],"product_tag":[],"class_list":{"0":"post-244171","1":"product","2":"type-product","3":"status-publish","4":"has-post-thumbnail","6":"product_cat-magasin-de-graines","8":"first","9":"instock","10":"taxable","11":"shipping-taxable","12":"purchasable","13":"product-type-simple"},"aioseo_notices":[],"_links":{"self":[{"href":"https:\/\/www.budream.com\/fr\/wp-json\/wp\/v2\/product\/244171","targetHints":{"allow":["GET"]}}],"collection":[{"href":"https:\/\/www.budream.com\/fr\/wp-json\/wp\/v2\/product"}],"about":[{"href":"https:\/\/www.budream.com\/fr\/wp-json\/wp\/v2\/types\/product"}],"replies":[{"embeddable":true,"href":"https:\/\/www.budream.com\/fr\/wp-json\/wp\/v2\/comments?post=244171"}],"version-history":[{"count":0,"href":"https:\/\/www.budream.com\/fr\/wp-json\/wp\/v2\/product\/244171\/revisions"}],"wp:featuredmedia":[{"embeddable":true,"href":"https:\/\/www.budream.com\/fr\/wp-json\/wp\/v2\/media\/215110"}],"wp:attachment":[{"href":"https:\/\/www.budream.com\/fr\/wp-json\/wp\/v2\/media?parent=244171"}],"wp:term":[{"taxonomy":"product_brand","embeddable":true,"href":"https:\/\/www.budream.com\/fr\/wp-json\/wp\/v2\/product_brand?post=244171"},{"taxonomy":"product_cat","embeddable":true,"href":"https:\/\/www.budream.com\/fr\/wp-json\/wp\/v2\/product_cat?post=244171"},{"taxonomy":"product_tag","embeddable":true,"href":"https:\/\/www.budream.com\/fr\/wp-json\/wp\/v2\/product_tag?post=244171"}],"curies":[{"name":"wp","href":"https:\/\/api.w.org\/{rel}","templated":true}]}}