{"id":244191,"date":"2025-11-21T19:36:18","date_gmt":"2025-11-21T17:36:18","guid":{"rendered":"https:\/\/www.budream.com\/shop\/green-house-seed-co-super-critical-autoflowering-fem-5-graines\/"},"modified":"2026-03-16T12:34:53","modified_gmt":"2026-03-16T10:34:53","slug":"green-house-seed-co-super-critical-autoflowering-fem-5-graines","status":"publish","type":"product","link":"https:\/\/www.budream.com\/fr\/shop\/green-house-seed-co-super-critical-autoflowering-fem-5-graines\/","title":{"rendered":"GREEN HOUSE SEED CO. &#8211; SUPER CRITICAL AUTOFLOWERING FEM | 5 GRAINES"},"content":{"rendered":"<p>La Super Critical Autoflowering est un m\u00e9lange g\u00e9n\u00e9tique d&rsquo;une Big Bud, d&rsquo;une Skunk classique et d&rsquo;une White Widow. Les g\u00e8nes d&rsquo;une Ruderalis ont \u00e9galement \u00e9t\u00e9 ajout\u00e9s au m\u00e9lange pour obtenir les caract\u00e9ristiques de l&rsquo;autofloraison. Il n&rsquo;est pas surprenant d&rsquo;apprendre que gr\u00e2ce \u00e0 ces trois vari\u00e9t\u00e9s pris\u00e9es, un nouvel hybride aux qualit\u00e9s extraordinaires a vu le jour.<\/p>\n<h2><strong>Caract\u00e9ristiques Super Critical Autoflowering Fem :<\/p>\n<p><\/strong><\/h2>\n<ul style=\"list-style-type: disc\">\n<li><strong>Genre :<\/strong> Hybride f\u00e9minis\u00e9 \u00e0 floraison automatique<\/li>\n<li><strong>G\u00e9notype :<\/strong> Indica 80%\/ Sativa 10%\/ Ruderalis 10%<\/li>\n<li><strong>G\u00e9n\u00e9tique :<\/strong> Big Bud x Super Skunk X White Widow<\/li>\n<li><strong>Jours :<\/strong> 49- 56<\/li>\n<\/ul>\n<p><span style=\"font-size: 11pt\"><em><strong>ATTENTION :<\/strong> Les graines de chanvre sont exclues de la notion l\u00e9gale de Cannabis, ce qui signifie qu&rsquo;elles ne doivent pas \u00eatre consid\u00e9r\u00e9es comme une substance stup\u00e9fiante (L. 412 de 1974, art. 1, alin\u00e9a 1, lettre B ; Convention unique sur les stup\u00e9fiants de New York de 1961 et tableau II du d\u00e9cret minist\u00e9riel 27\/7\/1992). En Italie, la culture du chanvre est interdite (articles 28 et 73 du d\u00e9cret pr\u00e9sidentiel 309\/90), sauf autorisation sp\u00e9ciale (article 17 du d\u00e9cret pr\u00e9sidentiel 309\/90). En l&rsquo;absence d&rsquo;autorisation, les semences ne peuvent \u00eatre utilis\u00e9es qu&rsquo;\u00e0 d&rsquo;autres fins (zootechniques, de collection, etc.). Les semences sont vendues sous r\u00e9serve qu&rsquo;elles ne soient pas utilis\u00e9es par des tiers en contradiction avec la loi.<\/em><\/span><\/p>\n","protected":false},"excerpt":{"rendered":"<p>La Super Critical Autoflowering est un m\u00e9lange g\u00e9n\u00e9tique d&rsquo;une Big Bud, d&rsquo;une Skunk classique et d&rsquo;une White Widow. Les g\u00e8nes<\/p>\n","protected":false},"featured_media":225918,"comment_status":"open","ping_status":"closed","template":"","meta":[],"product_brand":[],"product_cat":[7951],"product_tag":[],"class_list":{"0":"post-244191","1":"product","2":"type-product","3":"status-publish","4":"has-post-thumbnail","6":"product_cat-magasin-de-graines","8":"first","9":"instock","10":"taxable","11":"shipping-taxable","12":"purchasable","13":"product-type-simple"},"aioseo_notices":[],"_links":{"self":[{"href":"https:\/\/www.budream.com\/fr\/wp-json\/wp\/v2\/product\/244191","targetHints":{"allow":["GET"]}}],"collection":[{"href":"https:\/\/www.budream.com\/fr\/wp-json\/wp\/v2\/product"}],"about":[{"href":"https:\/\/www.budream.com\/fr\/wp-json\/wp\/v2\/types\/product"}],"replies":[{"embeddable":true,"href":"https:\/\/www.budream.com\/fr\/wp-json\/wp\/v2\/comments?post=244191"}],"version-history":[{"count":0,"href":"https:\/\/www.budream.com\/fr\/wp-json\/wp\/v2\/product\/244191\/revisions"}],"wp:featuredmedia":[{"embeddable":true,"href":"https:\/\/www.budream.com\/fr\/wp-json\/wp\/v2\/media\/225918"}],"wp:attachment":[{"href":"https:\/\/www.budream.com\/fr\/wp-json\/wp\/v2\/media?parent=244191"}],"wp:term":[{"taxonomy":"product_brand","embeddable":true,"href":"https:\/\/www.budream.com\/fr\/wp-json\/wp\/v2\/product_brand?post=244191"},{"taxonomy":"product_cat","embeddable":true,"href":"https:\/\/www.budream.com\/fr\/wp-json\/wp\/v2\/product_cat?post=244191"},{"taxonomy":"product_tag","embeddable":true,"href":"https:\/\/www.budream.com\/fr\/wp-json\/wp\/v2\/product_tag?post=244191"}],"curies":[{"name":"wp","href":"https:\/\/api.w.org\/{rel}","templated":true}]}}