{"id":244464,"date":"2025-12-02T11:18:02","date_gmt":"2025-12-02T09:18:02","guid":{"rendered":"https:\/\/www.budream.com\/shop\/royal-queen-seeds-astro-lemonade-f1-fem\/"},"modified":"2025-12-02T11:24:34","modified_gmt":"2025-12-02T09:24:34","slug":"royal-queen-seeds-astro-lemonade-f1-fem","status":"publish","type":"product","link":"https:\/\/www.budream.com\/fr\/shop\/royal-queen-seeds-astro-lemonade-f1-fem\/","title":{"rendered":"ROYAL QUEEN SEEDS &#8211; ASTRO LEMONADE F1 FEM"},"content":{"rendered":"<div style=\"text-align: justify\">\n<div style=\"text-align: justify\">Issu de l&rsquo;union de Jungle Spice et Gorilla Diesel, ce croisement F1 combine l&rsquo;innovation de la g\u00e9n\u00e9tique moderne avec un h\u00e9ritage classique.<\/div>\n<p><\/p>\n<h2><strong>Caract\u00e9ristiques Astro Lemonade F1 Royal Queen Seeds :<\/strong><\/h2>\n<ul style=\"list-style-type: disc\">\n<li><strong>Genre :<\/strong> F\u00e9minis\u00e9e <\/li>\n<li><strong>G\u00e9notype :<\/strong> Hybride F1 Indica \/ Sativa<\/li>\n<li><strong>G\u00e9n\u00e9tique :<\/strong> Jungle Spice x Gorilla Diesel<\/li>\n<li><strong>Jours :<\/strong> 49-63<\/li>\n<\/ul>\n<p><\/p>\n<div style=\"text-align: justify\"><em><strong>ATTENTION :<\/strong> Les graines de chanvre sont exclues de la notion l\u00e9gale de Cannabis, ce qui signifie qu&rsquo;elles ne doivent pas \u00eatre consid\u00e9r\u00e9es comme une substance stup\u00e9fiante (L. 412 de 1974, Art. 1, paragraphe 1, lett. B ; Convention unique sur les stup\u00e9fiants de New York de 1961 et tableau II du d\u00e9cret minist\u00e9riel 27\/7\/1992). En Italie, la culture du chanvre est interdite (articles 28 et 73 du d\u00e9cret pr\u00e9sidentiel 309\/90), sauf autorisation sp\u00e9ciale (article 17 du d\u00e9cret pr\u00e9sidentiel 309\/90). En l&rsquo;absence d&rsquo;autorisation, les semences ne peuvent \u00eatre utilis\u00e9es qu&rsquo;\u00e0 d&rsquo;autres fins (zootechniques, de collection, etc.). Les semences sont vendues sous r\u00e9serve qu&rsquo;elles ne soient pas utilis\u00e9es par des tiers en contradiction avec la loi.<\/em><\/div>\n<\/div>\n","protected":false},"excerpt":{"rendered":"<p>Issu de l&rsquo;union de Jungle Spice et Gorilla Diesel, ce croisement F1 combine l&rsquo;innovation de la g\u00e9n\u00e9tique moderne avec un<\/p>\n","protected":false},"featured_media":244459,"comment_status":"open","ping_status":"closed","template":"","meta":[],"product_brand":[],"product_cat":[7951],"product_tag":[],"class_list":{"0":"post-244464","1":"product","2":"type-product","3":"status-publish","4":"has-post-thumbnail","6":"product_cat-magasin-de-graines","8":"first","9":"outofstock","10":"taxable","11":"shipping-taxable","12":"product-type-variable"},"aioseo_notices":[],"_links":{"self":[{"href":"https:\/\/www.budream.com\/fr\/wp-json\/wp\/v2\/product\/244464","targetHints":{"allow":["GET"]}}],"collection":[{"href":"https:\/\/www.budream.com\/fr\/wp-json\/wp\/v2\/product"}],"about":[{"href":"https:\/\/www.budream.com\/fr\/wp-json\/wp\/v2\/types\/product"}],"replies":[{"embeddable":true,"href":"https:\/\/www.budream.com\/fr\/wp-json\/wp\/v2\/comments?post=244464"}],"version-history":[{"count":0,"href":"https:\/\/www.budream.com\/fr\/wp-json\/wp\/v2\/product\/244464\/revisions"}],"wp:featuredmedia":[{"embeddable":true,"href":"https:\/\/www.budream.com\/fr\/wp-json\/wp\/v2\/media\/244459"}],"wp:attachment":[{"href":"https:\/\/www.budream.com\/fr\/wp-json\/wp\/v2\/media?parent=244464"}],"wp:term":[{"taxonomy":"product_brand","embeddable":true,"href":"https:\/\/www.budream.com\/fr\/wp-json\/wp\/v2\/product_brand?post=244464"},{"taxonomy":"product_cat","embeddable":true,"href":"https:\/\/www.budream.com\/fr\/wp-json\/wp\/v2\/product_cat?post=244464"},{"taxonomy":"product_tag","embeddable":true,"href":"https:\/\/www.budream.com\/fr\/wp-json\/wp\/v2\/product_tag?post=244464"}],"curies":[{"name":"wp","href":"https:\/\/api.w.org\/{rel}","templated":true}]}}