{"id":245066,"date":"2025-12-11T15:10:44","date_gmt":"2025-12-11T13:10:44","guid":{"rendered":"https:\/\/www.budream.com\/shop\/green-house-seed-co-arjans-haze-3-fem-5-graines\/"},"modified":"2025-12-11T15:10:55","modified_gmt":"2025-12-11T13:10:55","slug":"green-house-seed-co-arjans-haze-3-fem-5-graines","status":"publish","type":"product","link":"https:\/\/www.budream.com\/fr\/shop\/green-house-seed-co-arjans-haze-3-fem-5-graines\/","title":{"rendered":"GREEN HOUSE SEED CO. &#8211; ARJAN&rsquo;S HAZE 3 FEM | 5 GRAINES"},"content":{"rendered":"<p>Arjan&rsquo;s Haze 3 est un hybride \u00e0 dominante Sativa cr\u00e9\u00e9 par Greenhouse Seeds, une entreprise de renomm\u00e9e mondiale. Lors d&rsquo;une de leurs exp\u00e9ditions de chasse aux vari\u00e9t\u00e9s, leur \u00e9quipe a mis la main sur un \u00e9cotype Sativa du Laos, qu&rsquo;ils ont ensuite crois\u00e9 avec une Haze pour cr\u00e9er l&rsquo;Arjan&rsquo;s Haze 3.<\/p>\n<h2><strong>Caract\u00e9ristiques Arjan&rsquo;s Haze 3 Fem<\/strong><\/h2>\n<ul style=\"list-style-type: disc\">\n<li><strong>Genre :<\/strong> F\u00e9minis\u00e9e<\/li>\n<li><strong>G\u00e9notype :<\/strong> Hybride 30% Indica 70% Sativa<\/li>\n<li><strong>G\u00e9n\u00e9tique<\/strong>: Haze x Laos<\/li>\n<li><strong>Jours :<\/strong> 70-77<\/li>\n<\/ul>\n<p><span style=\"font-size: 11pt\"><em><strong>ATTENTION :<\/strong> Les graines de chanvre sont exclues de la notion l\u00e9gale de Cannabis, ce qui signifie qu&rsquo;elles ne doivent pas \u00eatre consid\u00e9r\u00e9es comme une substance stup\u00e9fiante (L. 412 de 1974, Art. 1, paragraphe 1, lettre B ; Convention unique sur les stup\u00e9fiants de New York de 1961 et tableau II du d\u00e9cret minist\u00e9riel 27\/7\/1992). En Italie, la culture du chanvre est interdite (articles 28 et 73 du d\u00e9cret pr\u00e9sidentiel 309\/90), sauf autorisation sp\u00e9ciale (article 17 du d\u00e9cret pr\u00e9sidentiel 309\/90). En l&rsquo;absence d&rsquo;autorisation, les semences ne peuvent \u00eatre utilis\u00e9es qu&rsquo;\u00e0 d&rsquo;autres fins (zootechniques, de collection, etc.). Les semences sont vendues sous r\u00e9serve qu&rsquo;elles ne soient pas utilis\u00e9es par des tiers en contradiction avec la loi.<\/em><\/span><\/p>\n","protected":false},"excerpt":{"rendered":"<p>Arjan&rsquo;s Haze 3 est un hybride \u00e0 dominante Sativa cr\u00e9\u00e9 par Greenhouse Seeds, une entreprise de renomm\u00e9e mondiale. Lors d&rsquo;une<\/p>\n","protected":false},"featured_media":214764,"comment_status":"open","ping_status":"closed","template":"","meta":[],"product_brand":[],"product_cat":[7951],"product_tag":[],"class_list":{"0":"post-245066","1":"product","2":"type-product","3":"status-publish","4":"has-post-thumbnail","6":"product_cat-magasin-de-graines","8":"first","9":"outofstock","10":"taxable","11":"shipping-taxable","12":"purchasable","13":"product-type-simple"},"aioseo_notices":[],"_links":{"self":[{"href":"https:\/\/www.budream.com\/fr\/wp-json\/wp\/v2\/product\/245066","targetHints":{"allow":["GET"]}}],"collection":[{"href":"https:\/\/www.budream.com\/fr\/wp-json\/wp\/v2\/product"}],"about":[{"href":"https:\/\/www.budream.com\/fr\/wp-json\/wp\/v2\/types\/product"}],"replies":[{"embeddable":true,"href":"https:\/\/www.budream.com\/fr\/wp-json\/wp\/v2\/comments?post=245066"}],"version-history":[{"count":0,"href":"https:\/\/www.budream.com\/fr\/wp-json\/wp\/v2\/product\/245066\/revisions"}],"wp:featuredmedia":[{"embeddable":true,"href":"https:\/\/www.budream.com\/fr\/wp-json\/wp\/v2\/media\/214764"}],"wp:attachment":[{"href":"https:\/\/www.budream.com\/fr\/wp-json\/wp\/v2\/media?parent=245066"}],"wp:term":[{"taxonomy":"product_brand","embeddable":true,"href":"https:\/\/www.budream.com\/fr\/wp-json\/wp\/v2\/product_brand?post=245066"},{"taxonomy":"product_cat","embeddable":true,"href":"https:\/\/www.budream.com\/fr\/wp-json\/wp\/v2\/product_cat?post=245066"},{"taxonomy":"product_tag","embeddable":true,"href":"https:\/\/www.budream.com\/fr\/wp-json\/wp\/v2\/product_tag?post=245066"}],"curies":[{"name":"wp","href":"https:\/\/api.w.org\/{rel}","templated":true}]}}