{"id":246316,"date":"2025-12-23T14:18:51","date_gmt":"2025-12-23T12:18:51","guid":{"rendered":"https:\/\/www.budream.com\/shop\/addipure-p-e-o-tuyau-dextraction-diam-50mm-60gr-avec-hauteur-reglable\/"},"modified":"2026-04-17T11:11:58","modified_gmt":"2026-04-17T09:11:58","slug":"addipure-p-e-o-tuyau-dextraction-diam-50mm-60gr-avec-hauteur-reglable","status":"publish","type":"product","link":"https:\/\/www.budream.com\/fr\/shop\/addipure-p-e-o-tuyau-dextraction-diam-50mm-60gr-avec-hauteur-reglable\/","title":{"rendered":"ADDIPURE &#8211; P.E.O | TUYAU D&rsquo;EXTRACTION DIAM. 50mm 60gr. AVEC HAUTEUR R\u00c9GLABLE"},"content":{"rendered":"<p>Le concept modulaire, le design \u00e9l\u00e9gant avec des mat\u00e9riaux de haute qualit\u00e9 et la facilit\u00e9 d&rsquo;entretien, combin\u00e9s \u00e0 la long\u00e9vit\u00e9, font des extracteurs ADDIPURE P.E.O<strong>(Pure Essential Oil<\/strong>) les meilleurs extracteurs sur le march\u00e9 et \u00e9tablissent de nouvelles <strong>normes<\/strong> dans l&rsquo;extraction des gaz.<\/p>\n<h2><span style=\"text-decoration: underline\">Qualit\u00e9 des extracteurs ADDIPURE P.E.O.<\/span><\/h2>\n<p>Les extracteurs ADDIPURE sont fabriqu\u00e9s en aluminium de qualit\u00e9 alimentaire avec une surface anodis\u00e9e. La couche incolore d&rsquo;<strong>aluminium anodis\u00e9<\/strong> augmente la duret\u00e9 de la surface et r\u00e9duit les coefficients de friction lors de vos extractions.<\/p>\n<p>Tous les composants sont filet\u00e9s individuellement et amovibles. Cela simplifie le remplissage, l&rsquo;entretien et le stockage ; <br \/>\u00e0 la fin du travail, tous les extracteurs ADDIPURE P.E.O. peuvent \u00eatre enti\u00e8rement d\u00e9mont\u00e9s pour un nettoyage facile.<\/p>\n<p><strong>ADDIPURE P.E.O. est parfaitement adapt\u00e9 aux extractions avec les gaz ADDIPURE N-Butane ou DME.<\/strong><\/p>\n<p>Ces extractions peuvent \u00eatre r\u00e9alis\u00e9es avec des feuilles d\u00e9chiquet\u00e9es, des inflorescences, des restes d&rsquo;\u00e9lagage et des rognures.<\/p>\n<p><strong>Le tr\u00e9pied r\u00e9glable en hauteur ADDIPURE rend les op\u00e9rations d&rsquo;extraction plus stables et permet d&rsquo;ajuster la hauteur du tube en fonction de vos besoins.<\/p>\n<p><\/strong><\/p>\n<h2><span style=\"text-decoration: underline\">Syst\u00e8me de filtration innovant :<\/span><\/h2>\n<p>Le tout nouveau syst\u00e8me de filtration \u00e0 3 couches offre la <strong>plus grande puret\u00e9<\/strong>: le filtre d&rsquo;extraction ADQ blanc brevet\u00e9 est pris en sandwich entre 2 filtres en acier inoxydable : une premi\u00e8re maille large (400&micro;) et une seconde maille plus fine (50&micro;). <br \/>Ce syst\u00e8me permet d&rsquo;obtenir un r\u00e9sultat filtr\u00e9 \u00e0 plusieurs reprises, limpide et exempt d&rsquo;impuret\u00e9s.<\/p>\n<p> Les filtres en acier inoxydable sont r\u00e9utilisables plusieurs fois. Le filtre d&rsquo;extraction ADQ blanc doit \u00eatre remplac\u00e9 apr\u00e8s 1 \u00e0 2 extractions.<\/p>\n<h2><span style=\"text-decoration: underline\">Caract\u00e9ristiques ADDIPURE P.E.O 50mm extracteur :<\/span><\/h2>\n<ul style=\"list-style-type: disc\">\n<li>Tube d&rsquo;extraction en acier inoxydable ;<\/li>\n<li>Capacit\u00e9 : 60 grammes ;<\/li>\n<li>Diam\u00e8tre : 50 mm ;<\/li>\n<li>Longueur : 135 mm ;<\/li>\n<li>1x syst\u00e8me de filtration \u00e0 3 \u00e9tages diam. 50mm inclus ;<\/li>\n<li>5x filtres d&rsquo;extraction blancs ADQ diam. 50mm inclus ;<\/li>\n<li>Garantie de qualit\u00e9 ADDITEQ de 2 ans.<\/li>\n<li>Tr\u00e9pied avec r\u00e9glage de la hauteur inclus ;<\/li>\n<\/ul>\n","protected":false},"excerpt":{"rendered":"<p>Le concept modulaire, le design \u00e9l\u00e9gant avec des mat\u00e9riaux de haute qualit\u00e9 et la facilit\u00e9 d&rsquo;entretien, combin\u00e9s \u00e0 la long\u00e9vit\u00e9,<\/p>\n","protected":false},"featured_media":168528,"comment_status":"open","ping_status":"closed","template":"","meta":[],"product_brand":[],"product_cat":[7949],"product_tag":[],"class_list":{"0":"post-246316","1":"product","2":"type-product","3":"status-publish","4":"has-post-thumbnail","6":"product_cat-headshop-fr","8":"first","9":"instock","10":"taxable","11":"shipping-taxable","12":"purchasable","13":"product-type-simple"},"aioseo_notices":[],"_links":{"self":[{"href":"https:\/\/www.budream.com\/fr\/wp-json\/wp\/v2\/product\/246316","targetHints":{"allow":["GET"]}}],"collection":[{"href":"https:\/\/www.budream.com\/fr\/wp-json\/wp\/v2\/product"}],"about":[{"href":"https:\/\/www.budream.com\/fr\/wp-json\/wp\/v2\/types\/product"}],"replies":[{"embeddable":true,"href":"https:\/\/www.budream.com\/fr\/wp-json\/wp\/v2\/comments?post=246316"}],"version-history":[{"count":1,"href":"https:\/\/www.budream.com\/fr\/wp-json\/wp\/v2\/product\/246316\/revisions"}],"predecessor-version":[{"id":263282,"href":"https:\/\/www.budream.com\/fr\/wp-json\/wp\/v2\/product\/246316\/revisions\/263282"}],"wp:featuredmedia":[{"embeddable":true,"href":"https:\/\/www.budream.com\/fr\/wp-json\/wp\/v2\/media\/168528"}],"wp:attachment":[{"href":"https:\/\/www.budream.com\/fr\/wp-json\/wp\/v2\/media?parent=246316"}],"wp:term":[{"taxonomy":"product_brand","embeddable":true,"href":"https:\/\/www.budream.com\/fr\/wp-json\/wp\/v2\/product_brand?post=246316"},{"taxonomy":"product_cat","embeddable":true,"href":"https:\/\/www.budream.com\/fr\/wp-json\/wp\/v2\/product_cat?post=246316"},{"taxonomy":"product_tag","embeddable":true,"href":"https:\/\/www.budream.com\/fr\/wp-json\/wp\/v2\/product_tag?post=246316"}],"curies":[{"name":"wp","href":"https:\/\/api.w.org\/{rel}","templated":true}]}}